{"id":2715,"date":"2025-05-15T11:21:57","date_gmt":"2025-05-15T10:21:57","guid":{"rendered":"https:\/\/descregut.com\/qui-som-celler-ecologic-penedes\/"},"modified":"2026-02-27T18:15:16","modified_gmt":"2026-02-27T17:15:16","slug":"qui-som-celler-ecologic-penedes","status":"publish","type":"page","link":"https:\/\/descregut.com\/en\/qui-som-celler-ecologic-penedes\/","title":{"rendered":"About us"},"content":{"rendered":"<p>[et_pb_section fb_built=&#8221;1&#8243; module_class=&#8221;divider-crema-bottom&#8221; _builder_version=&#8221;4.27.4&#8243; _module_preset=&#8221;default&#8221; background_image=&#8221;https:\/\/descregut.com\/wp-content\/uploads\/2025\/05\/collint-raims-a-ma.jpg&#8221; parallax=&#8221;on&#8221; parallax_method=&#8221;off&#8221; min_height=&#8221;75vh&#8221; bottom_divider_style=&#8221;wave2&#8243; bottom_divider_color=&#8221;#F7EDDE&#8221; hover_enabled=&#8221;0&#8243; global_colors_info=&#8221;{}&#8221; sticky_enabled=&#8221;0&#8243;][\/et_pb_section][et_pb_section fb_built=&#8221;1&#8243; _builder_version=&#8221;4.27.4&#8243; _module_preset=&#8221;default&#8221; global_colors_info=&#8221;{}&#8221;][et_pb_row column_structure=&#8221;1_2,1_2&#8243; make_equal=&#8221;on&#8221; _builder_version=&#8221;4.27.4&#8243; _module_preset=&#8221;default&#8221; custom_css_main_element=&#8221;align-items:center;&#8221; global_colors_info=&#8221;{}&#8221;][et_pb_column type=&#8221;1_2&#8243; _builder_version=&#8221;4.27.4&#8243; _module_preset=&#8221;default&#8221; global_colors_info=&#8221;{}&#8221;][et_pb_cta _builder_version=&#8221;4.27.5&#8243; _module_preset=&#8221;default&#8221; background_color=&#8221;RGBA(255,255,255,0)&#8221; animation_style=&#8221;slide&#8221; animation_direction=&#8221;left&#8221;]<\/p>\n<h1>CAN DESCREGUT<\/h1>\n<h2>We are a family-run organic winery located at the Can Descregut farmhouse.<\/h2>\n<p>Can Descregut is the wine project of Arantxa De Cara and Marc Mil\u00e0, and also the name of the farmhouse where we live and make our wines, located in Vilob\u00ed del Pened\u00e8s. It is a personal and family initiative born out of a constant drive to produce wines with identity, honesty, and a deep connection to the land. <\/p>\n<p>We are committed to minimal-intervention practices, producing high-quality still and sparkling wines under the collective Corpinnat brand. We work exclusively with grapes from our own 20 hectares of organically farmed vineyards.<\/p>\n<p>We do not purchase either wine or grapes.<\/p>\n<p>[\/et_pb_cta][\/et_pb_column][et_pb_column type=&#8221;1_2&#8243; _builder_version=&#8221;4.27.4&#8243; _module_preset=&#8221;default&#8221; global_colors_info=&#8221;{}&#8221;][dipi_image_gallery thumbs_space_between=&#8221;5&#8243; thumbs_navigation_size=&#8221;46&#8243; thumbs_navigation_padding=&#8221;45&#8243; enable_popup=&#8221;on&#8221; main_autoplay=&#8221;on&#8221; pause_on_hover=&#8221;on&#8221; _builder_version=&#8221;4.27.5&#8243; _module_preset=&#8221;default&#8221; width=&#8221;100%&#8221; custom_margin=&#8221;-1px||3px|||&#8221; custom_padding=&#8221;|0px|45px|||&#8221; animation_style=&#8221;slide&#8221; animation_direction=&#8221;right&#8221; animation_starting_opacity=&#8221;43%&#8221; global_colors_info=&#8221;{}&#8221;][dipi_image_gallery_child item_image=&#8221;https:\/\/descregut.com\/wp-content\/uploads\/2026\/01\/IMG-20190924-WA0010-1.jpg&#8221; _builder_version=&#8221;4.27.4&#8243; _module_preset=&#8221;default&#8221; global_colors_info=&#8221;{}&#8221;][\/dipi_image_gallery_child][dipi_image_gallery_child item_image=&#8221;https:\/\/descregut.com\/wp-content\/uploads\/2026\/01\/IMG_20180917_192040_HDR.jpg&#8221; _builder_version=&#8221;4.27.4&#8243; _module_preset=&#8221;default&#8221; global_colors_info=&#8221;{}&#8221;][\/dipi_image_gallery_child][dipi_image_gallery_child item_image=&#8221;https:\/\/descregut.com\/wp-content\/uploads\/2026\/01\/IMG_20250908_141231.jpg&#8221; _builder_version=&#8221;4.27.4&#8243; _module_preset=&#8221;default&#8221; global_colors_info=&#8221;{}&#8221;][\/dipi_image_gallery_child][dipi_image_gallery_child item_image=&#8221;https:\/\/descregut.com\/wp-content\/uploads\/2026\/01\/IMG_20211112_130911-1.jpg&#8221; _builder_version=&#8221;4.27.4&#8243; _module_preset=&#8221;default&#8221; global_colors_info=&#8221;{}&#8221;][\/dipi_image_gallery_child][dipi_image_gallery_child item_image=&#8221;https:\/\/descregut.com\/wp-content\/uploads\/2026\/01\/IMG-20190927-WA0004.jpg&#8221; _builder_version=&#8221;4.27.4&#8243; _module_preset=&#8221;default&#8221; global_colors_info=&#8221;{}&#8221;][\/dipi_image_gallery_child][dipi_image_gallery_child item_image=&#8221;https:\/\/descregut.com\/wp-content\/uploads\/2026\/01\/IMG_20220402_194313.jpg&#8221; _builder_version=&#8221;4.27.4&#8243; _module_preset=&#8221;default&#8221; global_colors_info=&#8221;{}&#8221;][\/dipi_image_gallery_child][dipi_image_gallery_child item_image=&#8221;https:\/\/descregut.com\/wp-content\/uploads\/2026\/01\/IMG_20190915_120248-2.jpg&#8221; _builder_version=&#8221;4.27.4&#8243; _module_preset=&#8221;default&#8221; global_colors_info=&#8221;{}&#8221;][\/dipi_image_gallery_child][dipi_image_gallery_child item_image=&#8221;https:\/\/descregut.com\/wp-content\/uploads\/2026\/01\/IMG_20211115_120434.jpg&#8221; _builder_version=&#8221;4.27.4&#8243; _module_preset=&#8221;default&#8221; global_colors_info=&#8221;{}&#8221;][\/dipi_image_gallery_child][dipi_image_gallery_child item_image=&#8221;https:\/\/descregut.com\/wp-content\/uploads\/2026\/01\/IMG_20210906_153841.jpg&#8221; _builder_version=&#8221;4.27.4&#8243; _module_preset=&#8221;default&#8221; global_colors_info=&#8221;{}&#8221;][\/dipi_image_gallery_child][dipi_image_gallery_child item_image=&#8221;https:\/\/descregut.com\/wp-content\/uploads\/2026\/01\/WhatsApp-Image-2026-01-14-at-19.54.51.jpeg&#8221; _builder_version=&#8221;4.27.4&#8243; _module_preset=&#8221;default&#8221; global_colors_info=&#8221;{}&#8221;][\/dipi_image_gallery_child][dipi_image_gallery_child item_image=&#8221;https:\/\/descregut.com\/wp-content\/uploads\/2026\/01\/IMG_20230908_133915-2.jpg&#8221; _builder_version=&#8221;4.27.4&#8243; _module_preset=&#8221;default&#8221; global_colors_info=&#8221;{}&#8221;][\/dipi_image_gallery_child][dipi_image_gallery_child item_image=&#8221;https:\/\/descregut.com\/wp-content\/uploads\/2026\/01\/WhatsApp-Image-2026-01-14-at-20.20.29.jpeg&#8221; main_bg_placement=&#8221;top center&#8221; _builder_version=&#8221;4.27.4&#8243; _module_preset=&#8221;default&#8221; global_colors_info=&#8221;{}&#8221;][\/dipi_image_gallery_child][dipi_image_gallery_child item_image=&#8221;https:\/\/descregut.com\/wp-content\/uploads\/2026\/01\/WhatsApp-Image-2026-01-14-at-20.07.54.jpeg&#8221; _builder_version=&#8221;4.27.4&#8243; _module_preset=&#8221;default&#8221; global_colors_info=&#8221;{}&#8221;][\/dipi_image_gallery_child][dipi_image_gallery_child item_image=&#8221;https:\/\/descregut.com\/wp-content\/uploads\/2026\/01\/WhatsApp-Image-2026-01-14-at-20.12.00.jpeg&#8221; _builder_version=&#8221;4.27.4&#8243; _module_preset=&#8221;default&#8221; global_colors_info=&#8221;{}&#8221;][\/dipi_image_gallery_child][\/dipi_image_gallery][\/et_pb_column][\/et_pb_row][et_pb_row column_structure=&#8221;1_2,1_2&#8243; _builder_version=&#8221;4.27.5&#8243; _module_preset=&#8221;default&#8221; global_colors_info=&#8221;{}&#8221;][et_pb_column type=&#8221;1_2&#8243; _builder_version=&#8221;4.27.5&#8243; _module_preset=&#8221;default&#8221; global_colors_info=&#8221;{}&#8221;][et_pb_cta title=&#8221;Our story&#8221; button_text=&#8221;Click Here&#8221; _builder_version=&#8221;4.27.5&#8243; _module_preset=&#8221;default&#8221; animation_style=&#8221;slide&#8221; animation_direction=&#8221;left&#8221;]<\/p>\n<h3><\/h3>\n<p><strong>Joaquim de Cara<\/strong> purchased the Can Descregut farmhouse in 1981, a mid-19th-century country house. From 1986 onwards, the tradition of winemaking at the farmhouse was revived, and a new winery was built to produce base wines for sparkling wines, which were sold to cava producers in the region. In those early years, the first bottles of sparkling wine began to reach the market, sold mainly on the local market.  <\/p>\n<h3>In 2004, <strong>Arantxa De Cara<\/strong>, Joaquim\u2019s daughter, took a step forward after completing her oenology studies at the University of Tarragona and began producing wines at the winery under the Descregut label.<\/h3>\n<p>From 2005 onwards, together with her father-in-law <strong>Joan Mil\u00e0<\/strong> (a renowned oenologist and professor of Viticulture and Oenology in Espiells), they began producing long-aged wines and released their first wine made 100% from Xarel\u00b7lo Vermell.<\/p>\n<p>In 2008, the conversion to organic farming began.<\/p>\n<h3><strong>Marc Mil\u00e0<\/strong>, Arantxa\u2019s partner, joined the project in 2010. Although his professional background comes from a different field, he has a deep family connection to the wine sector, having worked from a very young age in all aspects of vineyard and winery work. <\/h3>\n<p>&nbsp;<\/p>\n<p>[\/et_pb_cta][\/et_pb_column][et_pb_column type=&#8221;1_2&#8243; _builder_version=&#8221;4.27.5&#8243; _module_preset=&#8221;default&#8221; global_colors_info=&#8221;{}&#8221;][et_pb_cta button_text=&#8221;Click Here&#8221; _builder_version=&#8221;4.27.5&#8243; _module_preset=&#8221;default&#8221; min_height=&#8221;520.8px&#8221; animation_style=&#8221;slide&#8221; animation_direction=&#8221;left&#8221;]<\/p>\n<h3><\/h3>\n<h2><\/h2>\n<p>In 2011, Arantxa received the <strong>AEC award as a \u201cYoung Talent in Oenology.\u201d<\/strong><\/p>\n<p>The first vineyard of <strong>Sumoll Negre<\/strong>, recovered from Rodony\u00e0, was planted, and the area of Xarel\u00b7lo Vermell was expanded.<\/p>\n<h3>2012 marked the start of vinification with native yeasts and an increased focus on reducing SO2 levels. In the vineyards, the first experiments with spontaneous ground cover were implemented, along with the introduction of biodynamic preparations. <\/h3>\n<p>In 2014, exports to various countries began.<\/p>\n<p>In 2015, we began working with ceramic amphorae and started disgorging without freezing.<\/p>\n<p>In 2019, the first skin-contact wines (orange wines) were produced, influenced by a trip to Northeastern Italy and Slovenia.<\/p>\n<h3>In 2020, Can Descregut joined <strong>Corpinnat.<\/strong><\/h3>\n<p>In 2021, the winery began carrying out 100% of the tiratges using Rectified Concentrated Grape Must (RCGM) instead of cane or beet sugar to achieve the second fermentation<\/p>\n<p>In 2022, the <strong>U.S. magazine Forbes <\/strong>recognized Descregut sparkling wine as one of Spain\u2019s top 10 sparkling wines to watch, highlighting its outstanding quality-to-price ratio.<\/p>\n<p>That same year, we installed solar panels to reduce electricity consumption at the winery.<\/p>\n<p>&nbsp;<\/p>\n<p>[\/et_pb_cta][\/et_pb_column][\/et_pb_row][\/et_pb_section][et_pb_section fb_built=&#8221;1&#8243; custom_padding_last_edited=&#8221;on|phone&#8221; prev_background_color=&#8221;#ffffff&#8221; module_class=&#8221;divider-crema-top&#8221; _builder_version=&#8221;4.27.5&#8243; _module_preset=&#8221;default&#8221; background_image=&#8221;https:\/\/descregut.com\/wp-content\/uploads\/2025\/05\/cabas-raims-a-ma.jpg&#8221; parallax=&#8221;on&#8221; parallax_method=&#8221;off&#8221; transform_scale=&#8221;104%|104%&#8221; custom_padding=&#8221;60vh||0px||false|false&#8221; custom_padding_tablet=&#8221;30vh||||false|false&#8221; custom_padding_phone=&#8221;10vh||||false|false&#8221; top_divider_style=&#8221;curve&#8221; background_last_edited=&#8221;on|phone&#8221; parallax_tablet=&#8221;off&#8221; background_position_tablet=&#8221;center_right&#8221; locked=&#8221;off&#8221; global_colors_info=&#8221;{}&#8221;][et_pb_row column_structure=&#8221;1_2,1_2&#8243; disabled_on=&#8221;off|off|off&#8221; _builder_version=&#8221;4.27.5&#8243; _module_preset=&#8221;default&#8221; custom_padding=&#8221;||0px||false|false&#8221; animation_style=&#8221;slide&#8221; animation_direction=&#8221;bottom&#8221; animation_starting_opacity=&#8221;100%&#8221; global_colors_info=&#8221;{}&#8221;][et_pb_column type=&#8221;1_2&#8243; _builder_version=&#8221;4.22.1&#8243; _module_preset=&#8221;default&#8221; global_colors_info=&#8221;{}&#8221;][et_pb_cta button_url=&#8221;https:\/\/descregut.com\/en\/viticultura-ecologica\/&#8221; button_text=&#8221;Explore the world of organic viticulture&#8221; disabled_on=&#8221;on|off|off&#8221; _builder_version=&#8221;4.27.5&#8243; _module_preset=&#8221;08c17348-33f0-49ac-a38e-a8edd78ee585&#8243; custom_button=&#8221;on&#8221; button_text_color=&#8221;#493C38&#8243; button_bg_color=&#8221;#FDF9F4&#8243;]<\/p>\n<h1>CORPINNAT<\/h1>\n<h2>Produced in the heart of the Pened\u00e8s, our sparkling wines capture the essence of the region.<\/h2>\n<p>The Corpinnat seal guarantees quality, high standards, and meticulous care.<\/p>\n<p>[\/et_pb_cta][\/et_pb_column][et_pb_column type=&#8221;1_2&#8243; _builder_version=&#8221;4.22.1&#8243; _module_preset=&#8221;default&#8221; global_colors_info=&#8221;{}&#8221;][\/et_pb_column][\/et_pb_row][\/et_pb_section][et_pb_section fb_built=&#8221;1&#8243; _builder_version=&#8221;4.27.5&#8243; _module_preset=&#8221;default&#8221; background_color=&#8221;#493C38&#8243; bottom_divider_style=&#8221;wave&#8221; bottom_divider_color=&#8221;#ffffff&#8221; locked=&#8221;off&#8221; global_colors_info=&#8221;{}&#8221;][et_pb_row _builder_version=&#8221;4.27.4&#8243; _module_preset=&#8221;default&#8221; animation_style=&#8221;slide&#8221; animation_direction=&#8221;right&#8221; global_colors_info=&#8221;{}&#8221;][et_pb_column type=&#8221;4_4&#8243; _builder_version=&#8221;4.22.1&#8243; _module_preset=&#8221;default&#8221; global_colors_info=&#8221;{}&#8221;][et_pb_text _builder_version=&#8221;4.27.5&#8243; _module_preset=&#8221;default&#8221; background_layout=&#8221;dark&#8221; global_colors_info=&#8221;{}&#8221;]<\/p>\n<h3>Committed to the land, we produce organic wines that respect the natural balance of our environment.<\/h3>\n<p>[\/et_pb_text][\/et_pb_column][\/et_pb_row][\/et_pb_section][et_pb_section fb_built=&#8221;1&#8243; _builder_version=&#8221;4.27.5&#8243; _module_preset=&#8221;default&#8221; top_divider_height=&#8221;120px&#8221; top_divider_repeat=&#8221;12x&#8221; global_colors_info=&#8221;{}&#8221;][et_pb_row column_structure=&#8221;1_2,1_2&#8243; make_equal=&#8221;on&#8221; _builder_version=&#8221;4.27.4&#8243; _module_preset=&#8221;default&#8221; custom_css_main_element=&#8221;align-items:center;&#8221; global_colors_info=&#8221;{}&#8221;][et_pb_column type=&#8221;1_2&#8243; _builder_version=&#8221;4.27.4&#8243; _module_preset=&#8221;default&#8221; global_colors_info=&#8221;{}&#8221;][et_pb_cta title=&#8221;From Pened\u00e8s.&#8221; button_text=&#8221;Click Here&#8221; _builder_version=&#8221;4.27.5&#8243; _module_preset=&#8221;default&#8221; animation_style=&#8221;slide&#8221; animation_direction=&#8221;left&#8221;]<\/p>\n<h3>We work with the traditional Pened\u00e8s grape varieties that are best adapted to our climate.<\/h3>\n<p>We produce wines following minimal intervention principles to express the typicity of the Pened\u00e8s and the character of the soils in Vilob\u00ed, rich in gypsum, which impart minerality and identity to our wines. Our wines reflect who we are and our territory, with carefully managed production \u2014 we never buy wine. <\/p>\n<p>[\/et_pb_cta][et_pb_cta title=&#8221;CURIOUS&#8221; button_text=&#8221;Click Here&#8221; _builder_version=&#8221;4.27.5&#8243; _module_preset=&#8221;default&#8221; custom_margin=&#8221;|0px|4px||false|false&#8221;]<\/p>\n<h3>We work with a sense of restlessness, curiosity, and respect for our environment, exploring the paths of the most sincere winemaking. Every wine is the result of observation and experimentation. <\/h3>\n<p><span>We are personally involved in every step of the process, from vine to bottle.  <\/span>At Can Descregut, we don\u2019t buy wine or grapes: all our wines are made exclusively in our winery from grapes grown in our own vineyards.<\/p>\n<p><span>We are directly involved in every stage of our work, from winter pruning and year-round vineyard maintenance to the harvest and winemaking. We even personally design our labels, ensuring each wine is a long, coherent project with a  <\/span>clear purpose\u2014from the vineyard to the bottle<\/p>\n<p>[\/et_pb_cta][et_pb_blurb title=&#8221;Pioneers in vinifying Xarel\u00b7lo Vermell.&#8221; image=&#8221;https:\/\/descregut.com\/wp-content\/uploads\/2025\/02\/red-xarel.lo_.jpg&#8221; image_icon_width=&#8221;74%&#8221; _builder_version=&#8221;4.27.5&#8243; _module_preset=&#8221;default&#8221; global_colors_info=&#8221;{}&#8221;]<\/p>\n<p>Driven by this curiosity, in 2005 we became the first winery to release a wine made 100% from the little-known Xarel\u00b7lo Vermell grape. In this regard, Arantxa completed her final enology degree project focused on studying this variety. This wine is the Vermell, which we have been producing for 20 years  <\/p>\n<p>[\/et_pb_blurb][\/et_pb_column][et_pb_column type=&#8221;1_2&#8243; _builder_version=&#8221;4.27.4&#8243; _module_preset=&#8221;default&#8221; global_colors_info=&#8221;{}&#8221;][et_pb_blurb title=&#8221;OUR LOGO: MR. DESCREGUT&#8221; image=&#8221;https:\/\/descregut.com\/wp-content\/uploads\/2025\/05\/Disseny-sense-titol-1.png&#8221; image_icon_width=&#8221;83%&#8221; content_max_width=&#8221;397px&#8221; _builder_version=&#8221;4.27.5&#8243; _module_preset=&#8221;default&#8221; header_level=&#8221;h5&#8243; header_text_align=&#8221;center&#8221; body_font=&#8221;||||||||&#8221; body_text_align=&#8221;center&#8221; background_color=&#8221;#EAEAEA&#8221; width=&#8221;96%&#8221; max_width=&#8221;99%&#8221; module_alignment=&#8221;center&#8221; custom_margin=&#8221;0px|0px||24px|false|false&#8221; custom_padding=&#8221;26px|0px|24px|0px|false|false&#8221; animation_style=&#8221;bounce&#8221; animation_direction=&#8221;right&#8221; animation_duration=&#8221;1700ms&#8221; border_radii=&#8221;on|38px|38px|38px|38px&#8221; border_radii_image=&#8221;on|300px|300px|300px|300px&#8221; global_colors_info=&#8221;{}&#8221;]<\/p>\n<p data-start=\"171\" data-end=\"431\">The name Can Descregut comes from an old nickname, like many other house names in the Catalan rural world. Traditionally, houses were not so much identified by the official family surname, but by the <strong data-start=\"181\" data-end=\"198\">nickname by which the family or one of its members was known.<\/strong> <\/p>\n<p data-start=\"433\" data-end=\"769\">In this case, <em data-start=\"448\" data-end=\"462\">\u2018Descregut\u2019<\/em> referred to a person with an <strong data-start=\"493\" data-end=\"573\">independent character, someone unlikely to accept things without verifying them<\/strong>, with a critical spirit and a way of doing things all their own. Over time, this nickname came to give its name to the house, which became known as <strong data-start=\"716\" data-end=\"733\">Can Descregut<\/strong> \u2014 that is, <em data-start=\"745\" data-end=\"768\">\u2018the house of Descregut.\u2019<\/em> <\/p>\n<p data-start=\"771\" data-end=\"933\">As often happens, the exact origin of the nickname has been lost over time, but the name has survived through generations, becoming part of the identity of the place.<\/p>\n<p>[\/et_pb_blurb][\/et_pb_column][\/et_pb_row][et_pb_row column_structure=&#8221;1_2,1_2&#8243; make_equal=&#8221;on&#8221; _builder_version=&#8221;4.27.4&#8243; _module_preset=&#8221;default&#8221; custom_css_main_element=&#8221;align-items:center;&#8221; global_colors_info=&#8221;{}&#8221;][et_pb_column type=&#8221;1_2&#8243; _builder_version=&#8221;4.27.4&#8243; _module_preset=&#8221;default&#8221; global_colors_info=&#8221;{}&#8221;][et_pb_cta title=&#8221;ORGANIC&#8221; button_text=&#8221;Click Here&#8221; _builder_version=&#8221;4.27.5&#8243; _module_preset=&#8221;default&#8221; custom_margin=&#8221;|0px|||false|false&#8221;]<\/p>\n<h3>We cultivate each vine with care and respect, without using insecticides or herbicides, always seeking the vineyard\u2019s natural balance and promoting the biodiversity of our surroundings.<\/h3>\n<p>This commitment to the land and to sustainable viticulture is reflected in every harvest. Our wines are certified organic according to European regulations, guaranteeing a responsible, transparent approach aligned with the values that define us as a winery.<\/p>\n<p>[\/et_pb_cta][\/et_pb_column][et_pb_column type=&#8221;1_2&#8243; _builder_version=&#8221;4.27.4&#8243; _module_preset=&#8221;default&#8221; global_colors_info=&#8221;{}&#8221;][et_pb_blurb title=&#8221;Certified organic winery since 2010.&#8221; image=&#8221;https:\/\/descregut.com\/wp-content\/uploads\/2025\/10\/logo-descregut-eco.jpg&#8221; image_icon_width=&#8221;83%&#8221; content_max_width=&#8221;397px&#8221; _builder_version=&#8221;4.27.5&#8243; _module_preset=&#8221;default&#8221; header_level=&#8221;h3&#8243; header_text_align=&#8221;center&#8221; body_font=&#8221;||||||||&#8221; body_text_align=&#8221;center&#8221; background_color=&#8221;#d6f731&#8243; width=&#8221;96%&#8221; max_width=&#8221;99%&#8221; module_alignment=&#8221;center&#8221; custom_margin=&#8221;0px|0px||24px|false|false&#8221; custom_padding=&#8221;26px|0px|24px|0px|false|false&#8221; animation_style=&#8221;bounce&#8221; animation_direction=&#8221;right&#8221; animation_duration=&#8221;1700ms&#8221; border_radii=&#8221;on|38px|38px|38px|38px&#8221; border_color_all=&#8221;#F7EDDE&#8221; global_colors_info=&#8221;{}&#8221;]<\/p>\n<p>The Catalan Council for Organic Production certifies that we are organic operators.<\/p>\n<p>[\/et_pb_blurb][\/et_pb_column][\/et_pb_row][\/et_pb_section][et_pb_section fb_built=&#8221;1&#8243; _builder_version=&#8221;4.27.4&#8243; _module_preset=&#8221;default&#8221; custom_padding=&#8221;0px||0px||false|false&#8221; global_module=&#8221;1771&#8243; saved_tabs=&#8221;all&#8221; global_colors_info=&#8221;{}&#8221;][et_pb_row _builder_version=&#8221;4.27.4&#8243; _module_preset=&#8221;default&#8221; background_color=&#8221;#493C38&#8243; width=&#8221;100%&#8221; max_width=&#8221;100%&#8221; custom_padding=&#8221;0px||0px||false|false&#8221; animation_style=&#8221;slide&#8221; animation_direction=&#8221;bottom&#8221; custom_css_free_form=&#8221;selector {||  display:flex!important;||justify-content: center;||}&#8221; global_colors_info=&#8221;{}&#8221;][et_pb_column type=&#8221;4_4&#8243; _builder_version=&#8221;4.27.4&#8243; _module_preset=&#8221;default&#8221; custom_padding=&#8221;30px||30px||false|false&#8221; custom_css_main_element=&#8221;display:flex;||align-items:center;||justify-content:space-between;||width:80%;||max-width:1280px;&#8221; global_colors_info=&#8221;{}&#8221;][et_pb_text _builder_version=&#8221;4.27.4&#8243; _module_preset=&#8221;default&#8221; background_layout=&#8221;dark&#8221; custom_margin=&#8221;||0px||false|false&#8221; custom_padding=&#8221;||||false|false&#8221; global_colors_info=&#8221;{}&#8221;]<\/p>\n<h2>CONTACT US<\/h2>\n<p>[\/et_pb_text][et_pb_button button_url=&#8221;https:\/\/descregut.com\/en\/contacte-celler\/&#8221; button_text=&#8221;Contact&#8221; button_alignment=&#8221;right&#8221; _builder_version=&#8221;4.27.4&#8243; _module_preset=&#8221;default&#8221; background_layout=&#8221;dark&#8221; global_colors_info=&#8221;{}&#8221;][\/et_pb_button][\/et_pb_column][\/et_pb_row][et_pb_row _builder_version=&#8221;4.27.4&#8243; _module_preset=&#8221;default&#8221; width=&#8221;100%&#8221; max_width=&#8221;100%&#8221; custom_margin=&#8221;||-5px||false|false&#8221; custom_padding=&#8221;0px||0px||false|false&#8221; animation_style=&#8221;slide&#8221; animation_direction=&#8221;bottom&#8221; global_colors_info=&#8221;{}&#8221;][et_pb_column type=&#8221;4_4&#8243; _builder_version=&#8221;4.27.4&#8243; _module_preset=&#8221;default&#8221; global_colors_info=&#8221;{}&#8221;][et_pb_code _builder_version=&#8221;4.27.4&#8243; _module_preset=&#8221;default&#8221; global_colors_info=&#8221;{}&#8221;]<iframe src=\"https:\/\/www.google.com\/maps\/embed?pb=!1m18!1m12!1m3!1d2993.2176153996834!2d1.6700810766762562!3d41.39108019576516!2m3!1f0!2f0!3f0!3m2!1i1024!2i768!4f13.1!3m3!1m2!1s0x12a4707e67dd69db%3A0x15abf947b61e3892!2sCan%20Descregut!5e0!3m2!1ses!2ses!4v1747304182240!5m2!1ses!2ses\" width=\"100%\" height=\"400\" style=\"border:0;\" allowfullscreen=\"\" loading=\"lazy\" referrerpolicy=\"no-referrer-when-downgrade\"><\/iframe>[\/et_pb_code][\/et_pb_column][\/et_pb_row][\/et_pb_section]<\/p>\n","protected":false},"excerpt":{"rendered":"<p>CAN DESCREGUT We are a family-run organic winery located at the Can Descregut farmhouse. Can Descregut is the wine project of Arantxa De Cara and Marc Mil\u00e0, and also the name of the farmhouse where we live and make our wines, located in Vilob\u00ed del Pened\u00e8s. It is a personal and family initiative born out [&hellip;]<\/p>\n","protected":false},"author":1,"featured_media":0,"parent":0,"menu_order":0,"comment_status":"closed","ping_status":"closed","template":"","meta":{"_acf_changed":false,"_et_pb_use_builder":"on","_et_pb_old_content":"","_et_gb_content_width":"","footnotes":""},"class_list":["post-2715","page","type-page","status-publish","hentry"],"acf":[],"_links":{"self":[{"href":"https:\/\/descregut.com\/en\/wp-json\/wp\/v2\/pages\/2715","targetHints":{"allow":["GET"]}}],"collection":[{"href":"https:\/\/descregut.com\/en\/wp-json\/wp\/v2\/pages"}],"about":[{"href":"https:\/\/descregut.com\/en\/wp-json\/wp\/v2\/types\/page"}],"author":[{"embeddable":true,"href":"https:\/\/descregut.com\/en\/wp-json\/wp\/v2\/users\/1"}],"replies":[{"embeddable":true,"href":"https:\/\/descregut.com\/en\/wp-json\/wp\/v2\/comments?post=2715"}],"version-history":[{"count":9,"href":"https:\/\/descregut.com\/en\/wp-json\/wp\/v2\/pages\/2715\/revisions"}],"predecessor-version":[{"id":2842,"href":"https:\/\/descregut.com\/en\/wp-json\/wp\/v2\/pages\/2715\/revisions\/2842"}],"wp:attachment":[{"href":"https:\/\/descregut.com\/en\/wp-json\/wp\/v2\/media?parent=2715"}],"curies":[{"name":"wp","href":"https:\/\/api.w.org\/{rel}","templated":true}]}}