{"id":2737,"date":"2025-07-24T12:14:28","date_gmt":"2025-07-24T11:14:28","guid":{"rendered":"https:\/\/descregut.com\/vinificacio\/"},"modified":"2026-01-19T18:40:12","modified_gmt":"2026-01-19T17:40:12","slug":"vinificacio","status":"publish","type":"page","link":"https:\/\/descregut.com\/en\/vinificacio\/","title":{"rendered":"Vinification"},"content":{"rendered":"<p>[et_pb_section fb_built=&#8221;1&#8243; module_class=&#8221;divider-crema-bottom&#8221; _builder_version=&#8221;4.27.4&#8243; _module_preset=&#8221;default&#8221; background_color=&#8221;#ffffff&#8221; use_background_color_gradient=&#8221;on&#8221; background_color_gradient_direction=&#8221;1deg&#8221; background_color_gradient_stops=&#8221;rgba(0, 0, 0, 0.17) 0%|rgba(0, 0, 0, 0.53) 0%|rgba(0,0,0,0.72) 0%|rgba(0,0,0,0.17) 0%&#8221; background_color_gradient_overlays_image=&#8221;on&#8221; background_image=&#8221;https:\/\/descregut.com\/wp-content\/uploads\/2025\/10\/40-vista-remolc-i-gent-conill-la-figuera-macabeu.jpg&#8221; parallax=&#8221;on&#8221; parallax_method=&#8221;off&#8221; min_height=&#8221;67vh&#8221; bottom_divider_style=&#8221;wave2&#8243; bottom_divider_color=&#8221;#F7EDDE&#8221; global_colors_info=&#8221;{}&#8221;][et_pb_row _builder_version=&#8221;4.27.4&#8243; _module_preset=&#8221;default&#8221; custom_padding=&#8221;15vh||||false|false&#8221; global_colors_info=&#8221;{}&#8221;][et_pb_column type=&#8221;4_4&#8243; _builder_version=&#8221;4.27.4&#8243; _module_preset=&#8221;default&#8221; global_colors_info=&#8221;{}&#8221;][et_pb_cta _builder_version=&#8221;4.27.4&#8243; _module_preset=&#8221;default&#8221; background_color=&#8221;RGBA(255,255,255,0)&#8221; text_orientation=&#8221;center&#8221; background_layout=&#8221;dark&#8221; max_width=&#8221;65%&#8221; module_alignment=&#8221;center&#8221; animation_style=&#8221;fade&#8221; global_colors_info=&#8221;{}&#8221;]<\/p>\n<h1>Vinification<\/h1>\n<h2>Respect in vinification: less is more<\/h2>\n<p class=\"p-bolder\">At Can Descregut, we see winemaking as an act of respect. We strive to intervene as little as possible in the process to preserve the identity of the grape, the character of each vineyard plot, and the genuine expression of the terroir. Every decision we make in the winery aims to accompany the wine, not transform it. The idea is to intervene little in order to express much: this is the concept of minimal intervention.   <\/p>\n<p>[\/et_pb_cta][\/et_pb_column][\/et_pb_row][\/et_pb_section][et_pb_section fb_built=&#8221;1&#8243; _builder_version=&#8221;4.27.4&#8243; _module_preset=&#8221;default&#8221; background_color=&#8221;#FDF9F4&#8243; global_colors_info=&#8221;{}&#8221;][et_pb_row _builder_version=&#8221;4.27.4&#8243; _module_preset=&#8221;default&#8221; global_colors_info=&#8221;{}&#8221;][et_pb_column type=&#8221;4_4&#8243; _builder_version=&#8221;4.27.4&#8243; _module_preset=&#8221;default&#8221; global_colors_info=&#8221;{}&#8221;][dipi_timeline start_position=&#8221;right&#8221; timeline_line_color=&#8221;#F7EDDE&#8221; timeline_active_line_color=&#8221;#493C38&#8243; card_arrow_color=&#8221;#F7EDDE&#8221; _builder_version=&#8221;4.27.5&#8243; _module_preset=&#8221;default&#8221; hover_enabled=&#8221;0&#8243; global_colors_info=&#8221;{}&#8221; sticky_enabled=&#8221;0&#8243;][dipi_timeline_item ribbon=&#8221;Hand harvesting and rigorous selection&#8221; timeline_icon=&#8221;&#x22;||divi||400&#8243; timeline_icon_color=&#8221;#493C38&#8243; ribbon_circle_color=&#8221;#F7EDDE&#8221; ribbon_text_bgcolor=&#8221;RGBA(255,255,255,0)&#8221; _builder_version=&#8221;4.27.5&#8243; _module_preset=&#8221;default&#8221; header_text_color=&#8221;#493C38&#8243; body_text_color=&#8221;#493C38&#8243; background_color=&#8221;#F7EDDE&#8221; background_enable_color=&#8221;on&#8221; hover_enabled=&#8221;0&#8243; global_colors_info=&#8221;{}&#8221; title_text=&#8221;53 primer pla xarello apunt descarregar&#8221; image=&#8221;https:\/\/descregut.com\/wp-content\/uploads\/2025\/10\/53-primer-pla-xarello-apunt-descarregar.jpg&#8221; sticky_enabled=&#8221;0&#8243;]<\/p>\n<p>We handpick grapes, selecting only those at their optimal ripeness. This care allows us to avoid later corrections and to produce wines with greater purity and balance. Thanks to this meticulous process, we start vinification with whole, healthy grapes, which helps prevent must oxidation\u2014a common problem with machine harvesting. This approach ensures a more authentic expression of the grapes and the terroir.   <\/p>\n<p>[\/dipi_timeline_item][dipi_timeline_item ribbon=&#8221;Fermentation with native yeasts&#8221; timeline_icon=&#8221;&#x22;||divi||400&#8243; timeline_icon_color=&#8221;#493C38&#8243; ribbon_circle_color=&#8221;#F7EDDE&#8221; ribbon_text_bgcolor=&#8221;RGBA(255,255,255,0)&#8221; image=&#8221;https:\/\/descregut.com\/wp-content\/uploads\/2025\/10\/starter-yeast-for-La-Socarrada.jpg&#8221; alt=&#8221;vinificic\u00f3 respectuosa&#8221; _builder_version=&#8221;4.27.4&#8243; _module_preset=&#8221;default&#8221; header_text_color=&#8221;#493C38&#8243; body_text_color=&#8221;#493C38&#8243; background_color=&#8221;#F7EDDE&#8221; background_enable_color=&#8221;on&#8221; global_colors_info=&#8221;{}&#8221;]<\/p>\n<p>We work with fermentations using the indigenous yeasts present on the grape skins. This connects us to our environment and gives the wines a unique and unrepeatable personality, faithful to each vintage and plot. To achieve this, we start with \u201cpeus de cuba\u201d in the vineyard, which, once fermented, are added to the must to initiate fermentation.  <\/p>\n<p>[\/dipi_timeline_item][dipi_timeline_item ribbon=&#8221;Minimal use of sulfites&#8221; timeline_icon=&#8221;&#x22;||divi||400&#8243; timeline_icon_color=&#8221;#493C38&#8243; ribbon_circle_color=&#8221;#F7EDDE&#8221; ribbon_text_bgcolor=&#8221;RGBA(255,255,255,0)&#8221; _builder_version=&#8221;4.27.4&#8243; _module_preset=&#8221;default&#8221; header_text_color=&#8221;#493C38&#8243; body_text_color=&#8221;#493C38&#8243; background_color=&#8221;#F7EDDE&#8221; background_enable_color=&#8221;on&#8221; global_colors_info=&#8221;{}&#8221;]We only use sulfites at key moments and in very low doses\u2014just enough to ensure wine stability without altering its essence. This minimal use is part of our respectful winemaking approach, aiming to preserve grape purity and avoid any intervention that could distort the wine\u2019s natural expression.[\/dipi_timeline_item][dipi_timeline_item ribbon=&#8221;No chemical clarification or stabilization&#8221; timeline_icon=&#8221;&#x22;||divi||400&#8243; timeline_icon_color=&#8221;#493C38&#8243; ribbon_circle_color=&#8221;#F7EDDE&#8221; ribbon_text_bgcolor=&#8221;RGBA(255,255,255,0)&#8221; _builder_version=&#8221;4.27.4&#8243; _module_preset=&#8221;default&#8221; header_text_color=&#8221;#493C38&#8243; body_text_color=&#8221;#493C38&#8243; background_color=&#8221;#F7EDDE&#8221; background_enable_color=&#8221;on&#8221; hover_enabled=&#8221;0&#8243; global_colors_info=&#8221;{}&#8221; sticky_enabled=&#8221;0&#8243;]Our wines are neither clarified nor chemically stabilized, allowing us to preserve their aromatic richness, texture, and vitality. Through respectful vinification, we accept the presence of small natural sediments as part of the genuine character of each bottle.[\/dipi_timeline_item][dipi_timeline_item ribbon=&#8221;Minimal or no filtration&#8221; timeline_icon=&#8221;&#x22;||divi||400&#8243; timeline_icon_color=&#8221;#493C38&#8243; ribbon_circle_color=&#8221;#F7EDDE&#8221; ribbon_text_bgcolor=&#8221;RGBA(255,255,255,0)&#8221; image=&#8221;https:\/\/descregut.com\/wp-content\/uploads\/2025\/10\/1-Peristaltica-primer-pla.jpg&#8221; alt=&#8221;Vinificaci\u00f3 amb filtraci\u00f3 m\u00ednima&#8221; _builder_version=&#8221;4.27.5&#8243; _module_preset=&#8221;default&#8221; header_text_color=&#8221;#493C38&#8243; body_text_color=&#8221;#493C38&#8243; background_color=&#8221;#F7EDDE&#8221; background_enable_color=&#8221;on&#8221; hover_enabled=&#8221;0&#8243; global_colors_info=&#8221;{}&#8221; sticky_enabled=&#8221;0&#8243;]<\/p>\n<p>In our vinification process, we apply light filtration only when truly necessary. In most cases, we bottle directly from the tank without filtering to preserve the wine\u2019s authenticity, keeping its natural properties, textures, and original aromas intact. <\/p>\n<p>[\/dipi_timeline_item][dipi_timeline_item ribbon=&#8221;Respectful aging in different vessels&#8221; timeline_icon=&#8221;&#x22;||divi||400&#8243; timeline_icon_color=&#8221;#493C38&#8243; ribbon_circle_color=&#8221;#F7EDDE&#8221; ribbon_text_bgcolor=&#8221;RGBA(255,255,255,0)&#8221; _builder_version=&#8221;4.27.5&#8243; _module_preset=&#8221;default&#8221; header_text_color=&#8221;#493C38&#8243; body_text_color=&#8221;#493C38&#8243; background_color=&#8221;#F7EDDE&#8221; background_enable_color=&#8221;on&#8221; hover_enabled=&#8221;0&#8243; global_colors_info=&#8221;{}&#8221; sticky_enabled=&#8221;0&#8243; title_text=&#8221;IMG_20211105_114844&#8243; image=&#8221;https:\/\/descregut.com\/wp-content\/uploads\/2026\/01\/IMG_20211105_114844-1.jpg&#8221;]<\/p>\n<p>We use neutral tanks, ceramic amphorae, and used barrels to favor slow, natural evolution of the wine. We avoid adding external aromas and maintain aging on the lees with minimal racking to respect the essence of the grapes and preserve the original balance. <\/p>\n<p>[\/dipi_timeline_item][dipi_timeline_item ribbon=&#8221;No pH corrections or acidification&#8221; timeline_icon=&#8221;&#x22;||divi||400&#8243; timeline_icon_color=&#8221;#493C38&#8243; ribbon_circle_color=&#8221;#F7EDDE&#8221; ribbon_text_bgcolor=&#8221;RGBA(255,255,255,0)&#8221; _builder_version=&#8221;4.27.4&#8243; _module_preset=&#8221;default&#8221; header_text_color=&#8221;#493C38&#8243; body_text_color=&#8221;#493C38&#8243; background_color=&#8221;#F7EDDE&#8221; background_enable_color=&#8221;on&#8221; global_colors_info=&#8221;{}&#8221;]<\/p>\n<p>We do not correct the acidity of the must or wines with oenological additives. We make wine with what the grapes and the terroir provide, just as it is. The wine should be a snapshot of the vintage, with each year presenting different climatic conditions.  <\/p>\n<p>[\/dipi_timeline_item][dipi_timeline_item ribbon=&#8221;Gentle extraction and respect for the wine\u2019s natural rhythm&#8221; timeline_icon=&#8221;&#x22;||divi||400&#8243; timeline_icon_color=&#8221;#493C38&#8243; ribbon_circle_color=&#8221;#F7EDDE&#8221; ribbon_text_bgcolor=&#8221;RGBA(255,255,255,0)&#8221; image=&#8221;https:\/\/descregut.com\/wp-content\/uploads\/2025\/10\/10-Pells-macerades-1.jpg&#8221; alt=&#8221;corpinnat at Can Descregut&#8221; _builder_version=&#8221;4.27.5&#8243; _module_preset=&#8221;default&#8221; header_text_color=&#8221;#493C38&#8243; body_text_color=&#8221;#493C38&#8243; background_color=&#8221;#F7EDDE&#8221; background_enable_color=&#8221;on&#8221; hover_enabled=&#8221;0&#8243; global_colors_info=&#8221;{}&#8221; title_text=&#8221;10 Pells macerades&#8221; sticky_enabled=&#8221;0&#8243;]<\/p>\n<p>During maceration with the grape skins, we perform gentle pump-overs or infusions to avoid aggressive extraction and preserve finesse, preventing harsh or dominant tannins. No step of the process\u2014fermentation, aging, or stabilization\u2014is forced; we give the wine time to evolve at its own pace during the winter months, without rush or unnecessary technical interventions. <\/p>\n<p>[\/dipi_timeline_item][dipi_timeline_item ribbon=&#8221;Bottling according to favorable lunar days&#8221; timeline_icon=&#8221;&#x22;||divi||400&#8243; timeline_icon_color=&#8221;#493C38&#8243; ribbon_circle_color=&#8221;#F7EDDE&#8221; ribbon_text_bgcolor=&#8221;RGBA(255,255,255,0)&#8221; _builder_version=&#8221;4.27.4&#8243; _module_preset=&#8221;default&#8221; header_text_color=&#8221;#493C38&#8243; body_text_color=&#8221;#493C38&#8243; background_color=&#8221;#F7EDDE&#8221; background_enable_color=&#8221;on&#8221; global_colors_info=&#8221;{}&#8221;]In many cases, during vinification, we choose favorable lunar days for bottling according to the lunar calendar, aiming to favor the wine\u2019s harmony and natural stability. This practice follows an ancestral tradition that connects the wine with nature\u2019s rhythms.[\/dipi_timeline_item][\/dipi_timeline][\/et_pb_column][\/et_pb_row][\/et_pb_section][et_pb_section fb_built=&#8221;1&#8243; prev_background_color=&#8221;#FDF9F4&#8243; module_class=&#8221;divider-crema-top&#8221; _builder_version=&#8221;4.27.4&#8243; _module_preset=&#8221;default&#8221; background_image=&#8221;https:\/\/descregut.com\/wp-content\/uploads\/2025\/07\/capcelera-3.jpg&#8221; parallax=&#8221;on&#8221; parallax_method=&#8221;off&#8221; min_height=&#8221;50vh&#8221; custom_padding=&#8221;30vh||0px||false|false&#8221; top_divider_style=&#8221;mountains2&#8243; hover_enabled=&#8221;0&#8243; locked=&#8221;off&#8221; global_colors_info=&#8221;{}&#8221; sticky_enabled=&#8221;0&#8243;][\/et_pb_section][et_pb_section fb_built=&#8221;1&#8243; _builder_version=&#8221;4.27.4&#8243; _module_preset=&#8221;default&#8221; custom_padding=&#8221;0px||0px||false|false&#8221; global_module=&#8221;1770&#8243; saved_tabs=&#8221;all&#8221; global_colors_info=&#8221;{}&#8221;][et_pb_row _builder_version=&#8221;4.27.4&#8243; _module_preset=&#8221;default&#8221; custom_padding=&#8221;0px||0px||false|false&#8221; mix_blend_mode=&#8221;multiply&#8221; custom_css_free_form=&#8221;%91gslogo id=2%93&#8243; global_colors_info=&#8221;{}&#8221;][et_pb_column type=&#8221;4_4&#8243; _builder_version=&#8221;4.27.4&#8243; _module_preset=&#8221;default&#8221; global_colors_info=&#8221;{}&#8221;][et_pb_text _builder_version=&#8221;4.27.4&#8243; _module_preset=&#8221;default&#8221; global_colors_info=&#8221;{}&#8221;]\t\n\t\t<div id=\"gs_logo_area_2\" data-sort=\"name\" data-shortcode-id=\"2\" class=\"gs_logo_area gs_logo_area_2 slider1 \" data-options='{\"logo_per_page\":\"6\"}' style=\"opacity: 0; visibility: hidden;\">\n\t\t\t<div class=\"gs_logo_area--inner\">\n\n\t\t\t\t<!-- Category Filters - New (Global) -->\n\t\t\t\t\t\n\t\t\t\t\n<div class=\"gs_logo_container gs_carousel_swiper gs_logo_fix_height_and_center\" data-carousel-config='{\"direction\":\"horizontal\",\"speed\":500,\"isAutoplay\":true,\"autoplayDelay\":2000,\"loop\":true,\"pauseOnHover\":true,\"ticker\":false,\"navs\":false,\"navs_pos\":\"bottom\",\"dots\":false,\"dynamic_dots\":true,\"slideSpace\":45,\"slidesPerGroup\":1,\"desktopLogos\":6,\"tabletLogos\":3,\"mobileLogos\":2,\"reverseDirection\":false}'>\n\n\t\n\t\t\n\t\t\t<div class=\"gs_logo_single--wrapper\">\n\t\t\t\t<div class=\"gs_logo_single\">\n\n\t\t\t\t\t<!-- Logo Img -->\n\t\t\t\t\t<img loading=\"lazy\" decoding=\"async\" width=\"300\" height=\"300\" src=\"https:\/\/descregut.com\/wp-content\/uploads\/2025\/08\/e4cotours-300x300.png\" class=\"tt-placement-top tt-bgcolor-one-%23ff5f6d tt-bgcolor-two-%23ffc371 tt-textcolor-%23fff gs-logo--img wp-post-image\" alt=\"Logo Pened\u00e8s Ecotours\" title=\"Logo Pen\u00e8des Ecotour\" \/>\n\t\t\t\t\t<!-- Logo Title -->\n\t\t\t\t\t\t\t\t\t\t\n\t\t\t\t\t<!-- Logo Category -->\n\t\t\t\t\t\t\t\t\t\t\n\t\t\t\t<\/div>\n\t\t\t<\/div>\n\n\t\t\n\t\t\t<div class=\"gs_logo_single--wrapper\">\n\t\t\t\t<div class=\"gs_logo_single\">\n\n\t\t\t\t\t<!-- Logo Img -->\n\t\t\t\t\t<img loading=\"lazy\" decoding=\"async\" width=\"300\" height=\"300\" src=\"https:\/\/descregut.com\/wp-content\/uploads\/2025\/08\/logo-enoturisme-300x300.jpg\" class=\"tt-placement-top tt-bgcolor-one-%23ff5f6d tt-bgcolor-two-%23ffc371 tt-textcolor-%23fff gs-logo--img wp-post-image\" alt=\"Logo Enoturisme Pened\u00e8s\" title=\"Logo Enoturisme Pened\u00e8s\" \/>\n\t\t\t\t\t<!-- Logo Title -->\n\t\t\t\t\t\t\t\t\t\t\n\t\t\t\t\t<!-- Logo Category -->\n\t\t\t\t\t\t\t\t\t\t\n\t\t\t\t<\/div>\n\t\t\t<\/div>\n\n\t\t\n\t\t\t<div class=\"gs_logo_single--wrapper\">\n\t\t\t\t<div class=\"gs_logo_single\">\n\n\t\t\t\t\t<!-- Logo Img -->\n\t\t\t\t\t<img loading=\"lazy\" decoding=\"async\" width=\"300\" height=\"300\" src=\"https:\/\/descregut.com\/wp-content\/uploads\/2025\/08\/logo-ccpae-300x300.png\" class=\"tt-placement-top tt-bgcolor-one-%23ff5f6d tt-bgcolor-two-%23ffc371 tt-textcolor-%23fff gs-logo--img wp-post-image\" alt=\"Logo CCPAE\" title=\"Logo CCPAE\" \/>\n\t\t\t\t\t<!-- Logo Title -->\n\t\t\t\t\t\t\t\t\t\t\n\t\t\t\t\t<!-- Logo Category -->\n\t\t\t\t\t\t\t\t\t\t\n\t\t\t\t<\/div>\n\t\t\t<\/div>\n\n\t\t\n\t\t\t<div class=\"gs_logo_single--wrapper\">\n\t\t\t\t<div class=\"gs_logo_single\">\n\n\t\t\t\t\t<!-- Logo Img -->\n\t\t\t\t\t<img loading=\"lazy\" decoding=\"async\" width=\"300\" height=\"300\" src=\"https:\/\/descregut.com\/wp-content\/uploads\/2025\/08\/logo-corpinnat-300x300.png\" class=\"tt-placement-top tt-bgcolor-one-%23ff5f6d tt-bgcolor-two-%23ffc371 tt-textcolor-%23fff gs-logo--img wp-post-image\" alt=\"Logo Corpinnat\" title=\"Logo Corpinnat\" \/>\n\t\t\t\t\t<!-- Logo Title -->\n\t\t\t\t\t\t\t\t\t\t\n\t\t\t\t\t<!-- Logo Category -->\n\t\t\t\t\t\t\t\t\t\t\n\t\t\t\t<\/div>\n\t\t\t<\/div>\n\n\t\t\n\t\t\t<div class=\"gs_logo_single--wrapper\">\n\t\t\t\t<div class=\"gs_logo_single\">\n\n\t\t\t\t\t<!-- Logo Img -->\n\t\t\t\t\t<img loading=\"lazy\" decoding=\"async\" width=\"300\" height=\"300\" src=\"https:\/\/descregut.com\/wp-content\/uploads\/2025\/08\/logo-penedes-300x300.png\" class=\"tt-placement-top tt-bgcolor-one-%23ff5f6d tt-bgcolor-two-%23ffc371 tt-textcolor-%23fff gs-logo--img wp-post-image\" alt=\"Logo DO Pened\u00e8s\" title=\"Logo DO Pened\u00e8s\" \/>\n\t\t\t\t\t<!-- Logo Title -->\n\t\t\t\t\t\t\t\t\t\t\n\t\t\t\t\t<!-- Logo Category -->\n\t\t\t\t\t\t\t\t\t\t\n\t\t\t\t<\/div>\n\t\t\t<\/div>\n\n\t\t\n\t\t\t<div class=\"gs_logo_single--wrapper\">\n\t\t\t\t<div class=\"gs_logo_single\">\n\n\t\t\t\t\t<!-- Logo Img -->\n\t\t\t\t\t<img loading=\"lazy\" decoding=\"async\" width=\"300\" height=\"300\" src=\"https:\/\/descregut.com\/wp-content\/uploads\/2025\/08\/certificat-eco-300x300.png\" class=\"tt-placement-top tt-bgcolor-one-%23ff5f6d tt-bgcolor-two-%23ffc371 tt-textcolor-%23fff gs-logo--img wp-post-image\" alt=\"Logo certificat ecol\u00f2gic\" title=\"Certificat ecol\u00f2gic\" \/>\n\t\t\t\t\t<!-- Logo Title -->\n\t\t\t\t\t\t\t\t\t\t\n\t\t\t\t\t<!-- Logo Category -->\n\t\t\t\t\t\t\t\t\t\t\n\t\t\t\t<\/div>\n\t\t\t<\/div>\n\n\t\t\t\t\n\t\n<\/div>\n\t\t\t\t<!-- Pagination -->\n\t\t\t\t\n\t\t\t<\/div>\n\t\t<\/div>\n\t\n\t\t<style>#gs_logo_area_2:not(.verticaltickerdown):not(.verticalticker) .gs_logo_container{margin-left:-22.5px}#gs_logo_area_2:not(.verticaltickerdown):not(.verticalticker) .gs_logo_container{margin-right:-22.5px}#gs_logo_area_2:not(.verticaltickerdown):not(.verticalticker) .gs_logo_single--wrapper{padding:22.5px}#gs_logo_area_2 ul.gs-logo-filter-cats{text-align:center!important}#gs_logo_area_2 .gs_logo_single--wrapper{width:16.666666666667%}@media (max-width:1023px){#gs_logo_area_2 .gs_logo_single--wrapper{width:33.333333333333%}}@media (max-width:767px){#gs_logo_area_2 .gs_logo_single--wrapper{width:50%}}<\/style>[\/et_pb_text][\/et_pb_column][\/et_pb_row][\/et_pb_section][et_pb_section fb_built=&#8221;1&#8243; _builder_version=&#8221;4.27.4&#8243; _module_preset=&#8221;default&#8221; custom_padding=&#8221;0px||0px||false|false&#8221; global_module=&#8221;1771&#8243; saved_tabs=&#8221;all&#8221; global_colors_info=&#8221;{}&#8221;][et_pb_row _builder_version=&#8221;4.27.4&#8243; _module_preset=&#8221;default&#8221; background_color=&#8221;#493C38&#8243; width=&#8221;100%&#8221; max_width=&#8221;100%&#8221; custom_padding=&#8221;0px||0px||false|false&#8221; animation_style=&#8221;slide&#8221; animation_direction=&#8221;bottom&#8221; custom_css_free_form=&#8221;selector {||  display:flex!important;||justify-content: center;||}&#8221; global_colors_info=&#8221;{}&#8221;][et_pb_column type=&#8221;4_4&#8243; _builder_version=&#8221;4.27.4&#8243; _module_preset=&#8221;default&#8221; custom_padding=&#8221;30px||30px||false|false&#8221; custom_css_main_element=&#8221;display:flex;||align-items:center;||justify-content:space-between;||width:80%;||max-width:1280px;&#8221; global_colors_info=&#8221;{}&#8221;][et_pb_text _builder_version=&#8221;4.27.4&#8243; _module_preset=&#8221;default&#8221; background_layout=&#8221;dark&#8221; custom_margin=&#8221;||0px||false|false&#8221; custom_padding=&#8221;||||false|false&#8221; global_colors_info=&#8221;{}&#8221;]<\/p>\n<h2>CONTACT US<\/h2>\n<p>[\/et_pb_text][et_pb_button button_url=&#8221;&lt;!&#8211;&#091;CDATA&#091;\/contacte-celler\/&#093;&#093;&#8211;&gt;&#8221; button_text=&#8221;Contact&#8221; button_alignment=&#8221;right&#8221; _builder_version=&#8221;4.27.4&#8243; _module_preset=&#8221;default&#8221; background_layout=&#8221;dark&#8221; global_colors_info=&#8221;{}&#8221;][\/et_pb_button][\/et_pb_column][\/et_pb_row][et_pb_row _builder_version=&#8221;4.27.4&#8243; _module_preset=&#8221;default&#8221; width=&#8221;100%&#8221; max_width=&#8221;100%&#8221; custom_margin=&#8221;||-5px||false|false&#8221; custom_padding=&#8221;0px||0px||false|false&#8221; animation_style=&#8221;slide&#8221; animation_direction=&#8221;bottom&#8221; global_colors_info=&#8221;{}&#8221;][et_pb_column type=&#8221;4_4&#8243; _builder_version=&#8221;4.27.4&#8243; _module_preset=&#8221;default&#8221; global_colors_info=&#8221;{}&#8221;][et_pb_code _builder_version=&#8221;4.27.4&#8243; _module_preset=&#8221;default&#8221; global_colors_info=&#8221;{}&#8221;]<iframe src=\"https:\/\/www.google.com\/maps\/embed?pb=!1m18!1m12!1m3!1d2993.2176153996834!2d1.6700810766762562!3d41.39108019576516!2m3!1f0!2f0!3f0!3m2!1i1024!2i768!4f13.1!3m3!1m2!1s0x12a4707e67dd69db%3A0x15abf947b61e3892!2sCan%20Descregut!5e0!3m2!1ses!2ses!4v1747304182240!5m2!1ses!2ses\" width=\"100%\" height=\"400\" style=\"border:0;\" allowfullscreen=\"\" loading=\"lazy\" referrerpolicy=\"no-referrer-when-downgrade\"><\/iframe>[\/et_pb_code][\/et_pb_column][\/et_pb_row][\/et_pb_section]<\/p>\n","protected":false},"excerpt":{"rendered":"<p>[et_pb_section fb_built=&#8221;1&#8243; module_class=&#8221;divider-crema-bottom&#8221; _builder_version=&#8221;4.27.4&#8243; _module_preset=&#8221;default&#8221; background_color=&#8221;#ffffff&#8221; use_background_color_gradient=&#8221;on&#8221; background_color_gradient_direction=&#8221;1deg&#8221; background_color_gradient_stops=&#8221;rgba(0, 0, 0, 0.17) 0%|rgba(0, 0, 0, 0.53) 0%|rgba(0,0,0,0.72) 0%|rgba(0,0,0,0.17) 0%&#8221; background_color_gradient_overlays_image=&#8221;on&#8221; background_image=&#8221;https:\/\/descregut.com\/wp-content\/uploads\/2025\/10\/40-vista-remolc-i-gent-conill-la-figuera-macabeu.jpg&#8221; parallax=&#8221;on&#8221; parallax_method=&#8221;off&#8221; min_height=&#8221;67vh&#8221; bottom_divider_style=&#8221;wave2&#8243; bottom_divider_color=&#8221;#F7EDDE&#8221; global_colors_info=&#8221;{}&#8221;][et_pb_row _builder_version=&#8221;4.27.4&#8243; _module_preset=&#8221;default&#8221; custom_padding=&#8221;15vh||||false|false&#8221; global_colors_info=&#8221;{}&#8221;][et_pb_column type=&#8221;4_4&#8243; _builder_version=&#8221;4.27.4&#8243; _module_preset=&#8221;default&#8221; global_colors_info=&#8221;{}&#8221;][et_pb_cta _builder_version=&#8221;4.27.4&#8243; _module_preset=&#8221;default&#8221; background_color=&#8221;RGBA(255,255,255,0)&#8221; text_orientation=&#8221;center&#8221; background_layout=&#8221;dark&#8221; max_width=&#8221;65%&#8221; module_alignment=&#8221;center&#8221; animation_style=&#8221;fade&#8221; global_colors_info=&#8221;{}&#8221;] Vinification Respect in vinification: less is more At Can Descregut, we [&hellip;]<\/p>\n","protected":false},"author":1,"featured_media":0,"parent":0,"menu_order":0,"comment_status":"closed","ping_status":"closed","template":"","meta":{"_acf_changed":false,"_et_pb_use_builder":"on","_et_pb_old_content":"","_et_gb_content_width":"","footnotes":""},"class_list":["post-2737","page","type-page","status-publish","hentry"],"acf":[],"_links":{"self":[{"href":"https:\/\/descregut.com\/en\/wp-json\/wp\/v2\/pages\/2737","targetHints":{"allow":["GET"]}}],"collection":[{"href":"https:\/\/descregut.com\/en\/wp-json\/wp\/v2\/pages"}],"about":[{"href":"https:\/\/descregut.com\/en\/wp-json\/wp\/v2\/types\/page"}],"author":[{"embeddable":true,"href":"https:\/\/descregut.com\/en\/wp-json\/wp\/v2\/users\/1"}],"replies":[{"embeddable":true,"href":"https:\/\/descregut.com\/en\/wp-json\/wp\/v2\/comments?post=2737"}],"version-history":[{"count":2,"href":"https:\/\/descregut.com\/en\/wp-json\/wp\/v2\/pages\/2737\/revisions"}],"predecessor-version":[{"id":2739,"href":"https:\/\/descregut.com\/en\/wp-json\/wp\/v2\/pages\/2737\/revisions\/2739"}],"wp:attachment":[{"href":"https:\/\/descregut.com\/en\/wp-json\/wp\/v2\/media?parent=2737"}],"curies":[{"name":"wp","href":"https:\/\/api.w.org\/{rel}","templated":true}]}}