{"id":2125,"date":"2025-07-18T13:14:31","date_gmt":"2025-07-18T12:14:31","guid":{"rendered":"https:\/\/descregut.com\/accesibilidad\/"},"modified":"2026-01-19T22:08:48","modified_gmt":"2026-01-19T21:08:48","slug":"accesibilidad","status":"publish","type":"page","link":"https:\/\/descregut.com\/es\/accesibilidad\/","title":{"rendered":"Accesibilidad"},"content":{"rendered":"\n<p><strong>Can Descregut S.L.<\/strong> es compromet a fer que el lloc <a href=\"https:\/\/descregut.com\/es\/\">https:\/\/descregut.com\/<\/a> sigui accessible per a tots els usuaris, incloent-hi persones amb discapacitats. Estem compromesos a garantir que el nostre lloc web compleixi les pautes d\u2019accessibilitat web de nivell AA de la WCAG 2.1.<\/p>\n\n<h3 class=\"wp-block-heading\">Situaci\u00f3n de cumplimiento<\/h3>\n\n<p>Les Pautes d\u2019Accessibilitat per al Contingut Web (WCAG) defineixen els requisits per a dissenyadors i desenvolupadors per millorar l\u2019accessibilitat per a persones amb discapacitats. Es defineixen tres nivells de conformitat: Nivell A, Nivell AA i Nivell AAA. <a href=\"https:\/\/descregut.com\/es\/\">https:\/\/descregut.com\/<\/a> compleix parcialment amb WCAG 2.1 Nivell AA. Parcialment conforme significa que algunes parts del contingut no compleixen completament l\u2019est\u00e0ndard d\u2019accessibilitat.<\/p>\n\n<h3 class=\"wp-block-heading\">Contenido no accesible<\/h3>\n\n<p>Podr\u00edan existir documentos ofim\u00e1ticos en PDF y otros formatos que no cumplan totalmente con los requisitos de accesibilidad. Se pueden solicitar los documentos completamente accesibles a trav\u00e9s del formulario de contacto.<\/p>\n\n<p>Podr\u00edan existir errores puntuales de c\u00f3digo o de edici\u00f3n en alguna p\u00e1gina web.<\/p>\n\n<h3 class=\"wp-block-heading\">Feedback<\/h3>\n\n<p>Estamos comprometidos a seguir mejorando la accesibilidad de nuestro sitio web para garantizar que sea accesible para todos. Si tienes alguna pregunta o sugerencia, por favor cont\u00e1ctanos.<\/p>\n\n<p><strong>Firma<\/strong>: Can Descregut S.L.<br\/><strong>Fecha<\/strong>: 04\/08\/2025<\/p>\n","protected":false},"excerpt":{"rendered":"<p>Can Descregut S.L. es compromet a fer que el lloc https:\/\/descregut.com\/ sigui accessible per a tots els usuaris, incloent-hi persones amb discapacitats. Estem compromesos a garantir que el nostre lloc web compleixi les pautes d\u2019accessibilitat web de nivell AA de la WCAG 2.1. Situaci\u00f3n de cumplimiento Les Pautes d\u2019Accessibilitat per al Contingut Web (WCAG) defineixen [&hellip;]<\/p>\n","protected":false},"author":1,"featured_media":0,"parent":0,"menu_order":0,"comment_status":"closed","ping_status":"closed","template":"","meta":{"_acf_changed":false,"_et_pb_use_builder":"off","_et_pb_old_content":"","_et_gb_content_width":"","footnotes":""},"class_list":["post-2125","page","type-page","status-publish","hentry"],"acf":[],"_links":{"self":[{"href":"https:\/\/descregut.com\/es\/wp-json\/wp\/v2\/pages\/2125","targetHints":{"allow":["GET"]}}],"collection":[{"href":"https:\/\/descregut.com\/es\/wp-json\/wp\/v2\/pages"}],"about":[{"href":"https:\/\/descregut.com\/es\/wp-json\/wp\/v2\/types\/page"}],"author":[{"embeddable":true,"href":"https:\/\/descregut.com\/es\/wp-json\/wp\/v2\/users\/1"}],"replies":[{"embeddable":true,"href":"https:\/\/descregut.com\/es\/wp-json\/wp\/v2\/comments?post=2125"}],"version-history":[{"count":3,"href":"https:\/\/descregut.com\/es\/wp-json\/wp\/v2\/pages\/2125\/revisions"}],"predecessor-version":[{"id":2786,"href":"https:\/\/descregut.com\/es\/wp-json\/wp\/v2\/pages\/2125\/revisions\/2786"}],"wp:attachment":[{"href":"https:\/\/descregut.com\/es\/wp-json\/wp\/v2\/media?parent=2125"}],"curies":[{"name":"wp","href":"https:\/\/api.w.org\/{rel}","templated":true}]}}