{"id":2190,"date":"2025-07-23T12:30:03","date_gmt":"2025-07-23T11:30:03","guid":{"rendered":"https:\/\/descregut.com\/viticultura-ecologica\/"},"modified":"2026-01-19T19:58:03","modified_gmt":"2026-01-19T18:58:03","slug":"viticultura-ecologica","status":"publish","type":"page","link":"https:\/\/descregut.com\/es\/viticultura-ecologica\/","title":{"rendered":"Sostenibilidad"},"content":{"rendered":"<p>[et_pb_section fb_built=\u00bb1&#8243; module_class=\u00bbdivider-crema-bottom\u00bb _builder_version=\u00bb4.27.4&#8243; _module_preset=\u00bbdefault\u00bb background_enable_color=\u00bboff\u00bb use_background_color_gradient=\u00bbon\u00bb background_color_gradient_stops=\u00bbrgba(0, 0, 0, 0.17) 0%|rgba(0,0,0,0.17) 6%|rgba(0, 0, 0, 0.53) 31%|rgba(0,0,0,0.72) 65%\u00bb background_color_gradient_overlays_image=\u00bbon\u00bb background_image=\u00bbhttps:\/\/descregut.com\/wp-content\/uploads\/2025\/07\/capcelera-comp.jpg\u00bb min_height=\u00bb50vh\u00bb bottom_divider_style=\u00bbwave2&#8243; bottom_divider_color=\u00bb#F7EDDE\u00bb hover_enabled=\u00bb0&#8243; global_colors_info=\u00bb{}\u00bb parallax=\u00bbon\u00bb parallax_method=\u00bboff\u00bb sticky_enabled=\u00bb0&#8243;][et_pb_row _builder_version=\u00bb4.27.4&#8243; _module_preset=\u00bbdefault\u00bb custom_padding=\u00bb15vh||||false|false\u00bb animation_style=\u00bbfade\u00bb global_colors_info=\u00bb{}\u00bb][et_pb_column type=\u00bb4_4&#8243; _builder_version=\u00bb4.27.4&#8243; _module_preset=\u00bbdefault\u00bb global_colors_info=\u00bb{}\u00bb][et_pb_cta _builder_version=\u00bb4.27.4&#8243; _module_preset=\u00bbdefault\u00bb background_color=\u00bbRGBA(255,255,255,0)\u00bb text_orientation=\u00bbcenter\u00bb background_layout=\u00bbdark\u00bb max_width=\u00bb65%\u00bb module_alignment=\u00bbcenter\u00bb global_colors_info=\u00bb{}\u00bb]<\/p>\n<h1>Viticultura ecol\u00f3gica<\/h1>\n<h2>Un compromiso con el entorno<\/h2>\n<p class=\"p-bolder\">En Can Descregut apostamos por la viticultura ecol\u00f3gica como un compromiso profundo con la tierra y el futuro. Trabajamos con certificaci\u00f3n ecol\u00f3gica, pr\u00e1cticas agr\u00edcolas regenerativas y variedades locales tradicionales adaptadas al clima mediterr\u00e1neo. Todo ello para cuidar el suelo, equilibrar el vi\u00f1edo y reducir el impacto ambiental.<\/p>\n<p>[\/et_pb_cta][\/et_pb_column][\/et_pb_row][\/et_pb_section][et_pb_section fb_built=\u00bb1&#8243; _builder_version=\u00bb4.27.4&#8243; _module_preset=\u00bbdefault\u00bb background_color=\u00bb#FDF9F4&#8243; custom_padding=\u00bb50px||50px||false|false\u00bb global_colors_info=\u00bb{}\u00bb][et_pb_row column_structure=\u00bb1_3,1_3,1_3&#8243; _builder_version=\u00bb4.27.4&#8243; _module_preset=\u00bbdefault\u00bb animation_style=\u00bbslide\u00bb animation_direction=\u00bbleft\u00bb global_colors_info=\u00bb{}\u00bb][et_pb_column type=\u00bb1_3&#8243; _builder_version=\u00bb4.27.4&#8243; _module_preset=\u00bbdefault\u00bb global_colors_info=\u00bb{}\u00bb][et_pb_image src=\u00bbhttps:\/\/descregut.com\/wp-content\/uploads\/2025\/07\/1.-agricultura-ecologica-certificada.jpg\u00bb alt=\u00bbagricultura ecol\u00f3gica certificada\u00bb title_text=\u00bbagricultura ecol\u00f3gica certificada\u00bb _builder_version=\u00bb4.27.4&#8243; _module_preset=\u00bbdefault\u00bb global_colors_info=\u00bb{}\u00bb][\/et_pb_image][et_pb_cta _builder_version=\u00bb4.27.4&#8243; _module_preset=\u00bbdefault\u00bb background_color=\u00bbRGBA(255,255,255,0)\u00bb global_colors_info=\u00bb{}\u00bb]<\/p>\n<h2>Agricultura Ecol\u00f3gica Certificada<\/h2>\n<p>Desde el a\u00f1o 2009, en Can Descregut trabajamos sin pesticidas ni fertilizantes sint\u00e9ticos. Nuestra certificaci\u00f3n ecol\u00f3gica garantiza un proceso respetuoso con el medio ambiente, donde el bienestar del suelo y la biodiversidad son esenciales para elaborar vinos que expresen el paisaje de una manera responsable.<\/p>\n<p>El Consejo Catal\u00e1n de la Producci\u00f3n Agraria Ecol\u00f3gica (CCPAE) certifica, mediante auditor\u00edas, que todo nuestro proceso \u2014tanto en el vi\u00f1edo como en la bodega\u2014 cumple con la normativa europea para los vinos ecol\u00f3gicos.[\/et_pb_cta][\/et_pb_column][et_pb_column type=\u00bb1_3&#8243; _builder_version=\u00bb4.27.4&#8243; _module_preset=\u00bbdefault\u00bb global_colors_info=\u00bb{}\u00bb][et_pb_image src=\u00bbhttps:\/\/descregut.com\/wp-content\/uploads\/2025\/07\/plaques-solars-si.jpg\u00bb title_text=\u00bbplaques-solars-si\u00bb _builder_version=\u00bb4.27.4&#8243; _module_preset=\u00bbdefault\u00bb global_colors_info=\u00bb{}\u00bb][\/et_pb_image][et_pb_cta _builder_version=\u00bb4.27.4&#8243; _module_preset=\u00bbdefault\u00bb background_color=\u00bbRGBA(255,255,255,0)\u00bb global_colors_info=\u00bb{}\u00bb]<\/p>\n<h2>Energ\u00eda solar<\/h2>\n<p>Conscientes de la importancia de la viticultura ecol\u00f3gica, utilizamos energ\u00eda solar en nuestro proceso productivo. Esta fuente limpia y renovable, aprovechada gracias al abundante sol del Pened\u00e8s, nos permite reducir la huella de carbono y mejorar la eficiencia en el uso de los recursos naturales. Una acci\u00f3n m\u00e1s que refuerza nuestro compromiso con el respeto por el medio ambiente.<\/p>\n<p>[\/et_pb_cta][\/et_pb_column][et_pb_column type=\u00bb1_3&#8243; _builder_version=\u00bb4.27.4&#8243; _module_preset=\u00bbdefault\u00bb global_colors_info=\u00bb{}\u00bb][et_pb_image src=\u00bbhttps:\/\/descregut.com\/wp-content\/uploads\/2025\/07\/3.-Vinyesdeseca.jpg\u00bb alt=\u00bbViticultura ecol\u00f3gica: Vi\u00f1edos de secano\u00bb title_text=\u00bbViticultura ecol\u00f3gica: Vi\u00f1edos de secano\u00bb _builder_version=\u00bb4.27.4&#8243; _module_preset=\u00bbdefault\u00bb global_colors_info=\u00bb{}\u00bb][\/et_pb_image][et_pb_cta _builder_version=\u00bb4.27.4&#8243; _module_preset=\u00bbdefault\u00bb background_color=\u00bbRGBA(255,255,255,0)\u00bb global_colors_info=\u00bb{}\u00bb]<\/p>\n<h2>Cultivo de secano<\/h2>\n<p>En la cuenca mediterr\u00e1nea, el vi\u00f1edo ha sido tradicionalmente un cultivo de secano, perfectamente adaptado a las condiciones del territorio. A pesar de las sequ\u00edas de los \u00faltimos a\u00f1os, mantener esta pr\u00e1ctica representa un reto que nos permite conservar la calidad de la uva y fomentar una viticultura m\u00e1s resiliente. Sin riego artificial, las cepas desarrollan ra\u00edces profundas que les ayudan a adaptarse mejor al clima local y a aprovechar los recursos naturales de manera m\u00e1s eficiente.<\/span>[\/et_pb_cta][\/et_pb_column][\/et_pb_row][\/et_pb_section][et_pb_section fb_built=\u00bb1&#8243; prev_background_color=\u00bb#FDF9F4&#8243; next_background_color=\u00bb#FDF9F4&#8243; module_class=\u00bbdivider-crema-bottom divider-crema-top\u00bb _builder_version=\u00bb4.27.4&#8243; _module_preset=\u00bbdefault\u00bb background_image=\u00bbhttps:\/\/descregut.com\/wp-content\/uploads\/2025\/07\/vinya-4.jpg\u00bb height=\u00bb40vh\u00bb max_height=\u00bb40vh\u00bb custom_padding=\u00bb29vh||0px||false|false\u00bb top_divider_style=\u00bbmountains2&#8243; bottom_divider_style=\u00bbwave\u00bb hover_enabled=\u00bb0&#8243; locked=\u00bboff\u00bb global_colors_info=\u00bb{}\u00bb parallax=\u00bbon\u00bb parallax_method=\u00bboff\u00bb sticky_enabled=\u00bb0&#8243;][\/et_pb_section][et_pb_section fb_built=\u00bb1&#8243; _builder_version=\u00bb4.27.4&#8243; _module_preset=\u00bbdefault\u00bb background_color=\u00bb#FDF9F4&#8243; custom_padding=\u00bb50px||50px||false|false\u00bb global_colors_info=\u00bb{}\u00bb][et_pb_row column_structure=\u00bb1_3,1_3,1_3&#8243; _builder_version=\u00bb4.27.4&#8243; _module_preset=\u00bbdefault\u00bb animation_style=\u00bbslide\u00bb animation_direction=\u00bbright\u00bb global_colors_info=\u00bb{}\u00bb][et_pb_column type=\u00bb1_3&#8243; _builder_version=\u00bb4.27.4&#8243; _module_preset=\u00bbdefault\u00bb global_colors_info=\u00bb{}\u00bb][et_pb_image src=\u00bbhttps:\/\/descregut.com\/wp-content\/uploads\/2025\/07\/vegetal.jpg\u00bb alt=\u00bbCobertura vegetal\u00bb title_text=\u00bbCobertura vegetal\u00bb _builder_version=\u00bb4.27.4&#8243; _module_preset=\u00bbdefault\u00bb global_colors_info=\u00bb{}\u00bb][\/et_pb_image][et_pb_cta _builder_version=\u00bb4.27.4&#8243; _module_preset=\u00bbdefault\u00bb background_color=\u00bbRGBA(255,255,255,0)\u00bb global_colors_info=\u00bb{}\u00bb]<\/p>\n<h2>Cubiertas vegetales<\/h2>\n<p>En invierno, dejamos crecer una capa de cubierta vegetal de vegetaci\u00f3n espont\u00e1nea, protegiendo el suelo de la erosi\u00f3n y mejorando su estructura. Esta pr\u00e1ctica fomenta la biodiversidad y la actividad biol\u00f3gica del suelo, creando un ecosistema m\u00e1s equilibrado y saludable, donde este se mantiene vivo y el vi\u00f1edo puede crecer de forma equilibrada. Con la llegada de la primavera, labramos los vi\u00f1edos y esta hierba se transforma en abono natural.<\/p>\n<p>[\/et_pb_cta][\/et_pb_column][et_pb_column type=\u00bb1_3&#8243; _builder_version=\u00bb4.27.4&#8243; _module_preset=\u00bbdefault\u00bb global_colors_info=\u00bb{}\u00bb][et_pb_image src=\u00bbhttps:\/\/descregut.com\/wp-content\/uploads\/2025\/07\/suro.jpg\u00bb alt=\u00bbCorcho Descregut\u00bb title_text=\u00bbCorcho Descregut\u00bb _builder_version=\u00bb4.27.4&#8243; _module_preset=\u00bbdefault\u00bb global_colors_info=\u00bb{}\u00bb][\/et_pb_image][et_pb_cta _builder_version=\u00bb4.27.4&#8243; _module_preset=\u00bbdefault\u00bb background_color=\u00bbRGBA(255,255,255,0)\u00bb global_colors_info=\u00bb{}\u00bb]<\/p>\n<h2>Corcho natural<\/h2>\n<p>El corcho natural es nuestro aliado para el embotellado. Adem\u00e1s de ser un material totalmente biodegradable y reciclable, garantiza una conservaci\u00f3n \u00f3ptima del vino, favoreciendo su envejecimiento gracias a la microoxigenaci\u00f3n y ofreciendo un contacto m\u00e1s respetuoso con el producto. Una elecci\u00f3n coherente con el respeto por la naturaleza y el medio ambiente.<\/p>\n<p>[\/et_pb_cta][\/et_pb_column][et_pb_column type=\u00bb1_3&#8243; _builder_version=\u00bb4.27.4&#8243; _module_preset=\u00bbdefault\u00bb global_colors_info=\u00bb{}\u00bb][et_pb_image src=\u00bbhttps:\/\/descregut.com\/wp-content\/uploads\/2025\/07\/placeholder.webp\u00bb title_text=\u00bbplaceholder\u00bb _builder_version=\u00bb4.27.4&#8243; _module_preset=\u00bbdefault\u00bb global_colors_info=\u00bb{}\u00bb][\/et_pb_image][et_pb_cta _builder_version=\u00bb4.27.4&#8243; _module_preset=\u00bbdefault\u00bb background_color=\u00bbRGBA(255,255,255,0)\u00bb global_colors_info=\u00bb{}\u00bb]<\/p>\n<h2>Deg\u00fcelle sin congelar<\/h2>\n<p>Degollamos nuestros espumosos sin congelar el cuello de la botella, un proceso que nos permite ahorrar energ\u00eda y evitar el uso de glicol, un refrigerante t\u00f3xico. De esta manera, hacemos el proceso m\u00e1s limpio y sostenible, en coherencia con nuestra apuesta por la viticultura ecol\u00f3gica, reducimos el impacto ambiental y mejoramos la eficiencia energ\u00e9tica de la elaboraci\u00f3n.[\/et_pb_cta][\/et_pb_column][\/et_pb_row][\/et_pb_section][et_pb_section fb_built=\u00bb1&#8243; prev_background_color=\u00bb#FDF9F4&#8243; next_background_color=\u00bb#FDF9F4&#8243; module_class=\u00bbdivider-crema-bottom divider-crema-top\u00bb _builder_version=\u00bb4.27.4&#8243; _module_preset=\u00bbdefault\u00bb background_image=\u00bbhttps:\/\/descregut.com\/wp-content\/uploads\/2025\/07\/4.2-coberta-vegetal.jpg\u00bb height=\u00bb40vh\u00bb max_height=\u00bb40vh\u00bb custom_padding=\u00bb30vh||0px||false|false\u00bb top_divider_style=\u00bbmountains2&#8243; bottom_divider_style=\u00bbwave\u00bb hover_enabled=\u00bb0&#8243; locked=\u00bboff\u00bb global_colors_info=\u00bb{}\u00bb parallax=\u00bbon\u00bb parallax_method=\u00bboff\u00bb sticky_enabled=\u00bb0&#8243;][\/et_pb_section][et_pb_section fb_built=\u00bb1&#8243; _builder_version=\u00bb4.27.4&#8243; _module_preset=\u00bbdefault\u00bb background_color=\u00bb#FDF9F4&#8243; custom_padding=\u00bb50px||50px||false|false\u00bb global_colors_info=\u00bb{}\u00bb][et_pb_row column_structure=\u00bb1_3,1_3,1_3&#8243; _builder_version=\u00bb4.27.4&#8243; _module_preset=\u00bbdefault\u00bb animation_style=\u00bbslide\u00bb animation_direction=\u00bbleft\u00bb global_colors_info=\u00bb{}\u00bb][et_pb_column type=\u00bb1_3&#8243; _builder_version=\u00bb4.27.4&#8243; _module_preset=\u00bbdefault\u00bb global_colors_info=\u00bb{}\u00bb][et_pb_image src=\u00bbhttps:\/\/descregut.com\/wp-content\/uploads\/2025\/08\/adobs-mida-be.jpg\u00bb alt=\u00bbAbonos org\u00e1nicos\u00bb title_text=\u00bbAbonos org\u00e1nicos\u00bb _builder_version=\u00bb4.27.4&#8243; _module_preset=\u00bbdefault\u00bb global_colors_info=\u00bb{}\u00bb][\/et_pb_image][et_pb_cta _builder_version=\u00bb4.27.4&#8243; _module_preset=\u00bbdefault\u00bb background_color=\u00bbRGBA(255,255,255,0)\u00bb global_colors_info=\u00bb{}\u00bb]<\/p>\n<h2>Uso de compost y abonos org\u00e1nicos<\/h2>\n<p>Apostamos por el compostaje y por el uso de abonos org\u00e1nicos para enriquecer el suelo de manera natural. Esta pr\u00e1ctica mejora la fertilidad del terreno y aumenta la capacidad del suelo para captar nitr\u00f3geno y otros nutrientes esenciales. Esto nos permite mitigar los efectos del cambio clim\u00e1tico y mantener un vi\u00f1edo sano y productivo, siempre con respeto por el medio ambiente.<\/p>\n<p> No utilizamos fertilizantes minerales.[\/et_pb_cta][\/et_pb_column][et_pb_column type=\u00bb1_3&#8243; _builder_version=\u00bb4.27.4&#8243; _module_preset=\u00bbdefault\u00bb global_colors_info=\u00bb{}\u00bb][et_pb_image src=\u00bbhttps:\/\/descregut.com\/wp-content\/uploads\/2025\/07\/plagues.jpg\u00bb alt=\u00bbControl de plagas\u00bb title_text=\u00bbControl de plagas\u00bb _builder_version=\u00bb4.27.4&#8243; _module_preset=\u00bbdefault\u00bb global_colors_info=\u00bb{}\u00bb][\/et_pb_image][et_pb_cta _builder_version=\u00bb4.27.4&#8243; _module_preset=\u00bbdefault\u00bb background_color=\u00bbRGBA(255,255,255,0)\u00bb global_colors_info=\u00bb{}\u00bb]<\/p>\n<h2>Control biol\u00f3gico de plagas<\/h2>\n<p>Nuestra lucha contra las plagas es totalmente natural. Mediante el control biol\u00f3gico y el uso de feromonas para provocar la confusi\u00f3n sexual, evitamos la reproducci\u00f3n de los insectos que pueden da\u00f1ar la uva. Este enfoque propio de la viticultura ecol\u00f3gica elimina la necesidad de pesticidas e insecticidas, garantizando un proceso limpio y con el m\u00e1ximo respeto por el ecosistema.[\/et_pb_cta][\/et_pb_column][et_pb_column type=\u00bb1_3&#8243; _builder_version=\u00bb4.27.4&#8243; _module_preset=\u00bbdefault\u00bb global_colors_info=\u00bb{}\u00bb][et_pb_image src=\u00bbhttps:\/\/descregut.com\/wp-content\/uploads\/2025\/07\/9.1-Varietats-tradicionals-xarel.lo_.jpg\u00bb title_text=\u00bb9.1-Varietats-tradicionals-xarel..lo\u00bb _builder_version=\u00bb4.27.4&#8243; _module_preset=\u00bbdefault\u00bb global_colors_info=\u00bb{}\u00bb][\/et_pb_image][et_pb_cta _builder_version=\u00bb4.27.4&#8243; _module_preset=\u00bbdefault\u00bb background_color=\u00bbRGBA(255,255,255,0)\u00bb global_colors_info=\u00bb{}\u00bb]<\/p>\n<h2>Selecci\u00f3n de variedades tradicionales<\/h2>\n<p>Trabajamos con variedades de uva tradicionales del Pened\u00e8s, las mejor adaptadas a nuestro clima y m\u00e1s resistentes de forma natural a las enfermedades. Esta elecci\u00f3n nos permite reducir el uso de tratamientos fitosanitarios y mantener un vi\u00f1edo sano, equilibrado y respetuoso con el medio ambiente, capaz de producir uvas de gran calidad.[\/et_pb_cta][\/et_pb_column][\/et_pb_row][\/et_pb_section][et_pb_section fb_built=\u00bb1&#8243; _builder_version=\u00bb4.27.4&#8243; _module_preset=\u00bbdefault\u00bb custom_padding=\u00bb0px||0px||false|false\u00bb global_module=\u00bb1770&#8243; saved_tabs=\u00bball\u00bb global_colors_info=\u00bb{}\u00bb][et_pb_row _builder_version=\u00bb4.27.4&#8243; _module_preset=\u00bbdefault\u00bb custom_padding=\u00bb0px||0px||false|false\u00bb custom_css_free_form=\u00bb%91gslogo id=2%93&#8243; global_colors_info=\u00bb{}\u00bb][et_pb_column type=\u00bb4_4&#8243; _builder_version=\u00bb4.27.4&#8243; _module_preset=\u00bbdefault\u00bb global_colors_info=\u00bb{}\u00bb][et_pb_text _builder_version=\u00bb4.27.4&#8243; _module_preset=\u00bbdefault\u00bb global_colors_info=\u00bb{}\u00bb]\t\n\t\t<div id=\"gs_logo_area_2\" data-sort=\"name\" data-shortcode-id=\"2\" class=\"gs_logo_area gs_logo_area_2 slider1 \" data-options='{\"logo_per_page\":\"6\"}' style=\"opacity: 0; visibility: hidden;\">\n\t\t\t<div class=\"gs_logo_area--inner\">\n\n\t\t\t\t<!-- Category Filters - New (Global) -->\n\t\t\t\t\t\n\t\t\t\t\n<div class=\"gs_logo_container gs_carousel_swiper gs_logo_fix_height_and_center\" data-carousel-config='{\"direction\":\"horizontal\",\"speed\":500,\"isAutoplay\":true,\"autoplayDelay\":2000,\"loop\":true,\"pauseOnHover\":true,\"ticker\":false,\"navs\":false,\"navs_pos\":\"bottom\",\"dots\":false,\"dynamic_dots\":true,\"slideSpace\":45,\"slidesPerGroup\":1,\"desktopLogos\":6,\"tabletLogos\":3,\"mobileLogos\":2,\"reverseDirection\":false}'>\n\n\t\n\t\t\n\t\t\t<div class=\"gs_logo_single--wrapper\">\n\t\t\t\t<div class=\"gs_logo_single\">\n\n\t\t\t\t\t<!-- Logo Img -->\n\t\t\t\t\t<img loading=\"lazy\" decoding=\"async\" width=\"300\" height=\"300\" src=\"https:\/\/descregut.com\/wp-content\/uploads\/2025\/08\/e4cotours-300x300.png\" class=\"tt-placement-top tt-bgcolor-one-%23ff5f6d tt-bgcolor-two-%23ffc371 tt-textcolor-%23fff gs-logo--img wp-post-image\" alt=\"Logo Pened\u00e8s Ecotours\" title=\"Logo Pen\u00e8des Ecotour\" \/>\n\t\t\t\t\t<!-- Logo Title -->\n\t\t\t\t\t\t\t\t\t\t\n\t\t\t\t\t<!-- Logo Category -->\n\t\t\t\t\t\t\t\t\t\t\n\t\t\t\t<\/div>\n\t\t\t<\/div>\n\n\t\t\n\t\t\t<div class=\"gs_logo_single--wrapper\">\n\t\t\t\t<div class=\"gs_logo_single\">\n\n\t\t\t\t\t<!-- Logo Img -->\n\t\t\t\t\t<img loading=\"lazy\" decoding=\"async\" width=\"300\" height=\"300\" src=\"https:\/\/descregut.com\/wp-content\/uploads\/2025\/08\/logo-enoturisme-300x300.jpg\" class=\"tt-placement-top tt-bgcolor-one-%23ff5f6d tt-bgcolor-two-%23ffc371 tt-textcolor-%23fff gs-logo--img wp-post-image\" alt=\"Logo Enoturisme Pened\u00e8s\" title=\"Logo Enoturisme Pened\u00e8s\" \/>\n\t\t\t\t\t<!-- Logo Title -->\n\t\t\t\t\t\t\t\t\t\t\n\t\t\t\t\t<!-- Logo Category -->\n\t\t\t\t\t\t\t\t\t\t\n\t\t\t\t<\/div>\n\t\t\t<\/div>\n\n\t\t\n\t\t\t<div class=\"gs_logo_single--wrapper\">\n\t\t\t\t<div class=\"gs_logo_single\">\n\n\t\t\t\t\t<!-- Logo Img -->\n\t\t\t\t\t<img loading=\"lazy\" decoding=\"async\" width=\"300\" height=\"300\" src=\"https:\/\/descregut.com\/wp-content\/uploads\/2025\/08\/logo-ccpae-300x300.png\" class=\"tt-placement-top tt-bgcolor-one-%23ff5f6d tt-bgcolor-two-%23ffc371 tt-textcolor-%23fff gs-logo--img wp-post-image\" alt=\"Logo CCPAE\" title=\"Logo CCPAE\" \/>\n\t\t\t\t\t<!-- Logo Title -->\n\t\t\t\t\t\t\t\t\t\t\n\t\t\t\t\t<!-- Logo Category -->\n\t\t\t\t\t\t\t\t\t\t\n\t\t\t\t<\/div>\n\t\t\t<\/div>\n\n\t\t\n\t\t\t<div class=\"gs_logo_single--wrapper\">\n\t\t\t\t<div class=\"gs_logo_single\">\n\n\t\t\t\t\t<!-- Logo Img -->\n\t\t\t\t\t<img loading=\"lazy\" decoding=\"async\" width=\"300\" height=\"300\" src=\"https:\/\/descregut.com\/wp-content\/uploads\/2025\/08\/logo-corpinnat-300x300.png\" class=\"tt-placement-top tt-bgcolor-one-%23ff5f6d tt-bgcolor-two-%23ffc371 tt-textcolor-%23fff gs-logo--img wp-post-image\" alt=\"Logo Corpinnat\" title=\"Logo Corpinnat\" \/>\n\t\t\t\t\t<!-- Logo Title -->\n\t\t\t\t\t\t\t\t\t\t\n\t\t\t\t\t<!-- Logo Category -->\n\t\t\t\t\t\t\t\t\t\t\n\t\t\t\t<\/div>\n\t\t\t<\/div>\n\n\t\t\n\t\t\t<div class=\"gs_logo_single--wrapper\">\n\t\t\t\t<div class=\"gs_logo_single\">\n\n\t\t\t\t\t<!-- Logo Img -->\n\t\t\t\t\t<img loading=\"lazy\" decoding=\"async\" width=\"300\" height=\"300\" src=\"https:\/\/descregut.com\/wp-content\/uploads\/2025\/08\/logo-penedes-300x300.png\" class=\"tt-placement-top tt-bgcolor-one-%23ff5f6d tt-bgcolor-two-%23ffc371 tt-textcolor-%23fff gs-logo--img wp-post-image\" alt=\"Logo DO Pened\u00e8s\" title=\"Logo DO Pened\u00e8s\" \/>\n\t\t\t\t\t<!-- Logo Title -->\n\t\t\t\t\t\t\t\t\t\t\n\t\t\t\t\t<!-- Logo Category -->\n\t\t\t\t\t\t\t\t\t\t\n\t\t\t\t<\/div>\n\t\t\t<\/div>\n\n\t\t\n\t\t\t<div class=\"gs_logo_single--wrapper\">\n\t\t\t\t<div class=\"gs_logo_single\">\n\n\t\t\t\t\t<!-- Logo Img -->\n\t\t\t\t\t<img loading=\"lazy\" decoding=\"async\" width=\"300\" height=\"300\" src=\"https:\/\/descregut.com\/wp-content\/uploads\/2025\/08\/certificat-eco-300x300.png\" class=\"tt-placement-top tt-bgcolor-one-%23ff5f6d tt-bgcolor-two-%23ffc371 tt-textcolor-%23fff gs-logo--img wp-post-image\" alt=\"Logo certificat ecol\u00f2gic\" title=\"Certificat ecol\u00f2gic\" \/>\n\t\t\t\t\t<!-- Logo Title -->\n\t\t\t\t\t\t\t\t\t\t\n\t\t\t\t\t<!-- Logo Category -->\n\t\t\t\t\t\t\t\t\t\t\n\t\t\t\t<\/div>\n\t\t\t<\/div>\n\n\t\t\t\t\n\t\n<\/div>\n\t\t\t\t<!-- Pagination -->\n\t\t\t\t\n\t\t\t<\/div>\n\t\t<\/div>\n\t\n\t\t<style>#gs_logo_area_2:not(.verticaltickerdown):not(.verticalticker) .gs_logo_container{margin-left:-22.5px}#gs_logo_area_2:not(.verticaltickerdown):not(.verticalticker) .gs_logo_container{margin-right:-22.5px}#gs_logo_area_2:not(.verticaltickerdown):not(.verticalticker) .gs_logo_single--wrapper{padding:22.5px}#gs_logo_area_2 ul.gs-logo-filter-cats{text-align:center!important}#gs_logo_area_2 .gs_logo_single--wrapper{width:16.666666666667%}@media (max-width:1023px){#gs_logo_area_2 .gs_logo_single--wrapper{width:33.333333333333%}}@media (max-width:767px){#gs_logo_area_2 .gs_logo_single--wrapper{width:50%}}<\/style>[\/et_pb_text][\/et_pb_column][\/et_pb_row][\/et_pb_section][et_pb_section fb_built=\u00bb1&#8243; _builder_version=\u00bb4.27.4&#8243; _module_preset=\u00bbdefault\u00bb custom_padding=\u00bb0px||0px||false|false\u00bb global_module=\u00bb1771&#8243; saved_tabs=\u00bball\u00bb global_colors_info=\u00bb{}\u00bb][et_pb_row _builder_version=\u00bb4.27.4&#8243; _module_preset=\u00bbdefault\u00bb background_color=\u00bb#493C38&#8243; width=\u00bb100%\u00bb max_width=\u00bb100%\u00bb custom_padding=\u00bb0px||0px||false|false\u00bb animation_style=\u00bbslide\u00bb animation_direction=\u00bbbottom\u00bb custom_css_free_form=\u00bbselector {||  display:flex!important;||justify-content: center;||}\u00bb global_colors_info=\u00bb{}\u00bb][et_pb_column type=\u00bb4_4&#8243; _builder_version=\u00bb4.27.4&#8243; _module_preset=\u00bbdefault\u00bb custom_padding=\u00bb30px||30px||false|false\u00bb custom_css_main_element=\u00bbdisplay:flex;||align-items:center;||justify-content:space-between;||width:80%;||max-width:1280px;\u00bb global_colors_info=\u00bb{}\u00bb][et_pb_text _builder_version=\u00bb4.27.4&#8243; _module_preset=\u00bbdefault\u00bb background_layout=\u00bbdark\u00bb custom_margin=\u00bb||0px||false|false\u00bb custom_padding=\u00bb||||false|false\u00bb global_colors_info=\u00bb{}\u00bb]<\/p>\n<h2>CONTACTA CON NOSOTROS<\/h2>\n<p>[\/et_pb_text][et_pb_button button_url=\u00bbhttps:\/\/descregut.com\/es\/contacto-bodega\/\u00bb button_text=\u00bbContacto\u00bb button_alignment=\u00bbright\u00bb _builder_version=\u00bb4.27.4&#8243; _module_preset=\u00bbdefault\u00bb background_layout=\u00bbdark\u00bb global_colors_info=\u00bb{}\u00bb][\/et_pb_button][\/et_pb_column][\/et_pb_row][et_pb_row _builder_version=\u00bb4.27.4&#8243; _module_preset=\u00bbdefault\u00bb width=\u00bb100%\u00bb max_width=\u00bb100%\u00bb custom_margin=\u00bb||-5px||false|false\u00bb custom_padding=\u00bb0px||0px||false|false\u00bb animation_style=\u00bbslide\u00bb animation_direction=\u00bbbottom\u00bb global_colors_info=\u00bb{}\u00bb][et_pb_column type=\u00bb4_4&#8243; _builder_version=\u00bb4.27.4&#8243; _module_preset=\u00bbdefault\u00bb global_colors_info=\u00bb{}\u00bb][et_pb_code _builder_version=\u00bb4.27.4&#8243; _module_preset=\u00bbdefault\u00bb global_colors_info=\u00bb{}\u00bb]<iframe src=\"https:\/\/www.google.com\/maps\/embed?pb=!1m18!1m12!1m3!1d2993.2176153996834!2d1.6700810766762562!3d41.39108019576516!2m3!1f0!2f0!3f0!3m2!1i1024!2i768!4f13.1!3m3!1m2!1s0x12a4707e67dd69db%3A0x15abf947b61e3892!2sCan%20Descregut!5e0!3m2!1ses!2ses!4v1747304182240!5m2!1ses!2ses\" width=\"100%\" height=\"400\" style=\"border:0;\" allowfullscreen=\"\" loading=\"lazy\" referrerpolicy=\"no-referrer-when-downgrade\"><\/iframe>[\/et_pb_code][\/et_pb_column][\/et_pb_row][\/et_pb_section]<\/p>\n","protected":false},"excerpt":{"rendered":"<p>[et_pb_section fb_built=\u00bb1&#8243; module_class=\u00bbdivider-crema-bottom\u00bb _builder_version=\u00bb4.27.4&#8243; _module_preset=\u00bbdefault\u00bb background_enable_color=\u00bboff\u00bb use_background_color_gradient=\u00bbon\u00bb background_color_gradient_stops=\u00bbrgba(0, 0, 0, 0.17) 0%|rgba(0,0,0,0.17) 6%|rgba(0, 0, 0, 0.53) 31%|rgba(0,0,0,0.72) 65%\u00bb background_color_gradient_overlays_image=\u00bbon\u00bb background_image=\u00bbhttps:\/\/descregut.com\/wp-content\/uploads\/2025\/07\/capcelera-comp.jpg\u00bb min_height=\u00bb50vh\u00bb bottom_divider_style=\u00bbwave2&#8243; bottom_divider_color=\u00bb#F7EDDE\u00bb hover_enabled=\u00bb0&#8243; global_colors_info=\u00bb{}\u00bb parallax=\u00bbon\u00bb parallax_method=\u00bboff\u00bb sticky_enabled=\u00bb0&#8243;][et_pb_row _builder_version=\u00bb4.27.4&#8243; _module_preset=\u00bbdefault\u00bb custom_padding=\u00bb15vh||||false|false\u00bb animation_style=\u00bbfade\u00bb global_colors_info=\u00bb{}\u00bb][et_pb_column type=\u00bb4_4&#8243; _builder_version=\u00bb4.27.4&#8243; _module_preset=\u00bbdefault\u00bb global_colors_info=\u00bb{}\u00bb][et_pb_cta _builder_version=\u00bb4.27.4&#8243; _module_preset=\u00bbdefault\u00bb background_color=\u00bbRGBA(255,255,255,0)\u00bb text_orientation=\u00bbcenter\u00bb background_layout=\u00bbdark\u00bb max_width=\u00bb65%\u00bb module_alignment=\u00bbcenter\u00bb global_colors_info=\u00bb{}\u00bb] Viticultura ecol\u00f3gica Un compromiso con el entorno En Can Descregut [&hellip;]<\/p>\n","protected":false},"author":1,"featured_media":0,"parent":0,"menu_order":0,"comment_status":"closed","ping_status":"closed","template":"","meta":{"_acf_changed":false,"_et_pb_use_builder":"on","_et_pb_old_content":"","_et_gb_content_width":"","footnotes":""},"class_list":["post-2190","page","type-page","status-publish","hentry"],"acf":[],"_links":{"self":[{"href":"https:\/\/descregut.com\/es\/wp-json\/wp\/v2\/pages\/2190","targetHints":{"allow":["GET"]}}],"collection":[{"href":"https:\/\/descregut.com\/es\/wp-json\/wp\/v2\/pages"}],"about":[{"href":"https:\/\/descregut.com\/es\/wp-json\/wp\/v2\/types\/page"}],"author":[{"embeddable":true,"href":"https:\/\/descregut.com\/es\/wp-json\/wp\/v2\/users\/1"}],"replies":[{"embeddable":true,"href":"https:\/\/descregut.com\/es\/wp-json\/wp\/v2\/comments?post=2190"}],"version-history":[{"count":5,"href":"https:\/\/descregut.com\/es\/wp-json\/wp\/v2\/pages\/2190\/revisions"}],"predecessor-version":[{"id":2765,"href":"https:\/\/descregut.com\/es\/wp-json\/wp\/v2\/pages\/2190\/revisions\/2765"}],"wp:attachment":[{"href":"https:\/\/descregut.com\/es\/wp-json\/wp\/v2\/media?parent=2190"}],"curies":[{"name":"wp","href":"https:\/\/api.w.org\/{rel}","templated":true}]}}