{"id":2757,"date":"2025-05-15T11:21:57","date_gmt":"2025-05-15T10:21:57","guid":{"rendered":"https:\/\/descregut.com\/qui-som-celler-ecologic-penedes\/"},"modified":"2026-02-27T18:15:16","modified_gmt":"2026-02-27T17:15:16","slug":"qui-som-celler-ecologic-penedes","status":"publish","type":"page","link":"https:\/\/descregut.com\/es\/qui-som-celler-ecologic-penedes\/","title":{"rendered":"Quienes somos"},"content":{"rendered":"<p>[et_pb_section fb_built=\u00bb1&#8243; module_class=\u00bbdivider-crema-bottom\u00bb _builder_version=\u00bb4.27.4&#8243; _module_preset=\u00bbdefault\u00bb background_image=\u00bbhttps:\/\/descregut.com\/wp-content\/uploads\/2025\/05\/collint-raims-a-ma.jpg\u00bb parallax=\u00bbon\u00bb parallax_method=\u00bboff\u00bb min_height=\u00bb75vh\u00bb bottom_divider_style=\u00bbwave2&#8243; bottom_divider_color=\u00bb#F7EDDE\u00bb hover_enabled=\u00bb0&#8243; global_colors_info=\u00bb{}\u00bb sticky_enabled=\u00bb0&#8243;][\/et_pb_section][et_pb_section fb_built=\u00bb1&#8243; _builder_version=\u00bb4.27.4&#8243; _module_preset=\u00bbdefault\u00bb global_colors_info=\u00bb{}\u00bb][et_pb_row column_structure=\u00bb1_2,1_2&#8243; make_equal=\u00bbon\u00bb _builder_version=\u00bb4.27.4&#8243; _module_preset=\u00bbdefault\u00bb custom_css_main_element=\u00bbalign-items:center;\u00bb global_colors_info=\u00bb{}\u00bb][et_pb_column type=\u00bb1_2&#8243; _builder_version=\u00bb4.27.4&#8243; _module_preset=\u00bbdefault\u00bb global_colors_info=\u00bb{}\u00bb][et_pb_cta _builder_version=\u00bb4.27.5&#8243; _module_preset=\u00bbdefault\u00bb background_color=\u00bbRGBA(255,255,255,0)\u00bb animation_style=\u00bbslide\u00bb animation_direction=\u00bbleft\u00bb]<\/p>\n<h1>CAN DESCREGUT<\/h1>\n<h2>Somos una bodega ecol\u00f3gica familiar ubicada en la mas\u00eda Can Descregut.<\/h2>\n<p>Can Descregut es el proyecto vitivin\u00edcola de Arantxa De Cara y Marc Mil\u00e0, y tambi\u00e9n el nombre de la casa\u2011mas\u00eda donde vivimos y elaboramos el vino, situada en Vilob\u00ed del Pened\u00e8s. Es una iniciativa personal y familiar que nace de una inquietud constante por hacer vinos con identidad, honestos y profundamente arraigados al territorio. <\/p>\n<p>Elaboradors soat crites de m\u00ednima intervenci\u00f3 vins tranquils i escumosos de qualitat amparats sota la marca col\u00b7lectiva Corpinnat, treballem exclusivament amb ra\u00efm de 20 Ha de vinyes pr\u00f2pies cultivades ecol\u00f2gicament.<\/p>\n<p>No compramos ni vino ni uva.<\/p>\n<p>[\/et_pb_cta][\/et_pb_column][et_pb_column type=\u00bb1_2&#8243; _builder_version=\u00bb4.27.4&#8243; _module_preset=\u00bbdefault\u00bb global_colors_info=\u00bb{}\u00bb][dipi_image_gallery thumbs_space_between=\u00bb5&#8243; thumbs_navigation_size=\u00bb46&#8243; thumbs_navigation_padding=\u00bb45&#8243; enable_popup=\u00bbon\u00bb main_autoplay=\u00bbon\u00bb pause_on_hover=\u00bbon\u00bb _builder_version=\u00bb4.27.5&#8243; _module_preset=\u00bbdefault\u00bb width=\u00bb100%\u00bb custom_margin=\u00bb-1px||3px|||\u00bb custom_padding=\u00bb|0px|45px|||\u00bb animation_style=\u00bbslide\u00bb animation_direction=\u00bbright\u00bb animation_starting_opacity=\u00bb43%\u00bb global_colors_info=\u00bb{}\u00bb][dipi_image_gallery_child item_image=\u00bbhttps:\/\/descregut.com\/wp-content\/uploads\/2026\/01\/IMG-20190924-WA0010-1.jpg\u00bb _builder_version=\u00bb4.27.4&#8243; _module_preset=\u00bbdefault\u00bb global_colors_info=\u00bb{}\u00bb][\/dipi_image_gallery_child][dipi_image_gallery_child item_image=\u00bbhttps:\/\/descregut.com\/wp-content\/uploads\/2026\/01\/IMG_20180917_192040_HDR.jpg\u00bb _builder_version=\u00bb4.27.4&#8243; _module_preset=\u00bbdefault\u00bb global_colors_info=\u00bb{}\u00bb][\/dipi_image_gallery_child][dipi_image_gallery_child item_image=\u00bbhttps:\/\/descregut.com\/wp-content\/uploads\/2026\/01\/IMG_20250908_141231.jpg\u00bb _builder_version=\u00bb4.27.4&#8243; _module_preset=\u00bbdefault\u00bb global_colors_info=\u00bb{}\u00bb][\/dipi_image_gallery_child][dipi_image_gallery_child item_image=\u00bbhttps:\/\/descregut.com\/wp-content\/uploads\/2026\/01\/IMG_20211112_130911-1.jpg\u00bb _builder_version=\u00bb4.27.4&#8243; _module_preset=\u00bbdefault\u00bb global_colors_info=\u00bb{}\u00bb][\/dipi_image_gallery_child][dipi_image_gallery_child item_image=\u00bbhttps:\/\/descregut.com\/wp-content\/uploads\/2026\/01\/IMG-20190927-WA0004.jpg\u00bb _builder_version=\u00bb4.27.4&#8243; _module_preset=\u00bbdefault\u00bb global_colors_info=\u00bb{}\u00bb][\/dipi_image_gallery_child][dipi_image_gallery_child item_image=\u00bbhttps:\/\/descregut.com\/wp-content\/uploads\/2026\/01\/IMG_20220402_194313.jpg\u00bb _builder_version=\u00bb4.27.4&#8243; _module_preset=\u00bbdefault\u00bb global_colors_info=\u00bb{}\u00bb][\/dipi_image_gallery_child][dipi_image_gallery_child item_image=\u00bbhttps:\/\/descregut.com\/wp-content\/uploads\/2026\/01\/IMG_20190915_120248-2.jpg\u00bb _builder_version=\u00bb4.27.4&#8243; _module_preset=\u00bbdefault\u00bb global_colors_info=\u00bb{}\u00bb][\/dipi_image_gallery_child][dipi_image_gallery_child item_image=\u00bbhttps:\/\/descregut.com\/wp-content\/uploads\/2026\/01\/IMG_20211115_120434.jpg\u00bb _builder_version=\u00bb4.27.4&#8243; _module_preset=\u00bbdefault\u00bb global_colors_info=\u00bb{}\u00bb][\/dipi_image_gallery_child][dipi_image_gallery_child item_image=\u00bbhttps:\/\/descregut.com\/wp-content\/uploads\/2026\/01\/IMG_20210906_153841.jpg\u00bb _builder_version=\u00bb4.27.4&#8243; _module_preset=\u00bbdefault\u00bb global_colors_info=\u00bb{}\u00bb][\/dipi_image_gallery_child][dipi_image_gallery_child item_image=\u00bbhttps:\/\/descregut.com\/wp-content\/uploads\/2026\/01\/WhatsApp-Image-2026-01-14-at-19.54.51.jpeg\u00bb _builder_version=\u00bb4.27.4&#8243; _module_preset=\u00bbdefault\u00bb global_colors_info=\u00bb{}\u00bb][\/dipi_image_gallery_child][dipi_image_gallery_child item_image=\u00bbhttps:\/\/descregut.com\/wp-content\/uploads\/2026\/01\/IMG_20230908_133915-2.jpg\u00bb _builder_version=\u00bb4.27.4&#8243; _module_preset=\u00bbdefault\u00bb global_colors_info=\u00bb{}\u00bb][\/dipi_image_gallery_child][dipi_image_gallery_child item_image=\u00bbhttps:\/\/descregut.com\/wp-content\/uploads\/2026\/01\/WhatsApp-Image-2026-01-14-at-20.20.29.jpeg\u00bb main_bg_placement=\u00bbtop center\u00bb _builder_version=\u00bb4.27.4&#8243; _module_preset=\u00bbdefault\u00bb global_colors_info=\u00bb{}\u00bb][\/dipi_image_gallery_child][dipi_image_gallery_child item_image=\u00bbhttps:\/\/descregut.com\/wp-content\/uploads\/2026\/01\/WhatsApp-Image-2026-01-14-at-20.07.54.jpeg\u00bb _builder_version=\u00bb4.27.4&#8243; _module_preset=\u00bbdefault\u00bb global_colors_info=\u00bb{}\u00bb][\/dipi_image_gallery_child][dipi_image_gallery_child item_image=\u00bbhttps:\/\/descregut.com\/wp-content\/uploads\/2026\/01\/WhatsApp-Image-2026-01-14-at-20.12.00.jpeg\u00bb _builder_version=\u00bb4.27.4&#8243; _module_preset=\u00bbdefault\u00bb global_colors_info=\u00bb{}\u00bb][\/dipi_image_gallery_child][\/dipi_image_gallery][\/et_pb_column][\/et_pb_row][et_pb_row column_structure=\u00bb1_2,1_2&#8243; _builder_version=\u00bb4.27.5&#8243; _module_preset=\u00bbdefault\u00bb global_colors_info=\u00bb{}\u00bb][et_pb_column type=\u00bb1_2&#8243; _builder_version=\u00bb4.27.5&#8243; _module_preset=\u00bbdefault\u00bb global_colors_info=\u00bb{}\u00bb][et_pb_cta title=\u00bbNuestra historia\u00bb button_text=\u00bbHaz clic aqu\u00ed\u00bb _builder_version=\u00bb4.27.5&#8243; _module_preset=\u00bbdefault\u00bb animation_style=\u00bbslide\u00bb animation_direction=\u00bbleft\u00bb]<\/p>\n<h3><\/h3>\n<p><strong>Joaquim de Cara<\/strong> compr\u00f3 la mas\u00eda Can Descregut en 1981, una masover\u00eda de mediados del siglo XIX. A partir de 1986 se recupera la tradici\u00f3n de elaborar vino en la mas\u00eda y se construye una nueva bodega para elaborar vinos base para espumosos que se venden a elaboradores de cava de la comarca. En estos primeros a\u00f1os salen al mercado las primeras botellas de vino espumoso vendi\u00e9ndose principalmente en el mercado local.  <\/p>\n<h3>En 2004, <strong>Arantxa De Cara<\/strong>, hija de Joaquim, al terminar sus estudios de Enolog\u00eda en la Universidad de Tarragona da un paso adelante y comienza a elaborar vinos en la bodega con la marca Descregut.<\/h3>\n<p>En 2005, junto con su suegro <strong>Joan Mil\u00e0 <\/strong>(en\u00f3logo de prestigio y profesor de Viticultura y Enolog\u00eda), comienzan a elaborar vinos de crianza y lanzan al mercado el primer vino elaborado 100% con xarel\u00b7lo Vermell<\/p>\n<p>En 2008 se inicia la conversi\u00f3n hacia la agricultura ecol\u00f3gica.<\/p>\n<h3><strong>Marc Mil\u00e0,<\/strong> pareja de Arantxa, se incorpora en 2010 al proyecto. A pesar de venir profesionalmente de otro \u00e1mbito, tiene una profunda vinculaci\u00f3n familiar con el sector vitivin\u00edcola, habiendo trabajado desde muy joven en todas las labores de la vi\u00f1a y de la bodega. <\/h3>\n<p>&nbsp;<\/p>\n<p>[\/et_pb_cta][\/et_pb_column][et_pb_column type=\u00bb1_2&#8243; _builder_version=\u00bb4.27.5&#8243; _module_preset=\u00bbdefault\u00bb global_colors_info=\u00bb{}\u00bb][et_pb_cta button_text=\u00bbHaz clic aqu\u00ed\u00bb _builder_version=\u00bb4.27.5&#8243; _module_preset=\u00bbdefault\u00bb min_height=\u00bb520.8px\u00bb animation_style=\u00bbslide\u00bb animation_direction=\u00bbleft\u00bb]<\/p>\n<h3><\/h3>\n<h2><\/h2>\n<p>En 2011, Arantxa recibe el <strong>premio de la AEC como \u201cjoven promesa de la enolog\u00eda\u201d. <\/strong><\/p>\n<p>Se planta la primera vi\u00f1a de <strong>Sumoll negro <\/strong>recuperado de Rodony\u00e0 y se incrementa la superficie de xarel\u00b7lo vermell.<\/p>\n<h3>En 2012 se inicia el trabajo de vinificar con levaduras propias y se acent\u00faa la reducci\u00f3n de SO\u2082 en los vinos. En la vi\u00f1a se realizan las primeras pruebas con cubiertas vegetales espont\u00e1neas y se comienza a trabajar con preparados biodin\u00e1micos. <\/h3>\n<p>En 2014 se inicia la exportaci\u00f3n a diferentes pa\u00edses.<\/p>\n<p>En 2015 se trabaja con \u00e1nforas de cer\u00e1mica y se inicia el deg\u00fcelle sin congelar.<\/p>\n<p>En 2019 se elaboran los primeros vinos \u00abbrisados\u00bb influenciados por un viaje al norte de Italia y Eslovenia.<\/p>\n<h3>En 2020, Can Descregut se incorpora a <strong>Corpinnat.<\/strong><\/h3>\n<p>En 2021 se realiza el 100\u202f% de los tirajes con Mosto de Uva Concentrado Rectificado en lugar de az\u00facar de ca\u00f1a o remolacha para conseguir la segunda fermentaci\u00f3n.<\/p>\n<p>En 2022, la <strong>revista Forbes<\/strong> de Estados Unidos nombra el vino espumoso Descregut como uno de los 10 espumosos de Espa\u00f1a a tener en cuenta por su relaci\u00f3n calidad\u2011precio.<\/p>\n<p>Ese mismo a\u00f1o instalamos placas solares para reducir el consumo el\u00e9ctrico en la bodega.<\/p>\n<p>&nbsp;<\/p>\n<p>[\/et_pb_cta][\/et_pb_column][\/et_pb_row][\/et_pb_section][et_pb_section fb_built=\u00bb1&#8243; custom_padding_last_edited=\u00bbon|phone\u00bb prev_background_color=\u00bb#ffffff\u00bb module_class=\u00bbdivider-crema-top\u00bb _builder_version=\u00bb4.27.5&#8243; _module_preset=\u00bbdefault\u00bb background_image=\u00bbhttps:\/\/descregut.com\/wp-content\/uploads\/2025\/05\/cabas-raims-a-ma.jpg\u00bb parallax=\u00bbon\u00bb parallax_method=\u00bboff\u00bb transform_scale=\u00bb104%|104%\u00bb custom_padding=\u00bb60vh||0px||false|false\u00bb custom_padding_tablet=\u00bb30vh||||false|false\u00bb custom_padding_phone=\u00bb10vh||||false|false\u00bb top_divider_style=\u00bbcurve\u00bb background_last_edited=\u00bbon|phone\u00bb parallax_tablet=\u00bboff\u00bb background_position_tablet=\u00bbcenter_right\u00bb locked=\u00bboff\u00bb global_colors_info=\u00bb{}\u00bb][et_pb_row column_structure=\u00bb1_2,1_2&#8243; disabled_on=\u00bboff|off|off\u00bb _builder_version=\u00bb4.27.5&#8243; _module_preset=\u00bbdefault\u00bb custom_padding=\u00bb||0px||false|false\u00bb animation_style=\u00bbslide\u00bb animation_direction=\u00bbbottom\u00bb animation_starting_opacity=\u00bb100%\u00bb global_colors_info=\u00bb{}\u00bb][et_pb_column type=\u00bb1_2&#8243; _builder_version=\u00bb4.22.1&#8243; _module_preset=\u00bbdefault\u00bb global_colors_info=\u00bb{}\u00bb][et_pb_cta button_url=\u00bbhttps:\/\/descregut.com\/es\/viticultura-ecologica\/\u00bb button_text=\u00bbExplora la Viticultura ecol\u00f2gica\u00bb disabled_on=\u00bbon|off|off\u00bb _builder_version=\u00bb4.27.5&#8243; _module_preset=\u00bb08c17348-33f0-49ac-a38e-a8edd78ee585&#8243; custom_button=\u00bbon\u00bb button_text_color=\u00bb#493C38&#8243; button_bg_color=\u00bb#FDF9F4&#8243;]<\/p>\n<h1>CORPINNAT<\/h1>\n<h2>Elaborados en el coraz\u00f3n del Pened\u00e8s, nuestros espumosos capturan la esencia del territorio.<\/h2>\n<p>Con el sello Corpinnat garantizamos calidad, autoexigencia y rigor.<\/p>\n<p>[\/et_pb_cta][\/et_pb_column][et_pb_column type=\u00bb1_2&#8243; _builder_version=\u00bb4.22.1&#8243; _module_preset=\u00bbdefault\u00bb global_colors_info=\u00bb{}\u00bb][\/et_pb_column][\/et_pb_row][\/et_pb_section][et_pb_section fb_built=\u00bb1&#8243; _builder_version=\u00bb4.27.5&#8243; _module_preset=\u00bbdefault\u00bb background_color=\u00bb#493C38&#8243; bottom_divider_style=\u00bbwave\u00bb bottom_divider_color=\u00bb#ffffff\u00bb locked=\u00bboff\u00bb global_colors_info=\u00bb{}\u00bb][et_pb_row _builder_version=\u00bb4.27.4&#8243; _module_preset=\u00bbdefault\u00bb animation_style=\u00bbslide\u00bb animation_direction=\u00bbright\u00bb global_colors_info=\u00bb{}\u00bb][et_pb_column type=\u00bb4_4&#8243; _builder_version=\u00bb4.22.1&#8243; _module_preset=\u00bbdefault\u00bb global_colors_info=\u00bb{}\u00bb][et_pb_text _builder_version=\u00bb4.27.5&#8243; _module_preset=\u00bbdefault\u00bb background_layout=\u00bbdark\u00bb global_colors_info=\u00bb{}\u00bb]<\/p>\n<h3>Comprometidos con la tierra, elaboramos vinos ecol\u00f3gicos que respetan el equilibrio natural de nuestro entorno.<\/h3>\n<p>[\/et_pb_text][\/et_pb_column][\/et_pb_row][\/et_pb_section][et_pb_section fb_built=\u00bb1&#8243; _builder_version=\u00bb4.27.5&#8243; _module_preset=\u00bbdefault\u00bb top_divider_height=\u00bb120px\u00bb top_divider_repeat=\u00bb12x\u00bb global_colors_info=\u00bb{}\u00bb][et_pb_row column_structure=\u00bb1_2,1_2&#8243; make_equal=\u00bbon\u00bb _builder_version=\u00bb4.27.4&#8243; _module_preset=\u00bbdefault\u00bb custom_css_main_element=\u00bbalign-items:center;\u00bb global_colors_info=\u00bb{}\u00bb][et_pb_column type=\u00bb1_2&#8243; _builder_version=\u00bb4.27.4&#8243; _module_preset=\u00bbdefault\u00bb global_colors_info=\u00bb{}\u00bb][et_pb_cta title=\u00bbDel pened\u00e8s\u00bb button_text=\u00bbHaz clic aqu\u00ed\u00bb _builder_version=\u00bb4.27.5&#8243; _module_preset=\u00bbdefault\u00bb animation_style=\u00bbslide\u00bb animation_direction=\u00bbleft\u00bb]<\/p>\n<h3>Trabajamos con las variedades tradicionales del Pened\u00e8s que est\u00e1n mejor adaptadas a nuestro clima.<\/h3>\n<p>Elaboramos vinos bajo criterios de m\u00ednima intervenci\u00f3n para expresar la tipicidad del Pened\u00e8s y el car\u00e1cter de los suelos de Vilob\u00ed, ricos en yesos, que aportan mineralidad e identidad a los vinos. Buscamos que reflejen nuestra manera de ser y nuestro territorio, con producciones racionales (nunca compramos vino). <\/p>\n<p>[\/et_pb_cta][et_pb_cta title=\u00bbInquietos\u00bb button_text=\u00bbHaz clic aqu\u00ed\u00bb _builder_version=\u00bb4.27.5&#8243; _module_preset=\u00bbdefault\u00bb custom_margin=\u00bb|0px|4px||false|false\u00bb]<\/p>\n<h3>Trabajamos desde la inquietud, la curiosidad y el respeto por el entorno, explorando los caminos de la vinificaci\u00f3n m\u00e1s sincera. Cada vino es el resultado de la observaci\u00f3n y la experimentaci\u00f3n. <\/h3>\n<p><span>Vivimos y asumimos todo el proceso de elaboraci\u00f3n del vino, desde la vi\u00f1a hasta la botella. En  <\/span>Can Descregut no compramos vino ni uva: todos los vinos se elaboran exclusivamente en nuestra bodega, a partir de uva de vi\u00f1as propias.<\/p>\n<p><span>Participamos directamente en todos los ciclos del trabajo, desde la poda de invierno y el mantenimiento de la vi\u00f1a durante todo el a\u00f1o hasta la vendimia y la vinificaci\u00f3n. Incluso dise\u00f1amos personalmente las etiquetas de los vinos, de manera que cada vino es un proyecto largo y coherente, con un porqu\u00e9  <\/span>perqu\u00e9 claro desde el vi\u00f1edo hasta la botella.<\/p>\n<p>[\/et_pb_cta][et_pb_blurb title=\u00bbPioneros en vinificar xarel\u00b7lo vermell\u00bb image=\u00bbhttps:\/\/descregut.com\/wp-content\/uploads\/2025\/02\/red-xarel.lo_.jpg\u00bb image_icon_width=\u00bb74%\u00bb _builder_version=\u00bb4.27.5&#8243; _module_preset=\u00bbdefault\u00bb global_colors_info=\u00bb{}\u00bb]<\/p>\n<p>Fruto de esta inquietud, en 2005 fuimos la primera bodega en lanzar al mercado un vino elaborado 100\u202f% con la desconocida variedad xarel\u00b7lo vermell. En este sentido, Arantxa realiz\u00f3 su trabajo final de carrera en Enolog\u00eda centrado en el estudio de esta variedad. Este vino es el Vermell, que elaboramos desde hace 20 a\u00f1os.  <\/p>\n<p>[\/et_pb_blurb][\/et_pb_column][et_pb_column type=\u00bb1_2&#8243; _builder_version=\u00bb4.27.4&#8243; _module_preset=\u00bbdefault\u00bb global_colors_info=\u00bb{}\u00bb][et_pb_blurb title=\u00bbNUESTRO LOGO: EL SE\u00d1OR DESCREGUT\u00bb image=\u00bbhttps:\/\/descregut.com\/wp-content\/uploads\/2025\/05\/Disseny-sense-titol-1.png\u00bb image_icon_width=\u00bb83%\u00bb content_max_width=\u00bb397px\u00bb _builder_version=\u00bb4.27.5&#8243; _module_preset=\u00bbdefault\u00bb header_level=\u00bbh5&#8243; header_text_align=\u00bbcenter\u00bb body_font=\u00bb||||||||\u00bb body_text_align=\u00bbcenter\u00bb background_color=\u00bb#EAEAEA\u00bb width=\u00bb96%\u00bb max_width=\u00bb99%\u00bb module_alignment=\u00bbcenter\u00bb custom_margin=\u00bb0px|0px||24px|false|false\u00bb custom_padding=\u00bb26px|0px|24px|0px|false|false\u00bb animation_style=\u00bbbounce\u00bb animation_direction=\u00bbright\u00bb animation_duration=\u00bb1700ms\u00bb border_radii=\u00bbon|38px|38px|38px|38px\u00bb border_radii_image=\u00bbon|300px|300px|300px|300px\u00bb global_colors_info=\u00bb{}\u00bb]<\/p>\n<p data-start=\"171\" data-end=\"431\">El nombre de <strong data-start=\"181\" data-end=\"198\">Cal Descregut<\/strong> proviene de un <strong data-start=\"210\" data-end=\"226\">apodo antiguo<\/strong>, como muchos otros nombres de casas en el mundo rural catal\u00e1n. Tradicionalmente, las casas no se identificaban tanto por el apellido oficial, sino por <strong data-start=\"361\" data-end=\"430\">el sobrenombre con el que se conoc\u00eda a la familia o a alguno de sus miembros.<\/strong> <\/p>\n<p data-start=\"433\" data-end=\"769\">En este caso, <em data-start=\"448\" data-end=\"462\">el Descregut<\/em> hac\u00eda referencia a una persona d<strong data-start=\"493\" data-end=\"573\">e car\u00e1cter independiente, poco dada a creer las cosas sin comprobarlas,<\/strong> con un esp\u00edritu cr\u00edtico y una manera de actuar propia. Con el paso del tiempo, este apodo termin\u00f3 dando nombre a la casa, que se conoci\u00f3 como <strong data-start=\"716\" data-end=\"733\">Cal Descregut<\/strong>, es decir, <em data-start=\"745\" data-end=\"768\">la casa del Descregut.<\/em> <\/p>\n<p data-start=\"771\" data-end=\"933\">Como suele ocurrir, el origen exacto del apodo se ha ido perdiendo con el tiempo, pero el nombre ha perdurado de generaci\u00f3n en generaci\u00f3n, convirti\u00e9ndose en parte de la identidad del lugar.<\/p>\n<p>[\/et_pb_blurb][\/et_pb_column][\/et_pb_row][et_pb_row column_structure=\u00bb1_2,1_2&#8243; make_equal=\u00bbon\u00bb _builder_version=\u00bb4.27.4&#8243; _module_preset=\u00bbdefault\u00bb custom_css_main_element=\u00bbalign-items:center;\u00bb global_colors_info=\u00bb{}\u00bb][et_pb_column type=\u00bb1_2&#8243; _builder_version=\u00bb4.27.4&#8243; _module_preset=\u00bbdefault\u00bb global_colors_info=\u00bb{}\u00bb][et_pb_cta title=\u00bbEcol\u00f3gicos\u00bb button_text=\u00bbHaz clic aqu\u00ed\u00bb _builder_version=\u00bb4.27.5&#8243; _module_preset=\u00bbdefault\u00bb custom_margin=\u00bb|0px|||false|false\u00bb]<\/p>\n<h3>Cultivamos cada cepa con cuidado y respeto, sin utilizar insecticidas ni herbicidas, buscando siempre el equilibrio natural del vi\u00f1edo y fomentando la biodiversidad de nuestro entorno.<\/h3>\n<p>Este compromiso con la tierra y con una viticultura sostenible se refleja en cada cosecha. Nuestros vinos est\u00e1n certificados como ecol\u00f3gicos seg\u00fan la normativa europea, garant\u00eda de una manera de hacer responsable, transparente y alineada con los valores que nos definen como bodega.<\/p>\n<p>[\/et_pb_cta][\/et_pb_column][et_pb_column type=\u00bb1_2&#8243; _builder_version=\u00bb4.27.4&#8243; _module_preset=\u00bbdefault\u00bb global_colors_info=\u00bb{}\u00bb][et_pb_blurb title=\u00bbBodega ecol\u00f3gica certificada desde 2010.\u00bb image=\u00bbhttps:\/\/descregut.com\/wp-content\/uploads\/2025\/10\/logo-descregut-eco.jpg\u00bb image_icon_width=\u00bb83%\u00bb content_max_width=\u00bb397px\u00bb _builder_version=\u00bb4.27.5&#8243; _module_preset=\u00bbdefault\u00bb header_level=\u00bbh3&#8243; header_text_align=\u00bbcenter\u00bb body_font=\u00bb||||||||\u00bb body_text_align=\u00bbcenter\u00bb background_color=\u00bb#d6f731&#8243; width=\u00bb96%\u00bb max_width=\u00bb99%\u00bb module_alignment=\u00bbcenter\u00bb custom_margin=\u00bb0px|0px||24px|false|false\u00bb custom_padding=\u00bb26px|0px|24px|0px|false|false\u00bb animation_style=\u00bbbounce\u00bb animation_direction=\u00bbright\u00bb animation_duration=\u00bb1700ms\u00bb border_radii=\u00bbon|38px|38px|38px|38px\u00bb border_color_all=\u00bb#F7EDDE\u00bb global_colors_info=\u00bb{}\u00bb]<\/p>\n<p>El Consejo Catal\u00e1n de la Producci\u00f3n Ecol\u00f3gica certifica que somos operadores ecol\u00f3gicos.<\/p>\n<p>[\/et_pb_blurb][\/et_pb_column][\/et_pb_row][\/et_pb_section][et_pb_section fb_built=\u00bb1&#8243; _builder_version=\u00bb4.27.4&#8243; _module_preset=\u00bbdefault\u00bb custom_padding=\u00bb0px||0px||false|false\u00bb global_module=\u00bb1771&#8243; saved_tabs=\u00bball\u00bb global_colors_info=\u00bb{}\u00bb][et_pb_row _builder_version=\u00bb4.27.4&#8243; _module_preset=\u00bbdefault\u00bb background_color=\u00bb#493C38&#8243; width=\u00bb100%\u00bb max_width=\u00bb100%\u00bb custom_padding=\u00bb0px||0px||false|false\u00bb animation_style=\u00bbslide\u00bb animation_direction=\u00bbbottom\u00bb custom_css_free_form=\u00bbselector {||  display:flex!important;||justify-content: center;||}\u00bb global_colors_info=\u00bb{}\u00bb][et_pb_column type=\u00bb4_4&#8243; _builder_version=\u00bb4.27.4&#8243; _module_preset=\u00bbdefault\u00bb custom_padding=\u00bb30px||30px||false|false\u00bb custom_css_main_element=\u00bbdisplay:flex;||align-items:center;||justify-content:space-between;||width:80%;||max-width:1280px;\u00bb global_colors_info=\u00bb{}\u00bb][et_pb_text _builder_version=\u00bb4.27.4&#8243; _module_preset=\u00bbdefault\u00bb background_layout=\u00bbdark\u00bb custom_margin=\u00bb||0px||false|false\u00bb custom_padding=\u00bb||||false|false\u00bb global_colors_info=\u00bb{}\u00bb]<\/p>\n<h2>CONTACTA CON NOSOTROS<\/h2>\n<p>[\/et_pb_text][et_pb_button button_url=\u00bbhttps:\/\/descregut.com\/es\/contacto-bodega\/\u00bb button_text=\u00bbContacto\u00bb button_alignment=\u00bbright\u00bb _builder_version=\u00bb4.27.4&#8243; _module_preset=\u00bbdefault\u00bb background_layout=\u00bbdark\u00bb global_colors_info=\u00bb{}\u00bb][\/et_pb_button][\/et_pb_column][\/et_pb_row][et_pb_row _builder_version=\u00bb4.27.4&#8243; _module_preset=\u00bbdefault\u00bb width=\u00bb100%\u00bb max_width=\u00bb100%\u00bb custom_margin=\u00bb||-5px||false|false\u00bb custom_padding=\u00bb0px||0px||false|false\u00bb animation_style=\u00bbslide\u00bb animation_direction=\u00bbbottom\u00bb global_colors_info=\u00bb{}\u00bb][et_pb_column type=\u00bb4_4&#8243; _builder_version=\u00bb4.27.4&#8243; _module_preset=\u00bbdefault\u00bb global_colors_info=\u00bb{}\u00bb][et_pb_code _builder_version=\u00bb4.27.4&#8243; _module_preset=\u00bbdefault\u00bb global_colors_info=\u00bb{}\u00bb]<iframe src=\"https:\/\/www.google.com\/maps\/embed?pb=!1m18!1m12!1m3!1d2993.2176153996834!2d1.6700810766762562!3d41.39108019576516!2m3!1f0!2f0!3f0!3m2!1i1024!2i768!4f13.1!3m3!1m2!1s0x12a4707e67dd69db%3A0x15abf947b61e3892!2sCan%20Descregut!5e0!3m2!1ses!2ses!4v1747304182240!5m2!1ses!2ses\" width=\"100%\" height=\"400\" style=\"border:0;\" allowfullscreen=\"\" loading=\"lazy\" referrerpolicy=\"no-referrer-when-downgrade\"><\/iframe>[\/et_pb_code][\/et_pb_column][\/et_pb_row][\/et_pb_section]<\/p>\n","protected":false},"excerpt":{"rendered":"<p>CAN DESCREGUT Somos una bodega ecol\u00f3gica familiar ubicada en la mas\u00eda Can Descregut. Can Descregut es el proyecto vitivin\u00edcola de Arantxa De Cara y Marc Mil\u00e0, y tambi\u00e9n el nombre de la casa\u2011mas\u00eda donde vivimos y elaboramos el vino, situada en Vilob\u00ed del Pened\u00e8s. Es una iniciativa personal y familiar que nace de una inquietud [&hellip;]<\/p>\n","protected":false},"author":1,"featured_media":0,"parent":0,"menu_order":0,"comment_status":"closed","ping_status":"closed","template":"","meta":{"_acf_changed":false,"_et_pb_use_builder":"on","_et_pb_old_content":"","_et_gb_content_width":"","footnotes":""},"class_list":["post-2757","page","type-page","status-publish","hentry"],"acf":[],"_links":{"self":[{"href":"https:\/\/descregut.com\/es\/wp-json\/wp\/v2\/pages\/2757","targetHints":{"allow":["GET"]}}],"collection":[{"href":"https:\/\/descregut.com\/es\/wp-json\/wp\/v2\/pages"}],"about":[{"href":"https:\/\/descregut.com\/es\/wp-json\/wp\/v2\/types\/page"}],"author":[{"embeddable":true,"href":"https:\/\/descregut.com\/es\/wp-json\/wp\/v2\/users\/1"}],"replies":[{"embeddable":true,"href":"https:\/\/descregut.com\/es\/wp-json\/wp\/v2\/comments?post=2757"}],"version-history":[{"count":7,"href":"https:\/\/descregut.com\/es\/wp-json\/wp\/v2\/pages\/2757\/revisions"}],"predecessor-version":[{"id":2843,"href":"https:\/\/descregut.com\/es\/wp-json\/wp\/v2\/pages\/2757\/revisions\/2843"}],"wp:attachment":[{"href":"https:\/\/descregut.com\/es\/wp-json\/wp\/v2\/media?parent=2757"}],"curies":[{"name":"wp","href":"https:\/\/api.w.org\/{rel}","templated":true}]}}