{"id":2766,"date":"2025-07-24T12:14:28","date_gmt":"2025-07-24T11:14:28","guid":{"rendered":"https:\/\/descregut.com\/vinificacion\/"},"modified":"2026-01-19T20:03:07","modified_gmt":"2026-01-19T19:03:07","slug":"vinificacion","status":"publish","type":"page","link":"https:\/\/descregut.com\/es\/vinificacion\/","title":{"rendered":"Vinificaci\u00f3n"},"content":{"rendered":"<p>[et_pb_section fb_built=\u00bb1&#8243; module_class=\u00bbdivider-crema-bottom\u00bb _builder_version=\u00bb4.27.4&#8243; _module_preset=\u00bbdefault\u00bb background_color=\u00bb#ffffff\u00bb use_background_color_gradient=\u00bbon\u00bb background_color_gradient_direction=\u00bb1deg\u00bb background_color_gradient_stops=\u00bbrgba(0, 0, 0, 0.17) 0%|rgba(0, 0, 0, 0.53) 0%|rgba(0,0,0,0.72) 0%|rgba(0,0,0,0.17) 0%\u00bb background_color_gradient_overlays_image=\u00bbon\u00bb background_image=\u00bbhttps:\/\/descregut.com\/wp-content\/uploads\/2025\/10\/40-vista-remolc-i-gent-conill-la-figuera-macabeu.jpg\u00bb parallax=\u00bbon\u00bb parallax_method=\u00bboff\u00bb min_height=\u00bb67vh\u00bb bottom_divider_style=\u00bbwave2&#8243; bottom_divider_color=\u00bb#F7EDDE\u00bb global_colors_info=\u00bb{}\u00bb][et_pb_row _builder_version=\u00bb4.27.4&#8243; _module_preset=\u00bbdefault\u00bb custom_padding=\u00bb15vh||||false|false\u00bb global_colors_info=\u00bb{}\u00bb][et_pb_column type=\u00bb4_4&#8243; _builder_version=\u00bb4.27.4&#8243; _module_preset=\u00bbdefault\u00bb global_colors_info=\u00bb{}\u00bb][et_pb_cta _builder_version=\u00bb4.27.4&#8243; _module_preset=\u00bbdefault\u00bb background_color=\u00bbRGBA(255,255,255,0)\u00bb text_orientation=\u00bbcenter\u00bb background_layout=\u00bbdark\u00bb max_width=\u00bb65%\u00bb module_alignment=\u00bbcenter\u00bb animation_style=\u00bbfade\u00bb global_colors_info=\u00bb{}\u00bb]<\/p>\n<h1>Vinificaci\u00f3n<\/h1>\n<h2>Respeto en la vinificaci\u00f3n: m\u00e1s es menos.<\/h2>\n<p class=\"p-bolder\">En Can Descregut entendemos la elaboraci\u00f3n como un acto de respeto. Nos esforzamos para intervenir el m\u00ednimo en el proceso para preservar la identidad de la uva, el caracter de cada parcela y la expresi\u00f3n genuina del territorio Cada decisi\u00f3n que tomamos en bodega tiene el lobjetivo de acompa\u00f1ar el vino, no de transformarlo. Se trata de intervenir poco para expressar mucho: este es el concepto de minima intervenci\u00f3n.   <\/p>\n<p>[\/et_pb_cta][\/et_pb_column][\/et_pb_row][\/et_pb_section][et_pb_section fb_built=\u00bb1&#8243; _builder_version=\u00bb4.27.4&#8243; _module_preset=\u00bbdefault\u00bb background_color=\u00bb#FDF9F4&#8243; global_colors_info=\u00bb{}\u00bb][et_pb_row _builder_version=\u00bb4.27.4&#8243; _module_preset=\u00bbdefault\u00bb global_colors_info=\u00bb{}\u00bb][et_pb_column type=\u00bb4_4&#8243; _builder_version=\u00bb4.27.4&#8243; _module_preset=\u00bbdefault\u00bb global_colors_info=\u00bb{}\u00bb][dipi_timeline start_position=\u00bbright\u00bb timeline_line_color=\u00bb#F7EDDE\u00bb timeline_active_line_color=\u00bb#493C38&#8243; card_arrow_color=\u00bb#F7EDDE\u00bb _builder_version=\u00bb4.27.5&#8243; _module_preset=\u00bbdefault\u00bb hover_enabled=\u00bb0&#8243; global_colors_info=\u00bb{}\u00bb sticky_enabled=\u00bb0&#8243;][dipi_timeline_item ribbon=\u00bbvendimia manual y selecci\u00f3n rigurosa\u00bb timeline_icon=\u00bb&#x22;||divi||400&#8243; timeline_icon_color=\u00bb#493C38&#8243; ribbon_circle_color=\u00bb#F7EDDE\u00bb ribbon_text_bgcolor=\u00bbRGBA(255,255,255,0)\u00bb _builder_version=\u00bb4.27.5&#8243; _module_preset=\u00bbdefault\u00bb header_text_color=\u00bb#493C38&#8243; body_text_color=\u00bb#493C38&#8243; background_color=\u00bb#F7EDDE\u00bb background_enable_color=\u00bbon\u00bb hover_enabled=\u00bb0&#8243; global_colors_info=\u00bb{}\u00bb title_text=\u00bb53 primer pla xarello apunt descarregar\u00bb image=\u00bbhttps:\/\/descregut.com\/wp-content\/uploads\/2025\/10\/53-primer-pla-xarello-apunt-descarregar.jpg\u00bb sticky_enabled=\u00bb0&#8243;]<\/p>\n<p>Cosechamos a mano, seleccionando solo la uva en su punto \u00f3ptimo de maduraci\u00f3n Esto nos permite evitar correcciones y elaborar vinos con mayor pureza y equilibrio Gracias a este acurado proceso, iniciamos la vinifacaci\u00f3n con uva entera y sana, lo que nos ayuda a evitar la oxidaci\u00f3n de los mostos, un problema frequente cuando se vendimia a m\u00e1quina. Esta forma de trabajar garantiza una expresi\u00f3n m\u00e1s ut\u00e8ntica de la uva y el territorio<\/p>\n<p>[\/dipi_timeline_item][dipi_timeline_item ribbon=\u00bbFermentaci\u00f3n con levaduras indigenas\u00bb timeline_icon=\u00bb&#x22;||divi||400&#8243; timeline_icon_color=\u00bb#493C38&#8243; ribbon_circle_color=\u00bb#F7EDDE\u00bb ribbon_text_bgcolor=\u00bbRGBA(255,255,255,0)\u00bb image=\u00bbhttps:\/\/descregut.com\/wp-content\/uploads\/2025\/10\/starter-yeast-for-La-Socarrada.jpg\u00bb alt=\u00bbVinificaci\u00f3n respetuosa\u00bb _builder_version=\u00bb4.27.4&#8243; _module_preset=\u00bbdefault\u00bb header_text_color=\u00bb#493C38&#8243; body_text_color=\u00bb#493C38&#8243; background_color=\u00bb#F7EDDE\u00bb background_enable_color=\u00bbon\u00bb global_colors_info=\u00bb{}\u00bb]<\/p>\n<p>Trabajamos con fermentaciones utilizando las levaduras ind\u00edgenas presentes en la piel de la uva, conectando nuestro vino con el entorno y otorg\u00e1ndole una personalidad \u00fanica e irrepetible, fiel a cada cosecha y parcela. Para lograrlo, iniciamos los \u201cpies de cuba\u201d en la vi\u00f1a, que, una vez fermentados, se agregan al mosto para iniciar la fermentaci\u00f3n.  <\/p>\n<p>[\/dipi_timeline_item][dipi_timeline_item ribbon=\u00bbUso m\u00ednimo de sulfitos\u00bb timeline_icon=\u00bb&#x22;||divi||400&#8243; timeline_icon_color=\u00bb#493C38&#8243; ribbon_circle_color=\u00bb#F7EDDE\u00bb ribbon_text_bgcolor=\u00bbRGBA(255,255,255,0)\u00bb _builder_version=\u00bb4.27.4&#8243; _module_preset=\u00bbdefault\u00bb header_text_color=\u00bb#493C38&#8243; body_text_color=\u00bb#493C38&#8243; background_color=\u00bb#F7EDDE\u00bb background_enable_color=\u00bbon\u00bb global_colors_info=\u00bb{}\u00bb]Solo utilizamos sulfitos en momentos clave y en dosis muy bajas, lo suficiente para asegurar la estabilidad del vino sin alterar su esencia. Este uso m\u00ednimo forma parte de nuestro enfoque de vinificaci\u00f3n respetuosa, preservando la pureza de la uva y evitando cualquier intervenci\u00f3n que pueda distorsionar la expresi\u00f3n natural del vino.[\/dipi_timeline_item][dipi_timeline_item ribbon=\u00bbSin clarificaci\u00f3n ni estabilizaci\u00f3n qu\u00edmica\u00bb timeline_icon=\u00bb&#x22;||divi||400&#8243; timeline_icon_color=\u00bb#493C38&#8243; ribbon_circle_color=\u00bb#F7EDDE\u00bb ribbon_text_bgcolor=\u00bbRGBA(255,255,255,0)\u00bb _builder_version=\u00bb4.27.4&#8243; _module_preset=\u00bbdefault\u00bb header_text_color=\u00bb#493C38&#8243; body_text_color=\u00bb#493C38&#8243; background_color=\u00bb#F7EDDE\u00bb background_enable_color=\u00bbon\u00bb hover_enabled=\u00bb0&#8243; global_colors_info=\u00bb{}\u00bb sticky_enabled=\u00bb0&#8243;]Nuestros vinos no se clarifican ni se estabilizan qu\u00edmicamente, lo que permite preservar su riqueza arom\u00e1tica, textura y vitalidad. A trav\u00e9s de la vinificaci\u00f3n respetuosa, aceptamos la presencia de peque\u00f1os sedimentos naturales como parte del car\u00e1cter genuino de cada botella.[\/dipi_timeline_item][dipi_timeline_item ribbon=\u00bbFiltraci\u00f3n m\u00ednima o nula\u00bb timeline_icon=\u00bb&#x22;||divi||400&#8243; timeline_icon_color=\u00bb#493C38&#8243; ribbon_circle_color=\u00bb#F7EDDE\u00bb ribbon_text_bgcolor=\u00bbRGBA(255,255,255,0)\u00bb image=\u00bbhttps:\/\/descregut.com\/wp-content\/uploads\/2025\/10\/1-Peristaltica-primer-pla.jpg\u00bb alt=\u00bbVinificaci\u00f3n con filtraci\u00f3n m\u00ednima\u00bb _builder_version=\u00bb4.27.5&#8243; _module_preset=\u00bbdefault\u00bb header_text_color=\u00bb#493C38&#8243; body_text_color=\u00bb#493C38&#8243; background_color=\u00bb#F7EDDE\u00bb background_enable_color=\u00bbon\u00bb hover_enabled=\u00bb0&#8243; global_colors_info=\u00bb{}\u00bb sticky_enabled=\u00bb0&#8243;]<\/p>\n<p>En nuestro proceso de vinificaci\u00f3n aplicamos filtraciones ligeras solo cuando es estrictamente necesario. En la mayor\u00eda de los casos, embotellamos directamente desde el dep\u00f3sito sin filtrar, para preservar la autenticidad del vino, manteniendo sus propiedades naturales, texturas y aromas originales intactos. <\/p>\n<p>[\/dipi_timeline_item][dipi_timeline_item ribbon=\u00bbCrianza respetuosa en diferentes recipientes\u00bb timeline_icon=\u00bb&#x22;||divi||400&#8243; timeline_icon_color=\u00bb#493C38&#8243; ribbon_circle_color=\u00bb#F7EDDE\u00bb ribbon_text_bgcolor=\u00bbRGBA(255,255,255,0)\u00bb _builder_version=\u00bb4.27.5&#8243; _module_preset=\u00bbdefault\u00bb header_text_color=\u00bb#493C38&#8243; body_text_color=\u00bb#493C38&#8243; background_color=\u00bb#F7EDDE\u00bb background_enable_color=\u00bbon\u00bb hover_enabled=\u00bb0&#8243; global_colors_info=\u00bb{}\u00bb sticky_enabled=\u00bb0&#8243; title_text=\u00bbIMG_20211105_114844&#8243; image=\u00bbhttps:\/\/descregut.com\/wp-content\/uploads\/2026\/01\/IMG_20211105_114844-1.jpg\u00bb]<\/p>\n<p>Utilizamos dep\u00f3sitos neutros, \u00e1nforas de cer\u00e1mica y barricas usadas para favorecer la evoluci\u00f3n lenta y natural del vino. Evitamos a\u00f1adir aromas externos y mantenemos la crianza sobre l\u00edas con trasiegos m\u00ednimos, respetando la esencia de la uva y preservando el equilibrio original. <\/p>\n<p>[\/dipi_timeline_item][dipi_timeline_item ribbon=\u00bbSin correcciones de pH ni acidificaci\u00f3n\u00bb timeline_icon=\u00bb&#x22;||divi||400&#8243; timeline_icon_color=\u00bb#493C38&#8243; ribbon_circle_color=\u00bb#F7EDDE\u00bb ribbon_text_bgcolor=\u00bbRGBA(255,255,255,0)\u00bb _builder_version=\u00bb4.27.4&#8243; _module_preset=\u00bbdefault\u00bb header_text_color=\u00bb#493C38&#8243; body_text_color=\u00bb#493C38&#8243; background_color=\u00bb#F7EDDE\u00bb background_enable_color=\u00bbon\u00bb global_colors_info=\u00bb{}\u00bb]<\/p>\n<p>No corregimos la acidez del mosto ni del vino con aditivos enol\u00f3gicos. Elaboramos vinos tal como nos los da la uva y el terru\u00f1o, sin artificios. Cada vino es un reflejo de la cosecha, con cada a\u00f1o presentando diferentes condiciones clim\u00e1ticas.  <\/p>\n<p>[\/dipi_timeline_item][dipi_timeline_item ribbon=\u00bbExtracci\u00f3n suave y respeto al ritmo natural del vino\u00bb timeline_icon=\u00bb&#x22;||divi||400&#8243; timeline_icon_color=\u00bb#493C38&#8243; ribbon_circle_color=\u00bb#F7EDDE\u00bb ribbon_text_bgcolor=\u00bbRGBA(255,255,255,0)\u00bb image=\u00bbhttps:\/\/descregut.com\/wp-content\/uploads\/2025\/10\/10-Pells-macerades-1.jpg\u00bb alt=\u00bbExtracciones Descregut\u00bb _builder_version=\u00bb4.27.5&#8243; _module_preset=\u00bbdefault\u00bb header_text_color=\u00bb#493C38&#8243; body_text_color=\u00bb#493C38&#8243; background_color=\u00bb#F7EDDE\u00bb background_enable_color=\u00bbon\u00bb hover_enabled=\u00bb0&#8243; global_colors_info=\u00bb{}\u00bb title_text=\u00bb10 Pells macerades\u00bb sticky_enabled=\u00bb0&#8243;]<\/p>\n<p>Durante la maceraci\u00f3n con las pieles de uva realizamos remontados o infusiones suaves para evitar una extracci\u00f3n agresiva y preservar la finura, evitando taninos duros o dominantes. Ning\u00fan paso del proceso \u2014fermentaci\u00f3n, crianza o estabilizaci\u00f3n\u2014 se fuerza; damos al vino el tiempo necesario para evolucionar a su ritmo, especialmente durante los meses de invierno, sin prisas ni intervenciones t\u00e9cnicas innecesarias. <\/p>\n<p>[\/dipi_timeline_item][dipi_timeline_item ribbon=\u00bbEmbotellado seg\u00fan d\u00edas favorables del calendario lunar\u00bb timeline_icon=\u00bb&#x22;||divi||400&#8243; timeline_icon_color=\u00bb#493C38&#8243; ribbon_circle_color=\u00bb#F7EDDE\u00bb ribbon_text_bgcolor=\u00bbRGBA(255,255,255,0)\u00bb _builder_version=\u00bb4.27.4&#8243; _module_preset=\u00bbdefault\u00bb header_text_color=\u00bb#493C38&#8243; body_text_color=\u00bb#493C38&#8243; background_color=\u00bb#F7EDDE\u00bb background_enable_color=\u00bbon\u00bb global_colors_info=\u00bb{}\u00bb]En muchos casos, durante la vinificaci\u00f3n elegimos d\u00edas favorables seg\u00fan el calendario lunar para el embotellado, buscando favorecer la armon\u00eda y estabilidad natural del vino. Esta pr\u00e1ctica sigue una tradici\u00f3n ancestral que conecta el vino con los ritmos de la naturaleza.[\/dipi_timeline_item][\/dipi_timeline][\/et_pb_column][\/et_pb_row][\/et_pb_section][et_pb_section fb_built=\u00bb1&#8243; prev_background_color=\u00bb#FDF9F4&#8243; module_class=\u00bbdivider-crema-top\u00bb _builder_version=\u00bb4.27.4&#8243; _module_preset=\u00bbdefault\u00bb background_image=\u00bbhttps:\/\/descregut.com\/wp-content\/uploads\/2025\/07\/capcelera-3.jpg\u00bb parallax=\u00bbon\u00bb parallax_method=\u00bboff\u00bb min_height=\u00bb50vh\u00bb custom_padding=\u00bb30vh||0px||false|false\u00bb top_divider_style=\u00bbmountains2&#8243; hover_enabled=\u00bb0&#8243; locked=\u00bboff\u00bb global_colors_info=\u00bb{}\u00bb sticky_enabled=\u00bb0&#8243;][\/et_pb_section][et_pb_section fb_built=\u00bb1&#8243; _builder_version=\u00bb4.27.4&#8243; _module_preset=\u00bbdefault\u00bb custom_padding=\u00bb0px||0px||false|false\u00bb global_module=\u00bb1770&#8243; saved_tabs=\u00bball\u00bb global_colors_info=\u00bb{}\u00bb][et_pb_row _builder_version=\u00bb4.27.4&#8243; _module_preset=\u00bbdefault\u00bb custom_padding=\u00bb0px||0px||false|false\u00bb mix_blend_mode=\u00bbmultiply\u00bb custom_css_free_form=\u00bb%91gslogo id=2%93&#8243; global_colors_info=\u00bb{}\u00bb][et_pb_column type=\u00bb4_4&#8243; _builder_version=\u00bb4.27.4&#8243; _module_preset=\u00bbdefault\u00bb global_colors_info=\u00bb{}\u00bb][et_pb_text _builder_version=\u00bb4.27.4&#8243; _module_preset=\u00bbdefault\u00bb global_colors_info=\u00bb{}\u00bb]\t\n\t\t<div id=\"gs_logo_area_2\" data-sort=\"name\" data-shortcode-id=\"2\" class=\"gs_logo_area gs_logo_area_2 slider1 \" data-options='{\"logo_per_page\":\"6\"}' style=\"opacity: 0; visibility: hidden;\">\n\t\t\t<div class=\"gs_logo_area--inner\">\n\n\t\t\t\t<!-- Category Filters - New (Global) -->\n\t\t\t\t\t\n\t\t\t\t\n<div class=\"gs_logo_container gs_carousel_swiper gs_logo_fix_height_and_center\" data-carousel-config='{\"direction\":\"horizontal\",\"speed\":500,\"isAutoplay\":true,\"autoplayDelay\":2000,\"loop\":true,\"pauseOnHover\":true,\"ticker\":false,\"navs\":false,\"navs_pos\":\"bottom\",\"dots\":false,\"dynamic_dots\":true,\"slideSpace\":45,\"slidesPerGroup\":1,\"desktopLogos\":6,\"tabletLogos\":3,\"mobileLogos\":2,\"reverseDirection\":false}'>\n\n\t\n\t\t\n\t\t\t<div class=\"gs_logo_single--wrapper\">\n\t\t\t\t<div class=\"gs_logo_single\">\n\n\t\t\t\t\t<!-- Logo Img -->\n\t\t\t\t\t<img loading=\"lazy\" decoding=\"async\" width=\"300\" height=\"300\" src=\"https:\/\/descregut.com\/wp-content\/uploads\/2025\/08\/e4cotours-300x300.png\" class=\"tt-placement-top tt-bgcolor-one-%23ff5f6d tt-bgcolor-two-%23ffc371 tt-textcolor-%23fff gs-logo--img wp-post-image\" alt=\"Logo Pened\u00e8s Ecotours\" title=\"Logo Pen\u00e8des Ecotour\" \/>\n\t\t\t\t\t<!-- Logo Title -->\n\t\t\t\t\t\t\t\t\t\t\n\t\t\t\t\t<!-- Logo Category -->\n\t\t\t\t\t\t\t\t\t\t\n\t\t\t\t<\/div>\n\t\t\t<\/div>\n\n\t\t\n\t\t\t<div class=\"gs_logo_single--wrapper\">\n\t\t\t\t<div class=\"gs_logo_single\">\n\n\t\t\t\t\t<!-- Logo Img -->\n\t\t\t\t\t<img loading=\"lazy\" decoding=\"async\" width=\"300\" height=\"300\" src=\"https:\/\/descregut.com\/wp-content\/uploads\/2025\/08\/logo-enoturisme-300x300.jpg\" class=\"tt-placement-top tt-bgcolor-one-%23ff5f6d tt-bgcolor-two-%23ffc371 tt-textcolor-%23fff gs-logo--img wp-post-image\" alt=\"Logo Enoturisme Pened\u00e8s\" title=\"Logo Enoturisme Pened\u00e8s\" \/>\n\t\t\t\t\t<!-- Logo Title -->\n\t\t\t\t\t\t\t\t\t\t\n\t\t\t\t\t<!-- Logo Category -->\n\t\t\t\t\t\t\t\t\t\t\n\t\t\t\t<\/div>\n\t\t\t<\/div>\n\n\t\t\n\t\t\t<div class=\"gs_logo_single--wrapper\">\n\t\t\t\t<div class=\"gs_logo_single\">\n\n\t\t\t\t\t<!-- Logo Img -->\n\t\t\t\t\t<img loading=\"lazy\" decoding=\"async\" width=\"300\" height=\"300\" src=\"https:\/\/descregut.com\/wp-content\/uploads\/2025\/08\/logo-ccpae-300x300.png\" class=\"tt-placement-top tt-bgcolor-one-%23ff5f6d tt-bgcolor-two-%23ffc371 tt-textcolor-%23fff gs-logo--img wp-post-image\" alt=\"Logo CCPAE\" title=\"Logo CCPAE\" \/>\n\t\t\t\t\t<!-- Logo Title -->\n\t\t\t\t\t\t\t\t\t\t\n\t\t\t\t\t<!-- Logo Category -->\n\t\t\t\t\t\t\t\t\t\t\n\t\t\t\t<\/div>\n\t\t\t<\/div>\n\n\t\t\n\t\t\t<div class=\"gs_logo_single--wrapper\">\n\t\t\t\t<div class=\"gs_logo_single\">\n\n\t\t\t\t\t<!-- Logo Img -->\n\t\t\t\t\t<img loading=\"lazy\" decoding=\"async\" width=\"300\" height=\"300\" src=\"https:\/\/descregut.com\/wp-content\/uploads\/2025\/08\/logo-corpinnat-300x300.png\" class=\"tt-placement-top tt-bgcolor-one-%23ff5f6d tt-bgcolor-two-%23ffc371 tt-textcolor-%23fff gs-logo--img wp-post-image\" alt=\"Logo Corpinnat\" title=\"Logo Corpinnat\" \/>\n\t\t\t\t\t<!-- Logo Title -->\n\t\t\t\t\t\t\t\t\t\t\n\t\t\t\t\t<!-- Logo Category -->\n\t\t\t\t\t\t\t\t\t\t\n\t\t\t\t<\/div>\n\t\t\t<\/div>\n\n\t\t\n\t\t\t<div class=\"gs_logo_single--wrapper\">\n\t\t\t\t<div class=\"gs_logo_single\">\n\n\t\t\t\t\t<!-- Logo Img -->\n\t\t\t\t\t<img loading=\"lazy\" decoding=\"async\" width=\"300\" height=\"300\" src=\"https:\/\/descregut.com\/wp-content\/uploads\/2025\/08\/logo-penedes-300x300.png\" class=\"tt-placement-top tt-bgcolor-one-%23ff5f6d tt-bgcolor-two-%23ffc371 tt-textcolor-%23fff gs-logo--img wp-post-image\" alt=\"Logo DO Pened\u00e8s\" title=\"Logo DO Pened\u00e8s\" \/>\n\t\t\t\t\t<!-- Logo Title -->\n\t\t\t\t\t\t\t\t\t\t\n\t\t\t\t\t<!-- Logo Category -->\n\t\t\t\t\t\t\t\t\t\t\n\t\t\t\t<\/div>\n\t\t\t<\/div>\n\n\t\t\n\t\t\t<div class=\"gs_logo_single--wrapper\">\n\t\t\t\t<div class=\"gs_logo_single\">\n\n\t\t\t\t\t<!-- Logo Img -->\n\t\t\t\t\t<img loading=\"lazy\" decoding=\"async\" width=\"300\" height=\"300\" src=\"https:\/\/descregut.com\/wp-content\/uploads\/2025\/08\/certificat-eco-300x300.png\" class=\"tt-placement-top tt-bgcolor-one-%23ff5f6d tt-bgcolor-two-%23ffc371 tt-textcolor-%23fff gs-logo--img wp-post-image\" alt=\"Logo certificat ecol\u00f2gic\" title=\"Certificat ecol\u00f2gic\" \/>\n\t\t\t\t\t<!-- Logo Title -->\n\t\t\t\t\t\t\t\t\t\t\n\t\t\t\t\t<!-- Logo Category -->\n\t\t\t\t\t\t\t\t\t\t\n\t\t\t\t<\/div>\n\t\t\t<\/div>\n\n\t\t\t\t\n\t\n<\/div>\n\t\t\t\t<!-- Pagination -->\n\t\t\t\t\n\t\t\t<\/div>\n\t\t<\/div>\n\t\n\t\t<style>#gs_logo_area_2:not(.verticaltickerdown):not(.verticalticker) .gs_logo_container{margin-left:-22.5px}#gs_logo_area_2:not(.verticaltickerdown):not(.verticalticker) .gs_logo_container{margin-right:-22.5px}#gs_logo_area_2:not(.verticaltickerdown):not(.verticalticker) .gs_logo_single--wrapper{padding:22.5px}#gs_logo_area_2 ul.gs-logo-filter-cats{text-align:center!important}#gs_logo_area_2 .gs_logo_single--wrapper{width:16.666666666667%}@media (max-width:1023px){#gs_logo_area_2 .gs_logo_single--wrapper{width:33.333333333333%}}@media (max-width:767px){#gs_logo_area_2 .gs_logo_single--wrapper{width:50%}}<\/style>[\/et_pb_text][\/et_pb_column][\/et_pb_row][\/et_pb_section][et_pb_section fb_built=\u00bb1&#8243; _builder_version=\u00bb4.27.4&#8243; _module_preset=\u00bbdefault\u00bb custom_padding=\u00bb0px||0px||false|false\u00bb global_module=\u00bb1771&#8243; saved_tabs=\u00bball\u00bb global_colors_info=\u00bb{}\u00bb][et_pb_row _builder_version=\u00bb4.27.4&#8243; _module_preset=\u00bbdefault\u00bb background_color=\u00bb#493C38&#8243; width=\u00bb100%\u00bb max_width=\u00bb100%\u00bb custom_padding=\u00bb0px||0px||false|false\u00bb animation_style=\u00bbslide\u00bb animation_direction=\u00bbbottom\u00bb custom_css_free_form=\u00bbselector {||  display:flex!important;||justify-content: center;||}\u00bb global_colors_info=\u00bb{}\u00bb][et_pb_column type=\u00bb4_4&#8243; _builder_version=\u00bb4.27.4&#8243; _module_preset=\u00bbdefault\u00bb custom_padding=\u00bb30px||30px||false|false\u00bb custom_css_main_element=\u00bbdisplay:flex;||align-items:center;||justify-content:space-between;||width:80%;||max-width:1280px;\u00bb global_colors_info=\u00bb{}\u00bb][et_pb_text _builder_version=\u00bb4.27.4&#8243; _module_preset=\u00bbdefault\u00bb background_layout=\u00bbdark\u00bb custom_margin=\u00bb||0px||false|false\u00bb custom_padding=\u00bb||||false|false\u00bb global_colors_info=\u00bb{}\u00bb]<\/p>\n<h2>CONTACTA CON NOSOTROS<\/h2>\n<p>[\/et_pb_text][et_pb_button button_url=\u00bb&lt;!&#8211;&#091;CDATA&#091;\/contacte-celler\/&#093;&#093;&#8211;&gt;\u00bb button_text=\u00bbContacto\u00bb button_alignment=\u00bbright\u00bb _builder_version=\u00bb4.27.4&#8243; _module_preset=\u00bbdefault\u00bb background_layout=\u00bbdark\u00bb global_colors_info=\u00bb{}\u00bb][\/et_pb_button][\/et_pb_column][\/et_pb_row][et_pb_row _builder_version=\u00bb4.27.4&#8243; _module_preset=\u00bbdefault\u00bb width=\u00bb100%\u00bb max_width=\u00bb100%\u00bb custom_margin=\u00bb||-5px||false|false\u00bb custom_padding=\u00bb0px||0px||false|false\u00bb animation_style=\u00bbslide\u00bb animation_direction=\u00bbbottom\u00bb global_colors_info=\u00bb{}\u00bb][et_pb_column type=\u00bb4_4&#8243; _builder_version=\u00bb4.27.4&#8243; _module_preset=\u00bbdefault\u00bb global_colors_info=\u00bb{}\u00bb][et_pb_code _builder_version=\u00bb4.27.4&#8243; _module_preset=\u00bbdefault\u00bb global_colors_info=\u00bb{}\u00bb]<iframe src=\"https:\/\/www.google.com\/maps\/embed?pb=!1m18!1m12!1m3!1d2993.2176153996834!2d1.6700810766762562!3d41.39108019576516!2m3!1f0!2f0!3f0!3m2!1i1024!2i768!4f13.1!3m3!1m2!1s0x12a4707e67dd69db%3A0x15abf947b61e3892!2sCan%20Descregut!5e0!3m2!1ses!2ses!4v1747304182240!5m2!1ses!2ses\" width=\"100%\" height=\"400\" style=\"border:0;\" allowfullscreen=\"\" loading=\"lazy\" referrerpolicy=\"no-referrer-when-downgrade\"><\/iframe>[\/et_pb_code][\/et_pb_column][\/et_pb_row][\/et_pb_section]<\/p>\n","protected":false},"excerpt":{"rendered":"<p>[et_pb_section fb_built=\u00bb1&#8243; module_class=\u00bbdivider-crema-bottom\u00bb _builder_version=\u00bb4.27.4&#8243; _module_preset=\u00bbdefault\u00bb background_color=\u00bb#ffffff\u00bb use_background_color_gradient=\u00bbon\u00bb background_color_gradient_direction=\u00bb1deg\u00bb background_color_gradient_stops=\u00bbrgba(0, 0, 0, 0.17) 0%|rgba(0, 0, 0, 0.53) 0%|rgba(0,0,0,0.72) 0%|rgba(0,0,0,0.17) 0%\u00bb background_color_gradient_overlays_image=\u00bbon\u00bb background_image=\u00bbhttps:\/\/descregut.com\/wp-content\/uploads\/2025\/10\/40-vista-remolc-i-gent-conill-la-figuera-macabeu.jpg\u00bb parallax=\u00bbon\u00bb parallax_method=\u00bboff\u00bb min_height=\u00bb67vh\u00bb bottom_divider_style=\u00bbwave2&#8243; bottom_divider_color=\u00bb#F7EDDE\u00bb global_colors_info=\u00bb{}\u00bb][et_pb_row _builder_version=\u00bb4.27.4&#8243; _module_preset=\u00bbdefault\u00bb custom_padding=\u00bb15vh||||false|false\u00bb global_colors_info=\u00bb{}\u00bb][et_pb_column type=\u00bb4_4&#8243; _builder_version=\u00bb4.27.4&#8243; _module_preset=\u00bbdefault\u00bb global_colors_info=\u00bb{}\u00bb][et_pb_cta _builder_version=\u00bb4.27.4&#8243; _module_preset=\u00bbdefault\u00bb background_color=\u00bbRGBA(255,255,255,0)\u00bb text_orientation=\u00bbcenter\u00bb background_layout=\u00bbdark\u00bb max_width=\u00bb65%\u00bb module_alignment=\u00bbcenter\u00bb animation_style=\u00bbfade\u00bb global_colors_info=\u00bb{}\u00bb] Vinificaci\u00f3n Respeto en la vinificaci\u00f3n: m\u00e1s es menos. En Can Descregut [&hellip;]<\/p>\n","protected":false},"author":1,"featured_media":0,"parent":0,"menu_order":0,"comment_status":"closed","ping_status":"closed","template":"","meta":{"_acf_changed":false,"_et_pb_use_builder":"on","_et_pb_old_content":"","_et_gb_content_width":"","footnotes":""},"class_list":["post-2766","page","type-page","status-publish","hentry"],"acf":[],"_links":{"self":[{"href":"https:\/\/descregut.com\/es\/wp-json\/wp\/v2\/pages\/2766","targetHints":{"allow":["GET"]}}],"collection":[{"href":"https:\/\/descregut.com\/es\/wp-json\/wp\/v2\/pages"}],"about":[{"href":"https:\/\/descregut.com\/es\/wp-json\/wp\/v2\/types\/page"}],"author":[{"embeddable":true,"href":"https:\/\/descregut.com\/es\/wp-json\/wp\/v2\/users\/1"}],"replies":[{"embeddable":true,"href":"https:\/\/descregut.com\/es\/wp-json\/wp\/v2\/comments?post=2766"}],"version-history":[{"count":2,"href":"https:\/\/descregut.com\/es\/wp-json\/wp\/v2\/pages\/2766\/revisions"}],"predecessor-version":[{"id":2768,"href":"https:\/\/descregut.com\/es\/wp-json\/wp\/v2\/pages\/2766\/revisions\/2768"}],"wp:attachment":[{"href":"https:\/\/descregut.com\/es\/wp-json\/wp\/v2\/media?parent=2766"}],"curies":[{"name":"wp","href":"https:\/\/api.w.org\/{rel}","templated":true}]}}