{"id":2789,"date":"2025-07-18T13:13:26","date_gmt":"2025-07-18T12:13:26","guid":{"rendered":"https:\/\/descregut.com\/avis-legal\/"},"modified":"2026-01-19T22:18:49","modified_gmt":"2026-01-19T21:18:49","slug":"avis-legal","status":"publish","type":"page","link":"https:\/\/descregut.com\/es\/avis-legal\/","title":{"rendered":"Av\u00edso legal"},"content":{"rendered":"\n<h2 class=\"wp-block-heading\">1. LEY DE LOS SERVICIOS DE LA SOCIEDAD DE LA INFORMACI\u00d3N (LSSI)<\/h2>\n\n<p><strong>Can Descregut S.L.<\/strong>, responsable del sitio web, en adelante <strong>el RESPONSABLE<\/strong>, pone a disposici\u00f3n de los usuarios el presente documento, con el que pretende cumplir con las obligaciones establecidas en la <strong>Ley 34\/2002, de 11 de julio<\/strong>, de Servicios de la Sociedad de la Informaci\u00f3n y de Comercio Electr\u00f3nico (LSSICE), BOE n\u00ba 166, as\u00ed como informar a todos los usuarios del sitio web sobre cu\u00e1les son las condiciones de uso. <\/p>\n\n<p>Toda persona que acceda a este sitio web asume el rol de usuario, comprometi\u00e9ndose a la observancia y cumplimiento riguroso de lo aqu\u00ed dispuesto, as\u00ed como de cualquier otra disposici\u00f3n legal que resulte de aplicaci\u00f3n. <strong>Can Descregut S.L<\/strong>. se reserva el derecho de modificar cualquier tipo de informaci\u00f3n que pudiera aparecer en el sitio web, sin que exista la obligaci\u00f3n de avisar previamente o ponerlo en conocimiento de los usuarios, entendi\u00e9ndose como suficiente la publicaci\u00f3n en el propio sitio web.<\/p>\n\n<h2 class=\"wp-block-heading\">2. DATOS IDENTIFICATIVOS<\/h2>\n\n<p>De conformidad con el art\u00edculo 10 de la LSSICE, se facilita la siguiente informaci\u00f3n:<\/p>\n\n<ul class=\"wp-block-list\">\n<li><strong>Denominaci\u00f3n social:<\/strong> Can Descregut S.L.<\/li>\n\n\n\n<li><strong>Domicilio social:<\/strong> Masia Can Descregut, s\/n \u2013 08735 Vilob\u00ed del Pened\u00e8s (Barcelona)<\/li>\n\n\n\n<li><strong>NIF:<\/strong> B61307591<\/li>\n\n\n\n<li><strong>Tel\u00e9fono:<\/strong> 93 897 82 73<\/li>\n\n\n\n<li><strong>Correo electr\u00f3nico:<\/strong> <a href=\"mailto:info@descregut.com\">info@descregut.com<\/a><\/li>\n\n\n\n<li><strong>Sitio web:<\/strong> <a href=\"https:\/\/descregut.com\/es\/\">https:\/\/descregut.com\/<\/a><\/li>\n<\/ul>\n\n<h2 class=\"wp-block-heading\">3. PROPIEDAD INTELECTUAL E INDUSTRIAL<\/h2>\n\n<p>El sitio web, incluyendo a t\u00edtulo enunciativo pero no limitativo su programaci\u00f3n, edici\u00f3n, compilaci\u00f3n, dise\u00f1os, logotipos, textos y\/o gr\u00e1ficos, es propiedad del RESPONSABLE o, en su caso, cuenta con licencia o autorizaci\u00f3n expresa de los autores. Est\u00e1n protegidos por la normativa de propiedad intelectual e industrial. <\/p>\n\n<p>No se permite la reproducci\u00f3n total o parcial, el uso, explotaci\u00f3n, distribuci\u00f3n o comercializaci\u00f3n sin autorizaci\u00f3n previa y por escrito del RESPONSABLE.<\/p>\n\n<p>Los contenidos de terceros que puedan aparecer son propiedad de sus titulares y el RESPONSABLE reconoce los derechos correspondientes.<\/p>\n\n<h2 class=\"wp-block-heading\">4. EXENCI\u00d3N DE RESPONSABILIDADES<\/h2>\n\n<p><strong>Informaci\u00f3n y contenido:<\/strong> El RESPONSABLE no se hace responsable de la informaci\u00f3n manipulada o introducida por terceros ajenos al sitio web.<\/p>\n\n<p><strong>Uso de cookies:<\/strong> Este sitio web puede utilizar cookies t\u00e9cnicas necesarias para su correcto funcionamiento. En ning\u00fan caso se recogen datos personales sin el consentimiento expl\u00edcito. El usuario puede configurar su navegador para bloquearlas. M\u00e1s informaci\u00f3n en nuestra pol\u00edtica de cookies.   <\/p>\n\n<p><strong>Enlaces externos:<\/strong> El sitio puede contener enlaces a sitios de terceros, sobre los cuales el RESPONSABLE no asume ninguna responsabilidad. Cualquier contenido inapropiado ser\u00e1 retirado de manera inmediata. <\/p>\n\n<p><strong>Funcionamiento t\u00e9cnico<\/strong>: El sitio ha sido revisado para garantizar su correcto funcionamiento, pero pueden producirse errores o interrupciones por causas de fuerza mayor.<\/p>\n\n<p><strong>Direcciones IP:<\/strong> Las direcciones IP pueden ser registradas con fines estad\u00edsticos.<\/p>\n\n<h2 class=\"wp-block-heading\">5. LEY APLICABLE Y JURISDICCI\u00d3N<\/h2>\n\n<p>La legislaci\u00f3n aplicable ser\u00e1 la espa\u00f1ola, y para cualquier conflicto ser\u00e1n competentes los Juzgados y Tribunales m\u00e1s cercanos a Vilafranca del Pened\u00e8s.<\/p>\n","protected":false},"excerpt":{"rendered":"<p>1. LEY DE LOS SERVICIOS DE LA SOCIEDAD DE LA INFORMACI\u00d3N (LSSI) Can Descregut S.L., responsable del sitio web, en adelante el RESPONSABLE, pone a disposici\u00f3n de los usuarios el presente documento, con el que pretende cumplir con las obligaciones establecidas en la Ley 34\/2002, de 11 de julio, de Servicios de la Sociedad de [&hellip;]<\/p>\n","protected":false},"author":1,"featured_media":0,"parent":0,"menu_order":0,"comment_status":"closed","ping_status":"closed","template":"","meta":{"_acf_changed":false,"_et_pb_use_builder":"off","_et_pb_old_content":"","_et_gb_content_width":"","footnotes":""},"class_list":["post-2789","page","type-page","status-publish","hentry"],"acf":[],"_links":{"self":[{"href":"https:\/\/descregut.com\/es\/wp-json\/wp\/v2\/pages\/2789","targetHints":{"allow":["GET"]}}],"collection":[{"href":"https:\/\/descregut.com\/es\/wp-json\/wp\/v2\/pages"}],"about":[{"href":"https:\/\/descregut.com\/es\/wp-json\/wp\/v2\/types\/page"}],"author":[{"embeddable":true,"href":"https:\/\/descregut.com\/es\/wp-json\/wp\/v2\/users\/1"}],"replies":[{"embeddable":true,"href":"https:\/\/descregut.com\/es\/wp-json\/wp\/v2\/comments?post=2789"}],"version-history":[{"count":1,"href":"https:\/\/descregut.com\/es\/wp-json\/wp\/v2\/pages\/2789\/revisions"}],"predecessor-version":[{"id":2790,"href":"https:\/\/descregut.com\/es\/wp-json\/wp\/v2\/pages\/2789\/revisions\/2790"}],"wp:attachment":[{"href":"https:\/\/descregut.com\/es\/wp-json\/wp\/v2\/media?parent=2789"}],"curies":[{"name":"wp","href":"https:\/\/api.w.org\/{rel}","templated":true}]}}