{"id":1246,"date":"2025-08-04T10:36:05","date_gmt":"2025-08-04T09:36:05","guid":{"rendered":"https:\/\/descregut.com\/product\/fumissola\/"},"modified":"2025-12-22T10:22:53","modified_gmt":"2025-12-22T09:22:53","slug":"fumissola","status":"publish","type":"product","link":"https:\/\/descregut.com\/es\/producte\/fumissola\/","title":{"rendered":"Fumissola Corpinnat"},"content":{"rendered":"<p><strong>SUMOLL &amp; XAREL\u00b7LO VERMELL Brut Nature<\/strong><\/p>\n<p>Fumissola en el Pened\u00e8s es el nombre que recibe una niebla baja y poco densa que recuerda al humo y que aparece algunos d\u00edas de anticicl\u00f3n en invierno. Este blanc de noirs est\u00e1 elaborado con Sumoll y Xarel\u00b7lo Vermell. Dos variedades ancestrales y propias del Pened\u00e8s pero poco comunes en vinos espumosos.<\/p>\n","protected":false},"excerpt":{"rendered":"<p>Botella de 75 cl<br \/>\nEspumoso Brut Nature | 2021<\/p>\n","protected":false},"featured_media":1433,"comment_status":"closed","ping_status":"closed","template":"","meta":{"_acf_changed":false,"_et_pb_use_builder":"","_et_pb_old_content":"","_et_gb_content_width":""},"product_brand":[],"product_cat":[59],"product_tag":[72,73],"class_list":{"0":"post-1246","1":"product","2":"type-product","3":"status-publish","4":"has-post-thumbnail","6":"product_cat-espumosos","7":"product_tag-corpinnat","8":"product_tag-ecologico","10":"first","11":"instock","12":"taxable","13":"shipping-taxable","14":"purchasable","15":"product-type-simple"},"acf":[],"_links":{"self":[{"href":"https:\/\/descregut.com\/es\/wp-json\/wp\/v2\/product\/1246","targetHints":{"allow":["GET"]}}],"collection":[{"href":"https:\/\/descregut.com\/es\/wp-json\/wp\/v2\/product"}],"about":[{"href":"https:\/\/descregut.com\/es\/wp-json\/wp\/v2\/types\/product"}],"replies":[{"embeddable":true,"href":"https:\/\/descregut.com\/es\/wp-json\/wp\/v2\/comments?post=1246"}],"wp:featuredmedia":[{"embeddable":true,"href":"https:\/\/descregut.com\/es\/wp-json\/wp\/v2\/media\/1433"}],"wp:attachment":[{"href":"https:\/\/descregut.com\/es\/wp-json\/wp\/v2\/media?parent=1246"}],"wp:term":[{"taxonomy":"product_brand","embeddable":true,"href":"https:\/\/descregut.com\/es\/wp-json\/wp\/v2\/product_brand?post=1246"},{"taxonomy":"product_cat","embeddable":true,"href":"https:\/\/descregut.com\/es\/wp-json\/wp\/v2\/product_cat?post=1246"},{"taxonomy":"product_tag","embeddable":true,"href":"https:\/\/descregut.com\/es\/wp-json\/wp\/v2\/product_tag?post=1246"}],"curies":[{"name":"wp","href":"https:\/\/api.w.org\/{rel}","templated":true}]}}