{"id":131,"date":"2025-02-24T10:34:03","date_gmt":"2025-02-24T09:34:03","guid":{"rendered":"https:\/\/descregut.com\/product\/descregut-corpinnat\/"},"modified":"2025-12-22T21:48:15","modified_gmt":"2025-12-22T20:48:15","slug":"descregut-corpinnat","status":"publish","type":"product","link":"https:\/\/descregut.com\/es\/producte\/descregut-corpinnat\/","title":{"rendered":"Descregut Corpinnat"},"content":{"rendered":"<h2>Descregut Brut Nature Reserva 2023<\/h2>\n<p>Vino Espumoso de Calidad elaborado con las variedades tradicionales del Pened\u00e8s, con uva ecol\u00f3gica de cosecha propia y vinificado en nuestra bodega. Ideal para cualquier momento o para acompa\u00f1ar las mejores comidas. Un mosaico de vi\u00f1edos de Vilob\u00ed del Pened\u00e8s dentro de la botella.  <\/p>\n","protected":false},"excerpt":{"rendered":"<p>Botella 75 cl<br \/>\nBrut Nature Reserva | 2023<\/p>\n","protected":false},"featured_media":1446,"comment_status":"open","ping_status":"closed","template":"","meta":{"_acf_changed":false,"_et_pb_use_builder":"","_et_pb_old_content":"","_et_gb_content_width":""},"product_brand":[],"product_cat":[59],"product_tag":[72,73],"class_list":{"0":"post-131","1":"product","2":"type-product","3":"status-publish","4":"has-post-thumbnail","6":"product_cat-espumosos","7":"product_tag-corpinnat","8":"product_tag-ecologico","10":"first","11":"instock","12":"taxable","13":"shipping-taxable","14":"purchasable","15":"product-type-simple"},"acf":[],"_links":{"self":[{"href":"https:\/\/descregut.com\/es\/wp-json\/wp\/v2\/product\/131","targetHints":{"allow":["GET"]}}],"collection":[{"href":"https:\/\/descregut.com\/es\/wp-json\/wp\/v2\/product"}],"about":[{"href":"https:\/\/descregut.com\/es\/wp-json\/wp\/v2\/types\/product"}],"replies":[{"embeddable":true,"href":"https:\/\/descregut.com\/es\/wp-json\/wp\/v2\/comments?post=131"}],"wp:featuredmedia":[{"embeddable":true,"href":"https:\/\/descregut.com\/es\/wp-json\/wp\/v2\/media\/1446"}],"wp:attachment":[{"href":"https:\/\/descregut.com\/es\/wp-json\/wp\/v2\/media?parent=131"}],"wp:term":[{"taxonomy":"product_brand","embeddable":true,"href":"https:\/\/descregut.com\/es\/wp-json\/wp\/v2\/product_brand?post=131"},{"taxonomy":"product_cat","embeddable":true,"href":"https:\/\/descregut.com\/es\/wp-json\/wp\/v2\/product_cat?post=131"},{"taxonomy":"product_tag","embeddable":true,"href":"https:\/\/descregut.com\/es\/wp-json\/wp\/v2\/product_tag?post=131"}],"curies":[{"name":"wp","href":"https:\/\/api.w.org\/{rel}","templated":true}]}}