{"id":132,"date":"2025-02-24T10:25:56","date_gmt":"2025-02-24T09:25:56","guid":{"rendered":"https:\/\/descregut.com\/product\/horafosca\/"},"modified":"2025-02-24T10:25:56","modified_gmt":"2025-02-24T09:25:56","slug":"horafosca","status":"publish","type":"product","link":"https:\/\/descregut.com\/es\/producte\/horafosca\/","title":{"rendered":"HORAFOSCA"},"content":{"rendered":"<p><strong>A finales de septiembre, principios de oto\u00f1o, pasear por el vi\u00f1edo de \u00abLa Figuera\u00bb bajo la \u00faltima luz del d\u00eda y contemplar el xarel\u00b7lo a\u00fan por cosechar se convierte en un instante m\u00e1gico.<\/strong><br \/>\n<strong>Un vino equilibrado que muestra al m\u00e1ximo la tipicidad del xarel\u00b7lo en su h\u00e1bitat natural; altitud de 250 m sobre el nivel del mar, terreno f\u00e9rtil profundo y vi\u00f1edos viejos de poca producci\u00f3n.<\/strong><\/p>\n<p>El vi\u00f1edo de \u00abLa higuera\u00bb mantiene la identidad de aquellos paisajes de anta\u00f1o, donde era habitual la coexistencia de las cepas con una higuera en medio, que daba aparte de higos, la sombra necesaria para los campesinos y los animales de tiro.<\/p>\n","protected":false},"excerpt":{"rendered":"<p>1 bot 75 cl<\/p>\n<p>vi blanc \/ vino blanco<\/p>\n<p>2019<\/p>\n","protected":false},"featured_media":1449,"comment_status":"open","ping_status":"closed","template":"","meta":{"_acf_changed":false,"_et_pb_use_builder":"","_et_pb_old_content":"","_et_gb_content_width":""},"product_brand":[],"product_cat":[58],"product_tag":[38,37],"class_list":{"0":"post-132","1":"product","2":"type-product","3":"status-publish","4":"has-post-thumbnail","6":"product_cat-sense-categoria","7":"product_tag-ecologic","8":"product_tag-vega","10":"first","11":"instock","12":"taxable","13":"shipping-taxable","14":"product-type-simple"},"acf":[],"_links":{"self":[{"href":"https:\/\/descregut.com\/es\/wp-json\/wp\/v2\/product\/132","targetHints":{"allow":["GET"]}}],"collection":[{"href":"https:\/\/descregut.com\/es\/wp-json\/wp\/v2\/product"}],"about":[{"href":"https:\/\/descregut.com\/es\/wp-json\/wp\/v2\/types\/product"}],"replies":[{"embeddable":true,"href":"https:\/\/descregut.com\/es\/wp-json\/wp\/v2\/comments?post=132"}],"wp:featuredmedia":[{"embeddable":true,"href":"https:\/\/descregut.com\/es\/wp-json\/wp\/v2\/media\/1449"}],"wp:attachment":[{"href":"https:\/\/descregut.com\/es\/wp-json\/wp\/v2\/media?parent=132"}],"wp:term":[{"taxonomy":"product_brand","embeddable":true,"href":"https:\/\/descregut.com\/es\/wp-json\/wp\/v2\/product_brand?post=132"},{"taxonomy":"product_cat","embeddable":true,"href":"https:\/\/descregut.com\/es\/wp-json\/wp\/v2\/product_cat?post=132"},{"taxonomy":"product_tag","embeddable":true,"href":"https:\/\/descregut.com\/es\/wp-json\/wp\/v2\/product_tag?post=132"}],"curies":[{"name":"wp","href":"https:\/\/api.w.org\/{rel}","templated":true}]}}