{"id":137,"date":"2025-02-24T10:15:38","date_gmt":"2025-02-24T09:15:38","guid":{"rendered":"https:\/\/descregut.com\/product\/la-socarrada\/"},"modified":"2025-02-24T10:15:38","modified_gmt":"2025-02-24T09:15:38","slug":"la-socarrada","status":"publish","type":"product","link":"https:\/\/descregut.com\/es\/producte\/la-socarrada\/","title":{"rendered":"La Socarrada"},"content":{"rendered":"<p><strong>En 1968 el arque\u00f3logo Vilafranqu\u00ed Pere Gir\u00f3 encontr\u00f3 en el vi\u00f1edo de \u00abLa Socarrada\u00bb varios restos de origen \u00edbero que datan del siglo I a.c. Entre otros se encontraron \u00e1nforas de cer\u00e1mica entera. Elaborar este macabeo con cer\u00e1mica es una forma de conectar con un paraje que ha sido testigo de la viticultura desde hace 2000 a\u00f1os. <\/strong><\/p>\n<p>La etiqueta dibujada por nuestro hijo Joan Mil\u00e0 representa a un solo que \u00abSocarra\u00bb en honor a la parcela, pero tambi\u00e9n puede recordar la vista cenital del vino cuando hierve en el \u00e1nfora.<\/p>\n","protected":false},"excerpt":{"rendered":"<p>1 bot 75 cl<\/p>\n<p>vi blanc \/ vino blanco<\/p>\n<p>2019<\/p>\n","protected":false},"featured_media":1455,"comment_status":"open","ping_status":"closed","template":"","meta":{"_acf_changed":false,"_et_pb_use_builder":"","_et_pb_old_content":"","_et_gb_content_width":""},"product_brand":[],"product_cat":[58],"product_tag":[38,37],"class_list":{"0":"post-137","1":"product","2":"type-product","3":"status-publish","4":"has-post-thumbnail","6":"product_cat-sense-categoria","7":"product_tag-ecologic","8":"product_tag-vega","10":"first","11":"instock","12":"taxable","13":"shipping-taxable","14":"product-type-simple"},"acf":[],"_links":{"self":[{"href":"https:\/\/descregut.com\/es\/wp-json\/wp\/v2\/product\/137","targetHints":{"allow":["GET"]}}],"collection":[{"href":"https:\/\/descregut.com\/es\/wp-json\/wp\/v2\/product"}],"about":[{"href":"https:\/\/descregut.com\/es\/wp-json\/wp\/v2\/types\/product"}],"replies":[{"embeddable":true,"href":"https:\/\/descregut.com\/es\/wp-json\/wp\/v2\/comments?post=137"}],"wp:featuredmedia":[{"embeddable":true,"href":"https:\/\/descregut.com\/es\/wp-json\/wp\/v2\/media\/1455"}],"wp:attachment":[{"href":"https:\/\/descregut.com\/es\/wp-json\/wp\/v2\/media?parent=137"}],"wp:term":[{"taxonomy":"product_brand","embeddable":true,"href":"https:\/\/descregut.com\/es\/wp-json\/wp\/v2\/product_brand?post=137"},{"taxonomy":"product_cat","embeddable":true,"href":"https:\/\/descregut.com\/es\/wp-json\/wp\/v2\/product_cat?post=137"},{"taxonomy":"product_tag","embeddable":true,"href":"https:\/\/descregut.com\/es\/wp-json\/wp\/v2\/product_tag?post=137"}],"curies":[{"name":"wp","href":"https:\/\/api.w.org\/{rel}","templated":true}]}}