{"id":141,"date":"2025-02-24T10:04:36","date_gmt":"2025-02-24T09:04:36","guid":{"rendered":"https:\/\/descregut.com\/product\/atrevit\/"},"modified":"2025-02-28T09:04:28","modified_gmt":"2025-02-28T08:04:28","slug":"atrevit","status":"publish","type":"product","link":"https:\/\/descregut.com\/es\/producte\/atrevit\/","title":{"rendered":"ATREVIT"},"content":{"rendered":"<p><strong>Mantenerse firmes a un estilo, sin caer en los c\u00e1nones de est\u00e9tica impuestos por una moda, es el \u00fanico camino para seguir siendo atrevidos.<\/strong><\/p>\n<p><strong>Este vino se hace en casa, con uva propia, trabajando el vi\u00f1edo de forma respetuosa con el entorno y siguiendo los ritmos de nuestro universo personal.<\/strong><\/p>\n","protected":false},"excerpt":{"rendered":"<p>1 botella de 75 cl<\/p>\n<p> vi rosat \/ vino rosado <\/p>\n<p>2021<\/p>\n","protected":false},"featured_media":1488,"comment_status":"open","ping_status":"closed","template":"","meta":{"_acf_changed":false,"_et_pb_use_builder":"","_et_pb_old_content":"","_et_gb_content_width":""},"product_brand":[],"product_cat":[58],"product_tag":[38,37],"class_list":{"0":"post-141","1":"product","2":"type-product","3":"status-publish","4":"has-post-thumbnail","6":"product_cat-sense-categoria","7":"product_tag-ecologic","8":"product_tag-vega","10":"first","11":"instock","12":"taxable","13":"shipping-taxable","14":"product-type-variable"},"acf":[],"_links":{"self":[{"href":"https:\/\/descregut.com\/es\/wp-json\/wp\/v2\/product\/141","targetHints":{"allow":["GET"]}}],"collection":[{"href":"https:\/\/descregut.com\/es\/wp-json\/wp\/v2\/product"}],"about":[{"href":"https:\/\/descregut.com\/es\/wp-json\/wp\/v2\/types\/product"}],"replies":[{"embeddable":true,"href":"https:\/\/descregut.com\/es\/wp-json\/wp\/v2\/comments?post=141"}],"wp:featuredmedia":[{"embeddable":true,"href":"https:\/\/descregut.com\/es\/wp-json\/wp\/v2\/media\/1488"}],"wp:attachment":[{"href":"https:\/\/descregut.com\/es\/wp-json\/wp\/v2\/media?parent=141"}],"wp:term":[{"taxonomy":"product_brand","embeddable":true,"href":"https:\/\/descregut.com\/es\/wp-json\/wp\/v2\/product_brand?post=141"},{"taxonomy":"product_cat","embeddable":true,"href":"https:\/\/descregut.com\/es\/wp-json\/wp\/v2\/product_cat?post=141"},{"taxonomy":"product_tag","embeddable":true,"href":"https:\/\/descregut.com\/es\/wp-json\/wp\/v2\/product_tag?post=141"}],"curies":[{"name":"wp","href":"https:\/\/api.w.org\/{rel}","templated":true}]}}