{"id":143,"date":"2025-02-24T09:59:36","date_gmt":"2025-02-24T08:59:36","guid":{"rendered":"https:\/\/descregut.com\/product\/vinomi\/"},"modified":"2025-12-26T14:24:13","modified_gmt":"2025-12-26T13:24:13","slug":"vinomi","status":"publish","type":"product","link":"https:\/\/descregut.com\/es\/producte\/vinomi\/","title":{"rendered":"Vinomi"},"content":{"rendered":"<p>El Xarel\u00b7lo y el Xarel\u00b7lo Vermell, dos variedades similares pero no id\u00e9nticas, aportan una personalidad \u00fanica a este vino, con aromas afrutados, un paladar intenso y un final seco pero refrescante. La reinterpretaci\u00f3n del tradicional vino blanco de las masias del Pened\u00e9s.<\/p>\n","protected":false},"excerpt":{"rendered":"<p>Botella 75 cl<br \/>\nVino blanco | 2024<\/p>\n","protected":false},"featured_media":1461,"comment_status":"open","ping_status":"closed","template":"","meta":{"_acf_changed":false,"_et_pb_use_builder":"","_et_pb_old_content":"","_et_gb_content_width":""},"product_brand":[],"product_cat":[65],"product_tag":[73,74],"class_list":{"0":"post-143","1":"product","2":"type-product","3":"status-publish","4":"has-post-thumbnail","6":"product_cat-blancos","7":"product_tag-ecologico","8":"product_tag-vegano","10":"first","11":"instock","12":"taxable","13":"shipping-taxable","14":"purchasable","15":"product-type-simple"},"acf":[],"_links":{"self":[{"href":"https:\/\/descregut.com\/es\/wp-json\/wp\/v2\/product\/143","targetHints":{"allow":["GET"]}}],"collection":[{"href":"https:\/\/descregut.com\/es\/wp-json\/wp\/v2\/product"}],"about":[{"href":"https:\/\/descregut.com\/es\/wp-json\/wp\/v2\/types\/product"}],"replies":[{"embeddable":true,"href":"https:\/\/descregut.com\/es\/wp-json\/wp\/v2\/comments?post=143"}],"wp:featuredmedia":[{"embeddable":true,"href":"https:\/\/descregut.com\/es\/wp-json\/wp\/v2\/media\/1461"}],"wp:attachment":[{"href":"https:\/\/descregut.com\/es\/wp-json\/wp\/v2\/media?parent=143"}],"wp:term":[{"taxonomy":"product_brand","embeddable":true,"href":"https:\/\/descregut.com\/es\/wp-json\/wp\/v2\/product_brand?post=143"},{"taxonomy":"product_cat","embeddable":true,"href":"https:\/\/descregut.com\/es\/wp-json\/wp\/v2\/product_cat?post=143"},{"taxonomy":"product_tag","embeddable":true,"href":"https:\/\/descregut.com\/es\/wp-json\/wp\/v2\/product_tag?post=143"}],"curies":[{"name":"wp","href":"https:\/\/api.w.org\/{rel}","templated":true}]}}