{"id":145,"date":"2025-02-24T09:58:40","date_gmt":"2025-02-24T08:58:40","guid":{"rendered":"https:\/\/descregut.com\/product\/vermell\/"},"modified":"2025-02-24T09:58:40","modified_gmt":"2025-02-24T08:58:40","slug":"vermell","status":"publish","type":"product","link":"https:\/\/descregut.com\/es\/producte\/vermell\/","title":{"rendered":"VERMELL"},"content":{"rendered":"<p><strong>Una rareza: 100% xarel\u00b7lo Rojo.<\/strong><br \/>\n<strong>Can Descregut fuimos pioneros en 2006 al elaborar un vino con esta variedad casi desaparecida.<\/strong><\/p>\n<p>El xarelo rojo (tambi\u00e9n conocido como xarelo rosado) es una mutaci\u00f3n gen\u00e9tica del xarelo blanco. Es una variedad de uva muy escasa. Son vi\u00f1edos viejos, de m\u00e1s cincuenta a\u00f1os, que dan poca uva pero de mejor concentraci\u00f3n. La diferencia es que tiene la piel de color rojo y m\u00e1s gruesa, lo que si se cosecha con una buena maduraci\u00f3n nos aporta mayor complejidad arom\u00e1tica.<\/p>\n","protected":false},"excerpt":{"rendered":"<p>1 bot 75 cl<\/p>\n<p>vi blanc \/ vino blanco<\/p>\n<p>2021<\/p>\n","protected":false},"featured_media":1467,"comment_status":"open","ping_status":"closed","template":"","meta":{"_acf_changed":false,"_et_pb_use_builder":"","_et_pb_old_content":"","_et_gb_content_width":""},"product_brand":[],"product_cat":[65],"product_tag":[73,74],"class_list":{"0":"post-145","1":"product","2":"type-product","3":"status-publish","4":"has-post-thumbnail","6":"product_cat-blancos","7":"product_tag-ecologico","8":"product_tag-vegano","10":"first","11":"instock","12":"taxable","13":"shipping-taxable","14":"purchasable","15":"product-type-simple"},"acf":[],"_links":{"self":[{"href":"https:\/\/descregut.com\/es\/wp-json\/wp\/v2\/product\/145","targetHints":{"allow":["GET"]}}],"collection":[{"href":"https:\/\/descregut.com\/es\/wp-json\/wp\/v2\/product"}],"about":[{"href":"https:\/\/descregut.com\/es\/wp-json\/wp\/v2\/types\/product"}],"replies":[{"embeddable":true,"href":"https:\/\/descregut.com\/es\/wp-json\/wp\/v2\/comments?post=145"}],"wp:featuredmedia":[{"embeddable":true,"href":"https:\/\/descregut.com\/es\/wp-json\/wp\/v2\/media\/1467"}],"wp:attachment":[{"href":"https:\/\/descregut.com\/es\/wp-json\/wp\/v2\/media?parent=145"}],"wp:term":[{"taxonomy":"product_brand","embeddable":true,"href":"https:\/\/descregut.com\/es\/wp-json\/wp\/v2\/product_brand?post=145"},{"taxonomy":"product_cat","embeddable":true,"href":"https:\/\/descregut.com\/es\/wp-json\/wp\/v2\/product_cat?post=145"},{"taxonomy":"product_tag","embeddable":true,"href":"https:\/\/descregut.com\/es\/wp-json\/wp\/v2\/product_tag?post=145"}],"curies":[{"name":"wp","href":"https:\/\/api.w.org\/{rel}","templated":true}]}}