{"id":2325,"date":"2025-02-24T10:40:55","date_gmt":"2025-02-24T09:40:55","guid":{"rendered":"https:\/\/descregut.com\/producte\/memoria-corpinnat\/"},"modified":"2025-12-22T10:23:48","modified_gmt":"2025-12-22T09:23:48","slug":"memoria-corpinnat","status":"publish","type":"product","link":"https:\/\/descregut.com\/es\/producte\/memoria-corpinnat\/","title":{"rendered":"Mem\u00f2ria Corpinnat"},"content":{"rendered":"<h2>Brut Nature 2018<\/h2>\n<p>Este espumoso de calidad, elaborado con xarel\u00b7lo y macabeu de vi\u00f1as viejas, es el resultado excepcional de m\u00e1s de 60 meses de crianza y es el acompa\u00f1amiento perfecto para la mejor de las experiencias gastron\u00f3micas. Elaboraci\u00f3n propia completa con uvas propias.<\/p>\n","protected":false},"excerpt":{"rendered":"<p>Botella 75 cl<br \/>\nBrut Nature Larga Reserva | 2018<\/p>\n","protected":false},"featured_media":1442,"comment_status":"open","ping_status":"closed","template":"","meta":{"_acf_changed":false,"_et_pb_use_builder":"","_et_pb_old_content":"","_et_gb_content_width":""},"product_brand":[],"product_cat":[59],"product_tag":[72],"class_list":{"0":"post-2325","1":"product","2":"type-product","3":"status-publish","4":"has-post-thumbnail","6":"product_cat-espumosos","7":"product_tag-corpinnat","9":"first","10":"instock","11":"taxable","12":"shipping-taxable","13":"purchasable","14":"product-type-simple"},"acf":[],"_links":{"self":[{"href":"https:\/\/descregut.com\/es\/wp-json\/wp\/v2\/product\/2325","targetHints":{"allow":["GET"]}}],"collection":[{"href":"https:\/\/descregut.com\/es\/wp-json\/wp\/v2\/product"}],"about":[{"href":"https:\/\/descregut.com\/es\/wp-json\/wp\/v2\/types\/product"}],"replies":[{"embeddable":true,"href":"https:\/\/descregut.com\/es\/wp-json\/wp\/v2\/comments?post=2325"}],"wp:featuredmedia":[{"embeddable":true,"href":"https:\/\/descregut.com\/es\/wp-json\/wp\/v2\/media\/1442"}],"wp:attachment":[{"href":"https:\/\/descregut.com\/es\/wp-json\/wp\/v2\/media?parent=2325"}],"wp:term":[{"taxonomy":"product_brand","embeddable":true,"href":"https:\/\/descregut.com\/es\/wp-json\/wp\/v2\/product_brand?post=2325"},{"taxonomy":"product_cat","embeddable":true,"href":"https:\/\/descregut.com\/es\/wp-json\/wp\/v2\/product_cat?post=2325"},{"taxonomy":"product_tag","embeddable":true,"href":"https:\/\/descregut.com\/es\/wp-json\/wp\/v2\/product_tag?post=2325"}],"curies":[{"name":"wp","href":"https:\/\/api.w.org\/{rel}","templated":true}]}}